{"id":6869,"date":"2025-05-17T18:17:51","date_gmt":"2025-05-17T16:17:51","guid":{"rendered":"https:\/\/eba.hmy.temporary.site\/prodotto\/complete-me-patches-2\/"},"modified":"2026-04-17T04:02:48","modified_gmt":"2026-04-17T02:02:48","slug":"vollstandige-mich-patches-2","status":"publish","type":"product","link":"https:\/\/unitedpets.com\/de\/prodotto\/complete-me-patches-2\/","title":{"rendered":"Patches decorative per guinzaglieria &#8211; Complete Me"},"content":{"rendered":"<h3>\u00a0Patches decorative per guinzaglieria &#8211; Complete Me<\/h3>\n<p>Set mit 3 dekorativen Leinenaufn\u00e4hern, um Ihr Zubeh\u00f6r zu versch\u00f6nern. Die Aufn\u00e4her sind mit einem Klettverschluss versehen und k\u00f6nnen an Leinen und Geschirren aus der Complete Me-Linie angebracht werden. Jede Packung enth\u00e4lt ein United Pets-Logo, ein Herz und die Worte \u201cLove\u201d. Stellen Sie Ihr eigenes Zubeh\u00f6rset zusammen! Die Complete Me Linie besteht aus einem Halsband, einer Leine, einem Geschirr, einem Spender, einem Twilly und dekorativen Aufn\u00e4hern. W\u00e4hlen Sie Ihr Lieblingsmuster oder kombinieren Sie die verschiedenen Muster, um Ihren Stil und den Ihres Haustiers zum Ausdruck zu bringen.<\/p>","protected":false},"excerpt":{"rendered":"<p><a href=\"https:\/\/unitedpets.com\/de\/produkt\/vollstandige-mich-patches-2\/\">Complete Me Patches<\/a> decorative per guinzaglieria \u00e8 un set di accessori pensato per personalizzare e rendere unici i prodotti della linea Complete Me, aggiungendo un tocco di stile e creativit\u00e0 alla guinzaglieria del tuo cane. Realizzati da <a href=\"https:\/\/www.instagram.com\/unitedpets\/\">United Pets<\/a>, questi patch decorativi trasformano collari, guinzagli e pettorine in elementi distintivi che esprimono la personalit\u00e0 del pet e del proprietario<\/p>","protected":false},"featured_media":8376,"comment_status":"closed","ping_status":"closed","template":"","meta":[],"product_brand":[],"product_cat":[390],"product_tag":[],"discount-clusters":[387],"collezioni":[332,333],"eco-friendly":[],"animal-type":[272],"designer":[277],"stagionalita":[],"class_list":{"0":"post-6869","1":"product","2":"type-product","3":"status-publish","4":"has-post-thumbnail","6":"product_cat-outlet","7":"discount-clusters-387","8":"collezioni-gcm","9":"collezioni-ld","10":"animal-type-cane","11":"designer-gianfranco-primiceri","13":"first","14":"instock","15":"sale","16":"shipping-taxable","17":"purchasable","18":"product-type-simple"},"_links":{"self":[{"href":"https:\/\/unitedpets.com\/de\/wp-json\/wp\/v2\/product\/6869","targetHints":{"allow":["GET"]}}],"collection":[{"href":"https:\/\/unitedpets.com\/de\/wp-json\/wp\/v2\/product"}],"about":[{"href":"https:\/\/unitedpets.com\/de\/wp-json\/wp\/v2\/types\/product"}],"replies":[{"embeddable":true,"href":"https:\/\/unitedpets.com\/de\/wp-json\/wp\/v2\/comments?post=6869"}],"wp:featuredmedia":[{"embeddable":true,"href":"https:\/\/unitedpets.com\/de\/wp-json\/wp\/v2\/media\/8376"}],"wp:attachment":[{"href":"https:\/\/unitedpets.com\/de\/wp-json\/wp\/v2\/media?parent=6869"}],"wp:term":[{"taxonomy":"product_brand","embeddable":true,"href":"https:\/\/unitedpets.com\/de\/wp-json\/wp\/v2\/product_brand?post=6869"},{"taxonomy":"product_cat","embeddable":true,"href":"https:\/\/unitedpets.com\/de\/wp-json\/wp\/v2\/product_cat?post=6869"},{"taxonomy":"product_tag","embeddable":true,"href":"https:\/\/unitedpets.com\/de\/wp-json\/wp\/v2\/product_tag?post=6869"},{"taxonomy":"discount-clusters","embeddable":true,"href":"https:\/\/unitedpets.com\/de\/wp-json\/wp\/v2\/discount-clusters?post=6869"},{"taxonomy":"collezioni","embeddable":true,"href":"https:\/\/unitedpets.com\/de\/wp-json\/wp\/v2\/collezioni?post=6869"},{"taxonomy":"eco-friendly","embeddable":true,"href":"https:\/\/unitedpets.com\/de\/wp-json\/wp\/v2\/eco-friendly?post=6869"},{"taxonomy":"animal-type","embeddable":true,"href":"https:\/\/unitedpets.com\/de\/wp-json\/wp\/v2\/animal-type?post=6869"},{"taxonomy":"designer","embeddable":true,"href":"https:\/\/unitedpets.com\/de\/wp-json\/wp\/v2\/designer?post=6869"},{"taxonomy":"stagionalita","embeddable":true,"href":"https:\/\/unitedpets.com\/de\/wp-json\/wp\/v2\/stagionalita?post=6869"}],"curies":[{"name":"wp","href":"https:\/\/api.w.org\/{rel}","templated":true}]}}