{"id":6872,"date":"2025-05-17T18:18:02","date_gmt":"2025-05-17T16:18:02","guid":{"rendered":"https:\/\/eba.hmy.temporary.site\/prodotto\/gurgle\/"},"modified":"2026-04-29T08:03:19","modified_gmt":"2026-04-29T06:03:19","slug":"gurgeln","status":"publish","type":"product","link":"https:\/\/unitedpets.com\/de\/prodotto\/gurgle\/","title":{"rendered":"Silikon-Trinknapf f\u00fcr Katzen \u201eGurgle\u201c"},"content":{"rendered":"<h3>Silikon-Trinknapf f\u00fcr Katzen \u201eGurgle\u201c<\/h3>\n<p>Gurgle ungiftige Silikon-Trinkflasche. Sie l\u00e4sst das Wasser sanft flie\u00dfen und l\u00e4dt die Katze zum Trinken ein. Gurgle ist f\u00fcr jedes Wasserhahnmodell geeignet.<\/p>","protected":false},"excerpt":{"rendered":"<p>Il beverino in silicone<a href=\"https:\/\/unitedpets.com\/de\/produkt\/gurgeln\/\"> per gatti Gurgle<\/a> \u00e8 l\u2019accessorio ideale per garantire al tuo gatto un approvvigionamento d\u2019acqua sempre fresco e sicuro. Realizzato in silicone atossico, <a href=\"https:\/\/www.instagram.com\/unitedpets\/\">Gurgeln<\/a> combina praticit\u00e0, sicurezza e design intelligente, favorendo l\u2019idratazione quotidiana del tuo animale domestico in modo semplice e naturale.<\/p>","protected":false},"featured_media":8591,"comment_status":"closed","ping_status":"closed","template":"","meta":[],"product_brand":[],"product_cat":[56,84,86],"product_tag":[],"discount-clusters":[],"collezioni":[],"eco-friendly":[],"animal-type":[273],"designer":[316],"stagionalita":[],"class_list":{"0":"post-6872","1":"product","2":"type-product","3":"status-publish","4":"has-post-thumbnail","6":"product_cat-gatto","7":"product_cat-casa-gatto","8":"product_cat-ciotole-e-accessori-casa-gatto","9":"animal-type-gatto","10":"designer-carlo-dameno-e-elena-rausse","12":"first","13":"instock","14":"shipping-taxable","15":"purchasable","16":"product-type-simple"},"_links":{"self":[{"href":"https:\/\/unitedpets.com\/de\/wp-json\/wp\/v2\/product\/6872","targetHints":{"allow":["GET"]}}],"collection":[{"href":"https:\/\/unitedpets.com\/de\/wp-json\/wp\/v2\/product"}],"about":[{"href":"https:\/\/unitedpets.com\/de\/wp-json\/wp\/v2\/types\/product"}],"replies":[{"embeddable":true,"href":"https:\/\/unitedpets.com\/de\/wp-json\/wp\/v2\/comments?post=6872"}],"wp:featuredmedia":[{"embeddable":true,"href":"https:\/\/unitedpets.com\/de\/wp-json\/wp\/v2\/media\/8591"}],"wp:attachment":[{"href":"https:\/\/unitedpets.com\/de\/wp-json\/wp\/v2\/media?parent=6872"}],"wp:term":[{"taxonomy":"product_brand","embeddable":true,"href":"https:\/\/unitedpets.com\/de\/wp-json\/wp\/v2\/product_brand?post=6872"},{"taxonomy":"product_cat","embeddable":true,"href":"https:\/\/unitedpets.com\/de\/wp-json\/wp\/v2\/product_cat?post=6872"},{"taxonomy":"product_tag","embeddable":true,"href":"https:\/\/unitedpets.com\/de\/wp-json\/wp\/v2\/product_tag?post=6872"},{"taxonomy":"discount-clusters","embeddable":true,"href":"https:\/\/unitedpets.com\/de\/wp-json\/wp\/v2\/discount-clusters?post=6872"},{"taxonomy":"collezioni","embeddable":true,"href":"https:\/\/unitedpets.com\/de\/wp-json\/wp\/v2\/collezioni?post=6872"},{"taxonomy":"eco-friendly","embeddable":true,"href":"https:\/\/unitedpets.com\/de\/wp-json\/wp\/v2\/eco-friendly?post=6872"},{"taxonomy":"animal-type","embeddable":true,"href":"https:\/\/unitedpets.com\/de\/wp-json\/wp\/v2\/animal-type?post=6872"},{"taxonomy":"designer","embeddable":true,"href":"https:\/\/unitedpets.com\/de\/wp-json\/wp\/v2\/designer?post=6872"},{"taxonomy":"stagionalita","embeddable":true,"href":"https:\/\/unitedpets.com\/de\/wp-json\/wp\/v2\/stagionalita?post=6872"}],"curies":[{"name":"wp","href":"https:\/\/api.w.org\/{rel}","templated":true}]}}