{"id":6883,"date":"2025-05-17T18:19:08","date_gmt":"2025-05-17T16:19:08","guid":{"rendered":"https:\/\/eba.hmy.temporary.site\/prodotto\/pillow\/"},"modified":"2026-04-13T19:03:21","modified_gmt":"2026-04-13T17:03:21","slug":"kopfkissen","status":"publish","type":"product","link":"https:\/\/unitedpets.com\/de\/prodotto\/pillow\/","title":{"rendered":"Weiches Hundekissen \u201ePillow\u201c"},"content":{"rendered":"<h3>Weiches Hundekissen \u201ePillow\u201c<\/h3>\n<p>Weiches \u201cPillow\u201d-Kissen f\u00fcr Hunde Made in Italy. Dank der dicken und weichen Polsterung kann sich Ihr Haustier sicher ausruhen. Ein praktischer Griff macht es leicht zu greifen und zu bewegen. Abnehmbarer Bezug und maschinenwaschbar bei 30\u00b0.<\/p>\n<p>Abmessungen: 60 x 100 x 15<\/p>","protected":false},"excerpt":{"rendered":"<p data-start=\"0\" data-end=\"388\">Morbido cuscino per cani <a href=\"https:\/\/unitedpets.com\/de\/produkt\/kopfkissen\/\">Kopfkissen<\/a> Made in Italy progettato per offrire il massimo comfort e un riposo profondo al tuo amico a quattro zampe, questo accessorio rappresenta la scelta ideale per chi desidera garantire al proprio cane uno spazio accogliente e rilassante dove recuperare energia durante tutta la giornata, perfetto sia per il sonno notturno che per i momenti di relax quotidiano<\/p>\n<p data-start=\"390\" data-end=\"739\">Grazie alla sua imbottitura spessa e soffice il cuscino Pillow assicura un sostegno ottimale al corpo del cane contribuendo al benessere di muscoli e articolazioni, la sua struttura \u00e8 pensata per distribuire il peso in modo uniforme offrendo una superficie confortevole che favorisce un riposo rigenerante e continuo, ideale per cani di tutte le et\u00e0<\/p>\n<p data-start=\"741\" data-end=\"1084\">Realizzato con materiali di qualit\u00e0 e cura artigianale Made in Italy questo cuscino unisce resistenza e morbidezza garantendo una lunga durata nel tempo senza rinunciare al comfort, perfetto per essere utilizzato in diversi ambienti della casa pu\u00f2 essere posizionato su pavimenti o all\u2019interno di cucce offrendo sempre un supporto confortevole<\/p>\n<p data-start=\"1086\" data-end=\"1360\">Dotato di una pratica maniglia il cuscino Pillow \u00e8 facile da spostare e trasportare permettendo di creare uno spazio dedicato al riposo del cane ovunque sia necessario, una soluzione funzionale per chi desidera un prodotto versatile e comodo da gestire nella vita quotidiana<\/p>\n<p data-start=\"1362\" data-end=\"1593\">Il rivestimento sfoderabile e lavabile in lavatrice a 30 gradi consente di mantenere il cuscino sempre pulito e igienico con estrema facilit\u00e0, rendendolo perfetto per un utilizzo frequente e prolungato nel tempo senza complicazioni<\/p>\n<p data-start=\"1595\" data-end=\"1813\">Con una misura di 60 x 100 x 15 cm il cuscino Pillow offre ampio spazio e comfort risultando ideale per cani di taglia media o grande che necessitano di una superficie ampia e accogliente dove distendersi completamente<\/p>\n<p data-start=\"1815\" data-end=\"2050\" data-is-last-node=\"\" data-is-only-node=\"\">Scegli il morbido cuscino per cani Pillow per offrire al tuo pet un\u2019esperienza di riposo superiore unendo qualit\u00e0 praticit\u00e0 e benessere in un unico prodotto pensato per migliorare la sua quotidianit\u00e0 e garantire comfort in ogni momento<\/p>","protected":false},"featured_media":9210,"comment_status":"closed","ping_status":"closed","template":"","meta":[],"product_brand":[],"product_cat":[55,63,64],"product_tag":[],"discount-clusters":[],"collezioni":[],"eco-friendly":[],"animal-type":[272],"designer":[306],"stagionalita":[],"class_list":{"0":"post-6883","1":"product","2":"type-product","3":"status-publish","4":"has-post-thumbnail","6":"product_cat-cane","7":"product_cat-casa","8":"product_cat-cucce-e-cuscini","9":"animal-type-cane","10":"designer-united-pets","12":"first","13":"instock","14":"shipping-taxable","15":"purchasable","16":"product-type-simple"},"_links":{"self":[{"href":"https:\/\/unitedpets.com\/de\/wp-json\/wp\/v2\/product\/6883","targetHints":{"allow":["GET"]}}],"collection":[{"href":"https:\/\/unitedpets.com\/de\/wp-json\/wp\/v2\/product"}],"about":[{"href":"https:\/\/unitedpets.com\/de\/wp-json\/wp\/v2\/types\/product"}],"replies":[{"embeddable":true,"href":"https:\/\/unitedpets.com\/de\/wp-json\/wp\/v2\/comments?post=6883"}],"wp:featuredmedia":[{"embeddable":true,"href":"https:\/\/unitedpets.com\/de\/wp-json\/wp\/v2\/media\/9210"}],"wp:attachment":[{"href":"https:\/\/unitedpets.com\/de\/wp-json\/wp\/v2\/media?parent=6883"}],"wp:term":[{"taxonomy":"product_brand","embeddable":true,"href":"https:\/\/unitedpets.com\/de\/wp-json\/wp\/v2\/product_brand?post=6883"},{"taxonomy":"product_cat","embeddable":true,"href":"https:\/\/unitedpets.com\/de\/wp-json\/wp\/v2\/product_cat?post=6883"},{"taxonomy":"product_tag","embeddable":true,"href":"https:\/\/unitedpets.com\/de\/wp-json\/wp\/v2\/product_tag?post=6883"},{"taxonomy":"discount-clusters","embeddable":true,"href":"https:\/\/unitedpets.com\/de\/wp-json\/wp\/v2\/discount-clusters?post=6883"},{"taxonomy":"collezioni","embeddable":true,"href":"https:\/\/unitedpets.com\/de\/wp-json\/wp\/v2\/collezioni?post=6883"},{"taxonomy":"eco-friendly","embeddable":true,"href":"https:\/\/unitedpets.com\/de\/wp-json\/wp\/v2\/eco-friendly?post=6883"},{"taxonomy":"animal-type","embeddable":true,"href":"https:\/\/unitedpets.com\/de\/wp-json\/wp\/v2\/animal-type?post=6883"},{"taxonomy":"designer","embeddable":true,"href":"https:\/\/unitedpets.com\/de\/wp-json\/wp\/v2\/designer?post=6883"},{"taxonomy":"stagionalita","embeddable":true,"href":"https:\/\/unitedpets.com\/de\/wp-json\/wp\/v2\/stagionalita?post=6883"}],"curies":[{"name":"wp","href":"https:\/\/api.w.org\/{rel}","templated":true}]}}