{"id":6884,"date":"2025-05-17T18:19:11","date_gmt":"2025-05-17T16:19:11","guid":{"rendered":"https:\/\/eba.hmy.temporary.site\/prodotto\/refill-per-minu\/"},"modified":"2026-05-07T03:03:01","modified_gmt":"2026-05-07T01:03:01","slug":"nachfullen-fur-minu","status":"publish","type":"product","link":"https:\/\/unitedpets.com\/de\/prodotto\/refill-per-minu\/","title":{"rendered":"Nachf\u00fcllpack Hygienische Beutel f\u00fcr Min\u00f9 Innenklosett"},"content":{"rendered":"<h3>Nachf\u00fcllpack Hygienische Beutel f\u00fcr Min\u00f9 Innenklosett<\/h3>\n<p>Nachf\u00fcllbare Hygienebeutel f\u00fcr das Min\u00f9-Tablett - 3 Rollen mit je 15 Beuteln.<\/p>","protected":false},"excerpt":{"rendered":"<p><a href=\"https:\/\/unitedpets.com\/de\/produkt\/nachfullen-fur-minu\/\">Refill sacchetti<\/a> igienici per lettiera coperta<a href=\"https:\/\/www.instagram.com\/unitedpets\/\"> Minu<\/a> pensati per garantire una gestione semplice e igienica della lettiera del tuo gatto, questo pratico set di ricambio consente di sostituire rapidamente i sacchetti quando necessario, mantenendo sempre pulita la vaschetta e facilitando la manutenzione quotidiana<\/p>","protected":false},"featured_media":9242,"comment_status":"closed","ping_status":"closed","template":"","meta":[],"product_brand":[],"product_cat":[56,18,91],"product_tag":[],"discount-clusters":[],"collezioni":[],"eco-friendly":[328],"animal-type":[273],"designer":[306],"stagionalita":[],"class_list":{"0":"post-6884","1":"product","2":"type-product","3":"status-publish","4":"has-post-thumbnail","6":"product_cat-gatto","7":"product_cat-igiene-gatto","8":"product_cat-vaschette-igieniche","9":"eco-friendly-yes","10":"animal-type-gatto","11":"designer-united-pets","13":"first","14":"instock","15":"shipping-taxable","16":"purchasable","17":"product-type-simple"},"_links":{"self":[{"href":"https:\/\/unitedpets.com\/de\/wp-json\/wp\/v2\/product\/6884","targetHints":{"allow":["GET"]}}],"collection":[{"href":"https:\/\/unitedpets.com\/de\/wp-json\/wp\/v2\/product"}],"about":[{"href":"https:\/\/unitedpets.com\/de\/wp-json\/wp\/v2\/types\/product"}],"replies":[{"embeddable":true,"href":"https:\/\/unitedpets.com\/de\/wp-json\/wp\/v2\/comments?post=6884"}],"wp:featuredmedia":[{"embeddable":true,"href":"https:\/\/unitedpets.com\/de\/wp-json\/wp\/v2\/media\/9242"}],"wp:attachment":[{"href":"https:\/\/unitedpets.com\/de\/wp-json\/wp\/v2\/media?parent=6884"}],"wp:term":[{"taxonomy":"product_brand","embeddable":true,"href":"https:\/\/unitedpets.com\/de\/wp-json\/wp\/v2\/product_brand?post=6884"},{"taxonomy":"product_cat","embeddable":true,"href":"https:\/\/unitedpets.com\/de\/wp-json\/wp\/v2\/product_cat?post=6884"},{"taxonomy":"product_tag","embeddable":true,"href":"https:\/\/unitedpets.com\/de\/wp-json\/wp\/v2\/product_tag?post=6884"},{"taxonomy":"discount-clusters","embeddable":true,"href":"https:\/\/unitedpets.com\/de\/wp-json\/wp\/v2\/discount-clusters?post=6884"},{"taxonomy":"collezioni","embeddable":true,"href":"https:\/\/unitedpets.com\/de\/wp-json\/wp\/v2\/collezioni?post=6884"},{"taxonomy":"eco-friendly","embeddable":true,"href":"https:\/\/unitedpets.com\/de\/wp-json\/wp\/v2\/eco-friendly?post=6884"},{"taxonomy":"animal-type","embeddable":true,"href":"https:\/\/unitedpets.com\/de\/wp-json\/wp\/v2\/animal-type?post=6884"},{"taxonomy":"designer","embeddable":true,"href":"https:\/\/unitedpets.com\/de\/wp-json\/wp\/v2\/designer?post=6884"},{"taxonomy":"stagionalita","embeddable":true,"href":"https:\/\/unitedpets.com\/de\/wp-json\/wp\/v2\/stagionalita?post=6884"}],"curies":[{"name":"wp","href":"https:\/\/api.w.org\/{rel}","templated":true}]}}