{"id":6889,"date":"2025-05-17T18:19:25","date_gmt":"2025-05-17T16:19:25","guid":{"rendered":"https:\/\/eba.hmy.temporary.site\/prodotto\/save-the-duck-impermeabile-imbottito-per-cani\/"},"modified":"2026-04-04T09:03:12","modified_gmt":"2026-04-04T07:03:12","slug":"save-the-duck-gepolsterter-mackintosh-fur-hunde","status":"publish","type":"product","link":"https:\/\/unitedpets.com\/de\/prodotto\/save-the-duck-impermeabile-imbottito-per-cani\/","title":{"rendered":"Gepolsterter Regenmantel f\u00fcr Hunde - SAVE THE DUCK x UNITED PETS"},"content":{"rendered":"<h3>Impermeabile imbottito per cani &#8211; SAVE THE DUCK x UNITED PETSTS<\/h3>\n<p>United Pets hat sich mit Save the Duck zusammengetan, um diese Reihe von M\u00e4nteln f\u00fcr Haustiere zu entwickeln. Die M\u00e4ntel sind wasserdicht und atmungsaktiv, mit ultrahochdichter Nylonpolsterung, die Feuchtigkeit absorbiert und schnell trocknet.<\/p>","protected":false},"excerpt":{"rendered":"<p><a href=\"https:\/\/unitedpets.com\/de\/produkt\/rettet-die-ente-gepolsterter-mackintosh-fur-hunde-2\/\">Jetzt kaufen<\/a> l\u2019impermeabile imbottito per cani SAVE THE DUCK x UNITED PETS \u2013 Proteggi il tuo cane in ogni condizione meteo con questo impermeabile imbottito, frutto della collaborazione SAVE THE DUCK x UNITED PETS. Impermeabile, traspirante e con imbottitura in nylon ad altissima densit\u00e0, assorbe l\u2019umidit\u00e0 e si asciuga rapidamente, garantendo comfort, calore e libert\u00e0 di movimento. Un capo innovativo e di stile, perfetto per passeggiate sotto la pioggia o giornate fredde. Non aspettare: regala al tuo cane protezione e design con l\u2019impermeabile imbottito SAVE THE DUCK x UNITED PETS!<\/p>","protected":false},"featured_media":8695,"comment_status":"closed","ping_status":"closed","template":"","meta":[],"product_brand":[],"product_cat":[390,71],"product_tag":[96],"discount-clusters":[397],"collezioni":[],"eco-friendly":[],"animal-type":[272],"designer":[278,306],"stagionalita":[114],"class_list":{"0":"post-6889","1":"product","2":"type-product","3":"status-publish","4":"has-post-thumbnail","6":"product_cat-outlet","7":"product_cat-abbigliamento","8":"product_tag-collab","9":"discount-clusters-397","10":"animal-type-cane","11":"designer-save-the-duck","12":"designer-united-pets","13":"stagionalita-save-the-duck-x-united-pets","15":"first","16":"outofstock","17":"sale","18":"shipping-taxable","19":"purchasable","20":"product-type-variable","21":"has-default-attributes"},"df_price":59,"df_sale_price":41.3,"df_regular_price":59,"df_image_link":"https:\/\/unitedpets.com\/wp-content\/uploads\/2025\/06\/UPSTD2434_00-234x300.jpg","_links":{"self":[{"href":"https:\/\/unitedpets.com\/de\/wp-json\/wp\/v2\/product\/6889","targetHints":{"allow":["GET"]}}],"collection":[{"href":"https:\/\/unitedpets.com\/de\/wp-json\/wp\/v2\/product"}],"about":[{"href":"https:\/\/unitedpets.com\/de\/wp-json\/wp\/v2\/types\/product"}],"replies":[{"embeddable":true,"href":"https:\/\/unitedpets.com\/de\/wp-json\/wp\/v2\/comments?post=6889"}],"wp:featuredmedia":[{"embeddable":true,"href":"https:\/\/unitedpets.com\/de\/wp-json\/wp\/v2\/media\/8695"}],"wp:attachment":[{"href":"https:\/\/unitedpets.com\/de\/wp-json\/wp\/v2\/media?parent=6889"}],"wp:term":[{"taxonomy":"product_brand","embeddable":true,"href":"https:\/\/unitedpets.com\/de\/wp-json\/wp\/v2\/product_brand?post=6889"},{"taxonomy":"product_cat","embeddable":true,"href":"https:\/\/unitedpets.com\/de\/wp-json\/wp\/v2\/product_cat?post=6889"},{"taxonomy":"product_tag","embeddable":true,"href":"https:\/\/unitedpets.com\/de\/wp-json\/wp\/v2\/product_tag?post=6889"},{"taxonomy":"discount-clusters","embeddable":true,"href":"https:\/\/unitedpets.com\/de\/wp-json\/wp\/v2\/discount-clusters?post=6889"},{"taxonomy":"collezioni","embeddable":true,"href":"https:\/\/unitedpets.com\/de\/wp-json\/wp\/v2\/collezioni?post=6889"},{"taxonomy":"eco-friendly","embeddable":true,"href":"https:\/\/unitedpets.com\/de\/wp-json\/wp\/v2\/eco-friendly?post=6889"},{"taxonomy":"animal-type","embeddable":true,"href":"https:\/\/unitedpets.com\/de\/wp-json\/wp\/v2\/animal-type?post=6889"},{"taxonomy":"designer","embeddable":true,"href":"https:\/\/unitedpets.com\/de\/wp-json\/wp\/v2\/designer?post=6889"},{"taxonomy":"stagionalita","embeddable":true,"href":"https:\/\/unitedpets.com\/de\/wp-json\/wp\/v2\/stagionalita?post=6889"}],"curies":[{"name":"wp","href":"https:\/\/api.w.org\/{rel}","templated":true}]}}