{"id":6956,"date":"2025-05-17T18:19:30","date_gmt":"2025-05-17T16:19:30","guid":{"rendered":"https:\/\/eba.hmy.temporary.site\/prodotto\/save-the-duck-impermeabile-imbottito-per-cani-2\/"},"modified":"2026-04-19T11:03:10","modified_gmt":"2026-04-19T09:03:10","slug":"rettet-die-ente-gepolsterter-mackintosh-fur-hunde-2","status":"publish","type":"product","link":"https:\/\/unitedpets.com\/de\/prodotto\/save-the-duck-impermeabile-imbottito-per-cani-2\/","title":{"rendered":"gepolsterter Mackintosh f\u00fcr Hunde - SAVE THE DUCK x UNITED PETS"},"content":{"rendered":"<h3>gepolsterter Mackintosh f\u00fcr Hunde - SAVE THE DUCK x UNITED PETS<\/h3>\n<p>United Pets hat sich mit Save the Duck zusammengetan, um diese Reihe von M\u00e4nteln f\u00fcr Haustiere zu entwickeln. Die M\u00e4ntel sind wasserdicht und atmungsaktiv, mit ultrahochdichter Nylonpolsterung, die Feuchtigkeit absorbiert und schnell trocknet.<\/p>","protected":false},"excerpt":{"rendered":"<p><a href=\"https:\/\/www.instagram.com\/unitedpets\/\">Impermeabile imbottito<\/a> per cani <a href=\"https:\/\/unitedpets.com\/de\/produkt\/rettet-die-ente-gepolsterter-mackintosh-fur-hunde-2\/\">Rettet die Ente x United Pets<\/a> \u00e8 un capo tecnico pensato per proteggere il tuo animale domestico da pioggia, vento e freddo, unendo funzionalit\u00e0 avanzate e design contemporaneo.<\/p>","protected":false},"featured_media":8746,"comment_status":"closed","ping_status":"closed","template":"","meta":[],"product_brand":[],"product_cat":[390,71],"product_tag":[96],"discount-clusters":[397],"collezioni":[],"eco-friendly":[],"animal-type":[272],"designer":[278,306],"stagionalita":[114],"class_list":{"0":"post-6956","1":"product","2":"type-product","3":"status-publish","4":"has-post-thumbnail","6":"product_cat-outlet","7":"product_cat-abbigliamento","8":"product_tag-collab","9":"discount-clusters-397","10":"animal-type-cane","11":"designer-save-the-duck","12":"designer-united-pets","13":"stagionalita-save-the-duck-x-united-pets","15":"first","16":"outofstock","17":"sale","18":"shipping-taxable","19":"purchasable","20":"product-type-variable","21":"has-default-attributes"},"_links":{"self":[{"href":"https:\/\/unitedpets.com\/de\/wp-json\/wp\/v2\/product\/6956","targetHints":{"allow":["GET"]}}],"collection":[{"href":"https:\/\/unitedpets.com\/de\/wp-json\/wp\/v2\/product"}],"about":[{"href":"https:\/\/unitedpets.com\/de\/wp-json\/wp\/v2\/types\/product"}],"replies":[{"embeddable":true,"href":"https:\/\/unitedpets.com\/de\/wp-json\/wp\/v2\/comments?post=6956"}],"wp:featuredmedia":[{"embeddable":true,"href":"https:\/\/unitedpets.com\/de\/wp-json\/wp\/v2\/media\/8746"}],"wp:attachment":[{"href":"https:\/\/unitedpets.com\/de\/wp-json\/wp\/v2\/media?parent=6956"}],"wp:term":[{"taxonomy":"product_brand","embeddable":true,"href":"https:\/\/unitedpets.com\/de\/wp-json\/wp\/v2\/product_brand?post=6956"},{"taxonomy":"product_cat","embeddable":true,"href":"https:\/\/unitedpets.com\/de\/wp-json\/wp\/v2\/product_cat?post=6956"},{"taxonomy":"product_tag","embeddable":true,"href":"https:\/\/unitedpets.com\/de\/wp-json\/wp\/v2\/product_tag?post=6956"},{"taxonomy":"discount-clusters","embeddable":true,"href":"https:\/\/unitedpets.com\/de\/wp-json\/wp\/v2\/discount-clusters?post=6956"},{"taxonomy":"collezioni","embeddable":true,"href":"https:\/\/unitedpets.com\/de\/wp-json\/wp\/v2\/collezioni?post=6956"},{"taxonomy":"eco-friendly","embeddable":true,"href":"https:\/\/unitedpets.com\/de\/wp-json\/wp\/v2\/eco-friendly?post=6956"},{"taxonomy":"animal-type","embeddable":true,"href":"https:\/\/unitedpets.com\/de\/wp-json\/wp\/v2\/animal-type?post=6956"},{"taxonomy":"designer","embeddable":true,"href":"https:\/\/unitedpets.com\/de\/wp-json\/wp\/v2\/designer?post=6956"},{"taxonomy":"stagionalita","embeddable":true,"href":"https:\/\/unitedpets.com\/de\/wp-json\/wp\/v2\/stagionalita?post=6956"}],"curies":[{"name":"wp","href":"https:\/\/api.w.org\/{rel}","templated":true}]}}