{"id":6965,"date":"2025-05-17T18:19:33","date_gmt":"2025-05-17T16:19:33","guid":{"rendered":"https:\/\/eba.hmy.temporary.site\/prodotto\/save-the-duck-stuoia-portatile-imbottita-per-cani\/"},"modified":"2026-04-13T11:03:29","modified_gmt":"2026-04-13T09:03:29","slug":"save-the-duck-tragbare-gepolsterte-matte-fur-hunde","status":"publish","type":"product","link":"https:\/\/unitedpets.com\/de\/prodotto\/save-the-duck-stuoia-portatile-imbottita-per-cani\/","title":{"rendered":"Stuoia portatile imbottita per cani &#8211; SAVE THE DUCK"},"content":{"rendered":"<h3>Stuoia portatile imbottita per cani &#8211; SAVE THE DUCK<\/h3>\n<p>Save the duck x United Pets: Tragbare Matte f\u00fcr den Einsatz in Notsituationen wie einem Restaurantbesuch oder einer Autofahrt mit Ihrem vierbeinigen Freund! Die Cozy Matte ist sehr leicht und kompakt. F\u00fchlt sich super weich an. Praktisch f\u00fcr unterwegs: Druckkn\u00f6pfe schlie\u00dfen die Matte, so dass sie wie eine Tasche mit einem praktischen Griff aussieht.<\/p>","protected":false},"excerpt":{"rendered":"<p data-start=\"71\" data-end=\"444\">La <a href=\"https:\/\/unitedpets.com\/de\/produkt\/save-the-duck-tragbare-gepolsterte-matte-fur-hunde\/?attribute_pa_colore=blu&amp;attribute_pa_taglia=unica\">stuoia portatile<\/a> imbottita per cani della Save The Duck x United Pets \u00e8 l\u2019accessorio perfetto per garantire al tuo cane comfort, praticit\u00e0 e stile anche fuori casa. Nata dalla collaborazione tra Save The Duck e United Pets, unisce design moderno, funzionalit\u00e0 e attenzione ai materiali, per accompagnare te e il tuo amico a quattro zampe in ogni momento della giornata.<\/p>\n<p data-start=\"446\" data-end=\"724\">Ideale per molte situazioni quotidiane, questa <a href=\"https:\/\/unitedpets.com\/de\/produkt\/save-the-duck-tragbare-gepolsterte-matte-fur-hunde\/?attribute_pa_colore=blu&amp;attribute_pa_taglia=unica\">stuoia portatile<\/a> imbottita \u00e8 perfetta da utilizzare al ristorante, durante i viaggi in auto, in vacanza o quando si \u00e8 ospiti a casa di amici. In pochi istanti puoi creare uno spazio comodo e familiare dove il tuo cane potr\u00e0 sdraiarsi e rilassarsi.<\/p>\n<p class=\"serp-title\">Stuoia portatile imbottita per cani \u00e8 cozy \u00e8 leggera, compatta e imbottita, progettata per offrire una superficie morbida e accogliente. Il tessuto \u00e8 super soft al tatto, garantendo una piacevole sensazione di comfort per il tuo cane durante il riposo.<\/p>\n<p data-start=\"964\" data-end=\"1302\">Uno dei suoi punti di forza \u00e8 la praticit\u00e0 nel trasporto: grazie ai bottoni a pressione, il tappetino si ripiega facilmente fino a trasformarsi in una comoda borsa compatta con manico integrato. Questo permette di portarlo con te senza ingombro, agganciarlo facilmente o riporlo in auto o in borsa quando non viene utilizzato.<\/p>\n<p data-start=\"1304\" data-end=\"1509\">Funzionale, elegante e facile da portare ovunque, la stuoia Save The Duck x United Pets \u00e8 pensata per chi ama viaggiare e condividere ogni esperienza con il proprio cane senza rinunciare alla comodit\u00e0.<\/p>","protected":false},"featured_media":9010,"comment_status":"closed","ping_status":"closed","template":"","meta":[],"product_brand":[],"product_cat":[55,68,67],"product_tag":[96],"discount-clusters":[],"collezioni":[],"eco-friendly":[],"animal-type":[272],"designer":[278,306],"stagionalita":[114],"class_list":{"0":"post-6965","1":"product","2":"type-product","3":"status-publish","4":"has-post-thumbnail","6":"product_cat-cane","7":"product_cat-borse-e-trasportini","8":"product_cat-viaggio-e-trasporto","9":"product_tag-collab","10":"animal-type-cane","11":"designer-save-the-duck","12":"designer-united-pets","13":"stagionalita-save-the-duck-x-united-pets","15":"first","16":"outofstock","17":"shipping-taxable","18":"purchasable","19":"product-type-variable","20":"has-default-attributes"},"_links":{"self":[{"href":"https:\/\/unitedpets.com\/de\/wp-json\/wp\/v2\/product\/6965","targetHints":{"allow":["GET"]}}],"collection":[{"href":"https:\/\/unitedpets.com\/de\/wp-json\/wp\/v2\/product"}],"about":[{"href":"https:\/\/unitedpets.com\/de\/wp-json\/wp\/v2\/types\/product"}],"replies":[{"embeddable":true,"href":"https:\/\/unitedpets.com\/de\/wp-json\/wp\/v2\/comments?post=6965"}],"wp:featuredmedia":[{"embeddable":true,"href":"https:\/\/unitedpets.com\/de\/wp-json\/wp\/v2\/media\/9010"}],"wp:attachment":[{"href":"https:\/\/unitedpets.com\/de\/wp-json\/wp\/v2\/media?parent=6965"}],"wp:term":[{"taxonomy":"product_brand","embeddable":true,"href":"https:\/\/unitedpets.com\/de\/wp-json\/wp\/v2\/product_brand?post=6965"},{"taxonomy":"product_cat","embeddable":true,"href":"https:\/\/unitedpets.com\/de\/wp-json\/wp\/v2\/product_cat?post=6965"},{"taxonomy":"product_tag","embeddable":true,"href":"https:\/\/unitedpets.com\/de\/wp-json\/wp\/v2\/product_tag?post=6965"},{"taxonomy":"discount-clusters","embeddable":true,"href":"https:\/\/unitedpets.com\/de\/wp-json\/wp\/v2\/discount-clusters?post=6965"},{"taxonomy":"collezioni","embeddable":true,"href":"https:\/\/unitedpets.com\/de\/wp-json\/wp\/v2\/collezioni?post=6965"},{"taxonomy":"eco-friendly","embeddable":true,"href":"https:\/\/unitedpets.com\/de\/wp-json\/wp\/v2\/eco-friendly?post=6965"},{"taxonomy":"animal-type","embeddable":true,"href":"https:\/\/unitedpets.com\/de\/wp-json\/wp\/v2\/animal-type?post=6965"},{"taxonomy":"designer","embeddable":true,"href":"https:\/\/unitedpets.com\/de\/wp-json\/wp\/v2\/designer?post=6965"},{"taxonomy":"stagionalita","embeddable":true,"href":"https:\/\/unitedpets.com\/de\/wp-json\/wp\/v2\/stagionalita?post=6965"}],"curies":[{"name":"wp","href":"https:\/\/api.w.org\/{rel}","templated":true}]}}