{"id":6970,"date":"2025-05-17T18:19:37","date_gmt":"2025-05-17T16:19:37","guid":{"rendered":"https:\/\/eba.hmy.temporary.site\/prodotto\/seletti-ciotola-doggymood\/"},"modified":"2026-04-19T12:03:08","modified_gmt":"2026-04-19T10:03:08","slug":"seletti-doggymood-schussel","status":"publish","type":"product","link":"https:\/\/unitedpets.com\/de\/prodotto\/seletti-ciotola-doggymood\/","title":{"rendered":"Ciotola Doggymood &#8211; Seletti"},"content":{"rendered":"<h3>Ciotola &#8220;Doggymood&#8221; &#8211; Seletti<\/h3>\n<p>Schale aus polierter Keramik. Keramik ist ein hygienisches Material, das leicht zu reinigen ist und keine Lebensmittelger\u00fcche aufnimmt. Das Gewicht der Schale macht sie \u00e4u\u00dferst stabil. Sp\u00fclmaschinenfest.<\/p>","protected":false},"excerpt":{"rendered":"<p><a href=\"https:\/\/unitedpets.com\/de\/produkt\/seletti-doggymood-schussel\/\">Ciotola DoggyMood Seletti<\/a> \u00e8 un accessorio per animali domestici che unisce design creativo, funzionalit\u00e0 e materiali di alta qualit\u00e0, pensato per rendere il momento della pappa pi\u00f9 piacevole, igienico e stilisticamente ricercato.<\/p>","protected":false},"featured_media":9041,"comment_status":"closed","ping_status":"closed","template":"","meta":[],"product_brand":[],"product_cat":[55,63,65],"product_tag":[96],"discount-clusters":[],"collezioni":[333],"eco-friendly":[],"animal-type":[272],"designer":[275,306],"stagionalita":[115],"class_list":{"0":"post-6970","1":"product","2":"type-product","3":"status-publish","4":"has-post-thumbnail","6":"product_cat-cane","7":"product_cat-casa","8":"product_cat-ciotole-e-accessori","9":"product_tag-collab","10":"collezioni-ld","11":"animal-type-cane","12":"designer-seletti","13":"designer-united-pets","14":"stagionalita-pets-revolution","16":"first","17":"instock","18":"shipping-taxable","19":"purchasable","20":"product-type-simple"},"_links":{"self":[{"href":"https:\/\/unitedpets.com\/de\/wp-json\/wp\/v2\/product\/6970","targetHints":{"allow":["GET"]}}],"collection":[{"href":"https:\/\/unitedpets.com\/de\/wp-json\/wp\/v2\/product"}],"about":[{"href":"https:\/\/unitedpets.com\/de\/wp-json\/wp\/v2\/types\/product"}],"replies":[{"embeddable":true,"href":"https:\/\/unitedpets.com\/de\/wp-json\/wp\/v2\/comments?post=6970"}],"wp:featuredmedia":[{"embeddable":true,"href":"https:\/\/unitedpets.com\/de\/wp-json\/wp\/v2\/media\/9041"}],"wp:attachment":[{"href":"https:\/\/unitedpets.com\/de\/wp-json\/wp\/v2\/media?parent=6970"}],"wp:term":[{"taxonomy":"product_brand","embeddable":true,"href":"https:\/\/unitedpets.com\/de\/wp-json\/wp\/v2\/product_brand?post=6970"},{"taxonomy":"product_cat","embeddable":true,"href":"https:\/\/unitedpets.com\/de\/wp-json\/wp\/v2\/product_cat?post=6970"},{"taxonomy":"product_tag","embeddable":true,"href":"https:\/\/unitedpets.com\/de\/wp-json\/wp\/v2\/product_tag?post=6970"},{"taxonomy":"discount-clusters","embeddable":true,"href":"https:\/\/unitedpets.com\/de\/wp-json\/wp\/v2\/discount-clusters?post=6970"},{"taxonomy":"collezioni","embeddable":true,"href":"https:\/\/unitedpets.com\/de\/wp-json\/wp\/v2\/collezioni?post=6970"},{"taxonomy":"eco-friendly","embeddable":true,"href":"https:\/\/unitedpets.com\/de\/wp-json\/wp\/v2\/eco-friendly?post=6970"},{"taxonomy":"animal-type","embeddable":true,"href":"https:\/\/unitedpets.com\/de\/wp-json\/wp\/v2\/animal-type?post=6970"},{"taxonomy":"designer","embeddable":true,"href":"https:\/\/unitedpets.com\/de\/wp-json\/wp\/v2\/designer?post=6970"},{"taxonomy":"stagionalita","embeddable":true,"href":"https:\/\/unitedpets.com\/de\/wp-json\/wp\/v2\/stagionalita?post=6970"}],"curies":[{"name":"wp","href":"https:\/\/api.w.org\/{rel}","templated":true}]}}