{"id":6974,"date":"2025-05-17T18:19:50","date_gmt":"2025-05-17T16:19:50","guid":{"rendered":"https:\/\/eba.hmy.temporary.site\/prodotto\/seletti-set-cuccia-doggy-mood\/"},"modified":"2026-04-10T15:03:01","modified_gmt":"2026-04-10T13:03:01","slug":"seletti-hundezwinger-set","status":"publish","type":"product","link":"https:\/\/unitedpets.com\/de\/prodotto\/seletti-set-cuccia-doggy-mood\/","title":{"rendered":"Set aus weichem Hundebett und Unterlage \u201eDoggy Mood\u201c \u2013 Seletti"},"content":{"rendered":"<h3>Set aus weichem Hundebett und Unterlage \u201eDoggy Mood\u201c \u2013 Seletti<\/h3>\n<p>Weiches Zwinger- und Untersetzer-Mattenset. Zwinger mit gepolstertem R\u00fccken und rutschfestem Boden. Rahmen und Kissen sind abnehmbar und bei 30\u00b0C in der Maschine waschbar. Unterlegmatte mit passendem Aufdruck, wasserdicht und mit rutschfestem Boden.<\/p>","protected":false},"excerpt":{"rendered":"<p>Il <a href=\"https:\/\/unitedpets.com\/de\/produkt\/seletti-hundezwinger-set\/\">set cuccia Doggy Mood<\/a> di Seletti \u00e8 la soluzione ideale per chi desidera una cuccia per cani confortevole funzionale e dal design moderno pensata per garantire il massimo benessere al tuo animale domestico e allo stesso tempo valorizzare l\u2019arredamento di casa.<\/p>\n<p>Questo set include una <strong>cuccia morbida<\/strong> con schienale imbottito che offre un sostegno avvolgente e un cuscino interno soffice perfetto per il riposo quotidiano la struttura \u00e8 dotata di fondo antiscivolo per assicurare stabilit\u00e0 su qualsiasi superficie mentre i materiali di qualit\u00e0 garantiscono durata nel tempo sia la cuccia che il cuscino sono completamente sfoderabili e lavabili in lavatrice a 30 gradi, rendendo la manutenzione semplice e veloce il tappetino coordinato completa il set con una funzione protettiva grazie alla sua superficie impermeabile e al fondo antiscivolo ideale per proteggere il pavimento da sporco umidit\u00e0 e peli.<\/p>\n<p>la stampa abbinata dona un tocco decorativo contemporaneo perfetto per ambienti moderni questo set \u00e8 perfetto per cani di piccola e media taglia ed \u00e8 pensato per chi cerca una cuccia per cani di design comoda pratica e facile da pulire<\/p>","protected":false},"featured_media":9061,"comment_status":"closed","ping_status":"closed","template":"","meta":[],"product_brand":[],"product_cat":[55,63,64],"product_tag":[96],"discount-clusters":[],"collezioni":[333],"eco-friendly":[],"animal-type":[272],"designer":[275,306],"stagionalita":[115],"class_list":{"0":"post-6974","1":"product","2":"type-product","3":"status-publish","4":"has-post-thumbnail","6":"product_cat-cane","7":"product_cat-casa","8":"product_cat-cucce-e-cuscini","9":"product_tag-collab","10":"collezioni-ld","11":"animal-type-cane","12":"designer-seletti","13":"designer-united-pets","14":"stagionalita-pets-revolution","16":"first","17":"instock","18":"shipping-taxable","19":"purchasable","20":"product-type-simple"},"df_price":247,"df_sale_price":"","df_regular_price":247,"df_image_link":"https:\/\/unitedpets.com\/wp-content\/uploads\/2025\/06\/SE5102DM_00-227x300.jpg","_links":{"self":[{"href":"https:\/\/unitedpets.com\/de\/wp-json\/wp\/v2\/product\/6974","targetHints":{"allow":["GET"]}}],"collection":[{"href":"https:\/\/unitedpets.com\/de\/wp-json\/wp\/v2\/product"}],"about":[{"href":"https:\/\/unitedpets.com\/de\/wp-json\/wp\/v2\/types\/product"}],"replies":[{"embeddable":true,"href":"https:\/\/unitedpets.com\/de\/wp-json\/wp\/v2\/comments?post=6974"}],"wp:featuredmedia":[{"embeddable":true,"href":"https:\/\/unitedpets.com\/de\/wp-json\/wp\/v2\/media\/9061"}],"wp:attachment":[{"href":"https:\/\/unitedpets.com\/de\/wp-json\/wp\/v2\/media?parent=6974"}],"wp:term":[{"taxonomy":"product_brand","embeddable":true,"href":"https:\/\/unitedpets.com\/de\/wp-json\/wp\/v2\/product_brand?post=6974"},{"taxonomy":"product_cat","embeddable":true,"href":"https:\/\/unitedpets.com\/de\/wp-json\/wp\/v2\/product_cat?post=6974"},{"taxonomy":"product_tag","embeddable":true,"href":"https:\/\/unitedpets.com\/de\/wp-json\/wp\/v2\/product_tag?post=6974"},{"taxonomy":"discount-clusters","embeddable":true,"href":"https:\/\/unitedpets.com\/de\/wp-json\/wp\/v2\/discount-clusters?post=6974"},{"taxonomy":"collezioni","embeddable":true,"href":"https:\/\/unitedpets.com\/de\/wp-json\/wp\/v2\/collezioni?post=6974"},{"taxonomy":"eco-friendly","embeddable":true,"href":"https:\/\/unitedpets.com\/de\/wp-json\/wp\/v2\/eco-friendly?post=6974"},{"taxonomy":"animal-type","embeddable":true,"href":"https:\/\/unitedpets.com\/de\/wp-json\/wp\/v2\/animal-type?post=6974"},{"taxonomy":"designer","embeddable":true,"href":"https:\/\/unitedpets.com\/de\/wp-json\/wp\/v2\/designer?post=6974"},{"taxonomy":"stagionalita","embeddable":true,"href":"https:\/\/unitedpets.com\/de\/wp-json\/wp\/v2\/stagionalita?post=6974"}],"curies":[{"name":"wp","href":"https:\/\/api.w.org\/{rel}","templated":true}]}}