{"id":6978,"date":"2025-05-17T18:20:26","date_gmt":"2025-05-17T16:20:26","guid":{"rendered":"https:\/\/eba.hmy.temporary.site\/prodotto\/seletti-tappetino-sottociotola-doggymood\/"},"modified":"2026-04-10T20:02:48","modified_gmt":"2026-04-10T18:02:48","slug":"seletti-doggymood-unterlegmatte","status":"publish","type":"product","link":"https:\/\/unitedpets.com\/de\/prodotto\/seletti-tappetino-sottociotola-doggymood\/","title":{"rendered":"Tappetino sottociotola &#8220;Doggymood&#8221; &#8211; Seletti"},"content":{"rendered":"<h3>Tappetino sottociotola &#8220;Doggymood&#8221; &#8211; Seletti<\/h3>\n<p>Seletti und United Pets vereinen ihre Kr\u00e4fte, um eine revolution\u00e4re Kollektion f\u00fcr Vierbeiner zu schaffen. Zwinger- und Unterlegmatte, Napf und Unterlage in vier originellen Mustern: Malediven, Les Alpes, New York, DoggyMood. Welches ist Ihr Favorit?<\/p>","protected":false},"excerpt":{"rendered":"<p data-start=\"0\" data-end=\"252\">Il tappetino<a href=\"https:\/\/unitedpets.com\/de\/produkt\/seletti-doggymood-unterlegmatte\/\"> sottociotola <strong data-start=\"26\" data-end=\"39\">Doggymood<\/strong><\/a> nasce dalla collaborazione tra <strong data-start=\"71\" data-end=\"82\">Seletti<\/strong> e <strong data-start=\"85\" data-end=\"100\">United Pets<\/strong>, unendo stile e funzionalit\u00e0 in una collezione dedicata agli amici a quattro zampe pensata per rendere il momento del pasto pi\u00f9 ordinato e divertente<\/p>\n<p data-start=\"254\" data-end=\"466\">Questo tappetino protegge il pavimento da fuoriuscite di cibo e acqua e allo stesso tempo aggiunge un tocco di design alla zona dedicata al tuo animale domestico, rendendo ogni pasto pi\u00f9 piacevole e organizzato<\/p>\n<p data-start=\"468\" data-end=\"690\">La collezione propone quattro fantasie originali e vivaci \u2014 Maldive, Les Alpes, New York e DoggyMood \u2014 permettendo di scegliere lo stile che meglio si abbina alla tua casa e alla personalit\u00e0 del tuo amico a quattro zampe<\/p>\n<p data-start=\"692\" data-end=\"888\">Oltre a essere pratica e facile da pulire, questa linea di accessori combina estetica e funzionalit\u00e0, trasformando ogni pasto in un\u2019esperienza stilosa e divertente per te e per il tuo animale<\/p>","protected":false},"featured_media":9077,"comment_status":"closed","ping_status":"closed","template":"","meta":[],"product_brand":[],"product_cat":[55,63,65],"product_tag":[96],"discount-clusters":[],"collezioni":[333],"eco-friendly":[],"animal-type":[272],"designer":[275,306],"stagionalita":[115],"class_list":{"0":"post-6978","1":"product","2":"type-product","3":"status-publish","4":"has-post-thumbnail","6":"product_cat-cane","7":"product_cat-casa","8":"product_cat-ciotole-e-accessori","9":"product_tag-collab","10":"collezioni-ld","11":"animal-type-cane","12":"designer-seletti","13":"designer-united-pets","14":"stagionalita-pets-revolution","16":"first","17":"instock","18":"shipping-taxable","19":"purchasable","20":"product-type-simple"},"_links":{"self":[{"href":"https:\/\/unitedpets.com\/de\/wp-json\/wp\/v2\/product\/6978","targetHints":{"allow":["GET"]}}],"collection":[{"href":"https:\/\/unitedpets.com\/de\/wp-json\/wp\/v2\/product"}],"about":[{"href":"https:\/\/unitedpets.com\/de\/wp-json\/wp\/v2\/types\/product"}],"replies":[{"embeddable":true,"href":"https:\/\/unitedpets.com\/de\/wp-json\/wp\/v2\/comments?post=6978"}],"wp:featuredmedia":[{"embeddable":true,"href":"https:\/\/unitedpets.com\/de\/wp-json\/wp\/v2\/media\/9077"}],"wp:attachment":[{"href":"https:\/\/unitedpets.com\/de\/wp-json\/wp\/v2\/media?parent=6978"}],"wp:term":[{"taxonomy":"product_brand","embeddable":true,"href":"https:\/\/unitedpets.com\/de\/wp-json\/wp\/v2\/product_brand?post=6978"},{"taxonomy":"product_cat","embeddable":true,"href":"https:\/\/unitedpets.com\/de\/wp-json\/wp\/v2\/product_cat?post=6978"},{"taxonomy":"product_tag","embeddable":true,"href":"https:\/\/unitedpets.com\/de\/wp-json\/wp\/v2\/product_tag?post=6978"},{"taxonomy":"discount-clusters","embeddable":true,"href":"https:\/\/unitedpets.com\/de\/wp-json\/wp\/v2\/discount-clusters?post=6978"},{"taxonomy":"collezioni","embeddable":true,"href":"https:\/\/unitedpets.com\/de\/wp-json\/wp\/v2\/collezioni?post=6978"},{"taxonomy":"eco-friendly","embeddable":true,"href":"https:\/\/unitedpets.com\/de\/wp-json\/wp\/v2\/eco-friendly?post=6978"},{"taxonomy":"animal-type","embeddable":true,"href":"https:\/\/unitedpets.com\/de\/wp-json\/wp\/v2\/animal-type?post=6978"},{"taxonomy":"designer","embeddable":true,"href":"https:\/\/unitedpets.com\/de\/wp-json\/wp\/v2\/designer?post=6978"},{"taxonomy":"stagionalita","embeddable":true,"href":"https:\/\/unitedpets.com\/de\/wp-json\/wp\/v2\/stagionalita?post=6978"}],"curies":[{"name":"wp","href":"https:\/\/api.w.org\/{rel}","templated":true}]}}