{"id":9365,"date":"2025-06-20T23:52:42","date_gmt":"2025-06-20T21:52:42","guid":{"rendered":"https:\/\/eba.hmy.temporary.site\/?post_type=product&#038;p=9365"},"modified":"2026-03-27T12:16:26","modified_gmt":"2026-03-27T11:16:26","slug":"fast-fit-latzchen","status":"publish","type":"product","link":"https:\/\/unitedpets.com\/de\/prodotto\/pettorina-fast-fit-kit\/","title":{"rendered":"CityLife Hundeleinen\u2011Set f\u00fcr Hunde"},"content":{"rendered":"<h3>CityLife Hundeleinen\u2011Set f\u00fcr Hunde<\/h3>\n<p>Stellen Sie Ihr perfektes Set mit dem Citylife-Leinen-Set zusammen, das f\u00fcr Sie und Ihr Haustier entwickelt wurde. Jedes Produkt ist aus recyceltem Polyester (RPET) hergestellt, einer nachhaltigen, weichen und langlebigen L\u00f6sung, die Ihrem Hund maximalen Komfort und Ihnen einen Hauch von Eleganz bietet. Das CityLife-Set ist ein Doppelset, ideal f\u00fcr Mensch und Hund, und dank des waschbaren Stoffes leicht zu pflegen. Erh\u00e4ltlich in vier stilvollen Farben, kombiniert dieses Set Nachhaltigkeit und Funktionalit\u00e4t f\u00fcr jedes Stadtabenteuer.<\/p>","protected":false},"excerpt":{"rendered":"<p>Crea il tuo set perfetto con il <a href=\"https:\/\/unitedpets.com\/de\/produkt\/fast-fit-latzchen\/\">set guinzaglieria Citylife,<\/a> pensata per te e per il tuo pet. Ogni prodotto \u00e8 realizzato in poliestere riciclato (RPET), una soluzione sostenibile, morbida e resistente che garantisce il massimo comfort per il tuo cane e un tocco di eleganza per te. Il set CityLife \u00e8 duale, ideale per umani e cani, ed \u00e8 facile da mantenere grazie al tessuto lavabile. Disponibile in quattro colori eleganti, questo set unisce sostenibilit\u00e0 e praticit\u00e0 per ogni avventura in citt\u00e0.<\/p>\n<p>&nbsp;<\/p>\n<p>&nbsp;<\/p>","protected":false},"featured_media":9366,"comment_status":"closed","ping_status":"closed","template":"","meta":[],"product_brand":[],"product_cat":[55,80,81],"product_tag":[],"discount-clusters":[],"collezioni":[],"eco-friendly":[],"animal-type":[272],"designer":[306],"stagionalita":[],"class_list":{"0":"post-9365","1":"product","2":"type-product","3":"status-publish","4":"has-post-thumbnail","6":"product_cat-cane","7":"product_cat-kit","8":"product_cat-kit-passeggio","9":"animal-type-cane","10":"designer-united-pets","12":"first","13":"outofstock","14":"shipping-taxable","15":"purchasable","16":"product-type-yith_bundle"},"_links":{"self":[{"href":"https:\/\/unitedpets.com\/de\/wp-json\/wp\/v2\/product\/9365","targetHints":{"allow":["GET"]}}],"collection":[{"href":"https:\/\/unitedpets.com\/de\/wp-json\/wp\/v2\/product"}],"about":[{"href":"https:\/\/unitedpets.com\/de\/wp-json\/wp\/v2\/types\/product"}],"replies":[{"embeddable":true,"href":"https:\/\/unitedpets.com\/de\/wp-json\/wp\/v2\/comments?post=9365"}],"wp:featuredmedia":[{"embeddable":true,"href":"https:\/\/unitedpets.com\/de\/wp-json\/wp\/v2\/media\/9366"}],"wp:attachment":[{"href":"https:\/\/unitedpets.com\/de\/wp-json\/wp\/v2\/media?parent=9365"}],"wp:term":[{"taxonomy":"product_brand","embeddable":true,"href":"https:\/\/unitedpets.com\/de\/wp-json\/wp\/v2\/product_brand?post=9365"},{"taxonomy":"product_cat","embeddable":true,"href":"https:\/\/unitedpets.com\/de\/wp-json\/wp\/v2\/product_cat?post=9365"},{"taxonomy":"product_tag","embeddable":true,"href":"https:\/\/unitedpets.com\/de\/wp-json\/wp\/v2\/product_tag?post=9365"},{"taxonomy":"discount-clusters","embeddable":true,"href":"https:\/\/unitedpets.com\/de\/wp-json\/wp\/v2\/discount-clusters?post=9365"},{"taxonomy":"collezioni","embeddable":true,"href":"https:\/\/unitedpets.com\/de\/wp-json\/wp\/v2\/collezioni?post=9365"},{"taxonomy":"eco-friendly","embeddable":true,"href":"https:\/\/unitedpets.com\/de\/wp-json\/wp\/v2\/eco-friendly?post=9365"},{"taxonomy":"animal-type","embeddable":true,"href":"https:\/\/unitedpets.com\/de\/wp-json\/wp\/v2\/animal-type?post=9365"},{"taxonomy":"designer","embeddable":true,"href":"https:\/\/unitedpets.com\/de\/wp-json\/wp\/v2\/designer?post=9365"},{"taxonomy":"stagionalita","embeddable":true,"href":"https:\/\/unitedpets.com\/de\/wp-json\/wp\/v2\/stagionalita?post=9365"}],"curies":[{"name":"wp","href":"https:\/\/api.w.org\/{rel}","templated":true}]}}