{"id":9372,"date":"2025-06-20T23:59:02","date_gmt":"2025-06-20T21:59:02","guid":{"rendered":"https:\/\/eba.hmy.temporary.site\/?post_type=product&#038;p=9372"},"modified":"2026-04-17T11:09:37","modified_gmt":"2026-04-17T09:09:37","slug":"mahlzeitenset","status":"publish","type":"product","link":"https:\/\/unitedpets.com\/de\/prodotto\/meal-kit\/","title":{"rendered":"Napf\u2011 und Napfunterlage\u2011Set"},"content":{"rendered":"<h3>Napf\u2011 und Napfunterlage\u2011Set<\/h3>\n<p>Stellen Sie mit dem Set aus Pappy-Napf und Untersetzer das perfekte F\u00fctterungsset f\u00fcr Ihr Haustier zusammen. Der Pappy-Napf ist ideal f\u00fcr Hunde und Katzen und besteht aus unzerst\u00f6rbarem Polypropylen, das f\u00fcr den Kontakt mit Futter und Wasser geeignet ist. Er ist leicht zu reinigen, sp\u00fclmaschinengeeignet und hat rutschfeste Gummif\u00fc\u00dfe f\u00fcr zus\u00e4tzliche Stabilit\u00e4t. Der praktische Griff macht die Handhabung noch bequemer. Die Mustaf\u00e0-Matte ist die ideale Erg\u00e4nzung: Sie besteht aus thermoplastischem Kautschuk mit Vanillegeschmack, ist temperaturbest\u00e4ndig, rutschfest und antibakteriell und h\u00e4lt den Essbereich sauber und ordentlich. Ein funktionelles, haltbares und praktisches Set f\u00fcr jeden Moment der F\u00fctterung Ihres Haustieres.<\/p>","protected":false},"excerpt":{"rendered":"<p>Scopri il <a href=\"https:\/\/unitedpets.com\/de\/produkt\/mahlzeitenset\/\">set ciotola<\/a> e <a href=\"https:\/\/www.instagram.com\/unitedpets\/\">tappetino sottociotola<\/a> la soluzione completa e pratica per rendere i pasti del tuo cane o gatto pi\u00f9 comodi, sicuri e ordinati. Questo kit unisce la ciotola Pappy e il tappetino Mustaf\u00e0, combinando funzionalit\u00e0, resistenza e design in un unico prodotto pensato per semplificare la routine alimentare del tuo animale domestico.<\/p>","protected":false},"featured_media":9373,"comment_status":"closed","ping_status":"closed","template":"","meta":[],"product_brand":[],"product_cat":[55,56,92,80,94,83],"product_tag":[],"discount-clusters":[],"collezioni":[],"eco-friendly":[],"animal-type":[272,273],"designer":[306],"stagionalita":[],"class_list":{"0":"post-9372","1":"product","2":"type-product","3":"status-publish","4":"has-post-thumbnail","6":"product_cat-cane","7":"product_cat-gatto","8":"product_cat-kit-gatto","9":"product_cat-kit","10":"product_cat-kit-pappa-kit-gatto","11":"product_cat-kit-pappa","12":"animal-type-cane","13":"animal-type-gatto","14":"designer-united-pets","16":"first","17":"outofstock","18":"shipping-taxable","19":"purchasable","20":"product-type-yith_bundle"},"_links":{"self":[{"href":"https:\/\/unitedpets.com\/de\/wp-json\/wp\/v2\/product\/9372","targetHints":{"allow":["GET"]}}],"collection":[{"href":"https:\/\/unitedpets.com\/de\/wp-json\/wp\/v2\/product"}],"about":[{"href":"https:\/\/unitedpets.com\/de\/wp-json\/wp\/v2\/types\/product"}],"replies":[{"embeddable":true,"href":"https:\/\/unitedpets.com\/de\/wp-json\/wp\/v2\/comments?post=9372"}],"wp:featuredmedia":[{"embeddable":true,"href":"https:\/\/unitedpets.com\/de\/wp-json\/wp\/v2\/media\/9373"}],"wp:attachment":[{"href":"https:\/\/unitedpets.com\/de\/wp-json\/wp\/v2\/media?parent=9372"}],"wp:term":[{"taxonomy":"product_brand","embeddable":true,"href":"https:\/\/unitedpets.com\/de\/wp-json\/wp\/v2\/product_brand?post=9372"},{"taxonomy":"product_cat","embeddable":true,"href":"https:\/\/unitedpets.com\/de\/wp-json\/wp\/v2\/product_cat?post=9372"},{"taxonomy":"product_tag","embeddable":true,"href":"https:\/\/unitedpets.com\/de\/wp-json\/wp\/v2\/product_tag?post=9372"},{"taxonomy":"discount-clusters","embeddable":true,"href":"https:\/\/unitedpets.com\/de\/wp-json\/wp\/v2\/discount-clusters?post=9372"},{"taxonomy":"collezioni","embeddable":true,"href":"https:\/\/unitedpets.com\/de\/wp-json\/wp\/v2\/collezioni?post=9372"},{"taxonomy":"eco-friendly","embeddable":true,"href":"https:\/\/unitedpets.com\/de\/wp-json\/wp\/v2\/eco-friendly?post=9372"},{"taxonomy":"animal-type","embeddable":true,"href":"https:\/\/unitedpets.com\/de\/wp-json\/wp\/v2\/animal-type?post=9372"},{"taxonomy":"designer","embeddable":true,"href":"https:\/\/unitedpets.com\/de\/wp-json\/wp\/v2\/designer?post=9372"},{"taxonomy":"stagionalita","embeddable":true,"href":"https:\/\/unitedpets.com\/de\/wp-json\/wp\/v2\/stagionalita?post=9372"}],"curies":[{"name":"wp","href":"https:\/\/api.w.org\/{rel}","templated":true}]}}