{"id":6002,"date":"2025-05-14T10:28:20","date_gmt":"2025-05-14T08:28:20","guid":{"rendered":"https:\/\/eba.hmy.temporary.site\/prodotto\/complete-me-pettorina\/"},"modified":"2026-05-10T00:03:52","modified_gmt":"2026-05-09T22:03:52","slug":"complete-me-bib","status":"publish","type":"product","link":"https:\/\/unitedpets.com\/en\/prodotto\/complete-me-pettorina\/","title":{"rendered":"Pettorina &#8211; Complete Me"},"content":{"rendered":"<h1>Pettorina &#8211; Complete Me<\/h1>\n<p>Adjustable bib made of soft nylon, embellished with stainless minutiae with attention to detail. Equipped with Velcro for attaching cute patches and easy to put on thanks to the clip closure. Discover the Complete Me collection and play with combinations by choosing a leash in your favorite color and enrich your four-legged friend's style with a matching toilet bag holder.<\/p>","protected":false},"excerpt":{"rendered":"<p data-start=\"0\" data-end=\"467\"><a href=\"https:\/\/unitedpets.com\/en\/product\/complete-me-bib\/\">Buy Now<\/a> la pettorina Complete Me \u00e8 progettata per offrire comfort, praticit\u00e0 e stile durante le passeggiate con il tuo cane. Realizzata in morbido nylon resistente, \u00e8 regolabile per adattarsi perfettamente alla corporatura dell\u2019animale, garantendo una vestibilit\u00e0 comoda e sicura anche durante l\u2019uso quotidiano. Le minuterie inossidabili, curate nei dettagli, assicurano durata nel tempo e resistenza all\u2019usura, mantenendo allo stesso tempo un design elegante e funzionale.<\/p>\n<p data-start=\"469\" data-end=\"750\">Dotata di velcro, la pettorina consente di applicare simpatiche patch decorative per personalizzare l\u2019accessorio e rendere unico lo stile del tuo amico a quattro zampe. La chiusura a clip permette di indossarla e rimuoverla facilmente, rendendo ogni uscita pi\u00f9 semplice e veloce.<\/p>\n<p data-start=\"752\" data-end=\"1130\" data-is-last-node=\"\" data-is-only-node=\"\">Scopri la collezione Complete Me e divertiti a creare abbinamenti coordinati: scegli il guinzaglio del tuo colore preferito e completa il look con un porta sacchettini igienici abbinato. Con la pettorina Complete Me puoi combinare funzionalit\u00e0 e design, creando un set di accessori personalizzato che unisce comfort, sicurezza e stile per ogni passeggiata con il tuo cane.<\/p>","protected":false},"featured_media":7867,"comment_status":"closed","ping_status":"closed","template":"","meta":[],"product_brand":[],"product_cat":[55,61,19],"product_tag":[],"discount-clusters":[],"collezioni":[332],"eco-friendly":[],"animal-type":[272],"designer":[],"stagionalita":[],"class_list":{"0":"post-6002","1":"product","2":"type-product","3":"status-publish","4":"has-post-thumbnail","6":"product_cat-cane","7":"product_cat-collari-e-guinzagli","8":"product_cat-passeggio","9":"collezioni-gcm","10":"animal-type-cane","12":"first","13":"outofstock","14":"shipping-taxable","15":"purchasable","16":"product-type-variable","17":"has-default-attributes"},"_links":{"self":[{"href":"https:\/\/unitedpets.com\/en\/wp-json\/wp\/v2\/product\/6002","targetHints":{"allow":["GET"]}}],"collection":[{"href":"https:\/\/unitedpets.com\/en\/wp-json\/wp\/v2\/product"}],"about":[{"href":"https:\/\/unitedpets.com\/en\/wp-json\/wp\/v2\/types\/product"}],"replies":[{"embeddable":true,"href":"https:\/\/unitedpets.com\/en\/wp-json\/wp\/v2\/comments?post=6002"}],"wp:featuredmedia":[{"embeddable":true,"href":"https:\/\/unitedpets.com\/en\/wp-json\/wp\/v2\/media\/7867"}],"wp:attachment":[{"href":"https:\/\/unitedpets.com\/en\/wp-json\/wp\/v2\/media?parent=6002"}],"wp:term":[{"taxonomy":"product_brand","embeddable":true,"href":"https:\/\/unitedpets.com\/en\/wp-json\/wp\/v2\/product_brand?post=6002"},{"taxonomy":"product_cat","embeddable":true,"href":"https:\/\/unitedpets.com\/en\/wp-json\/wp\/v2\/product_cat?post=6002"},{"taxonomy":"product_tag","embeddable":true,"href":"https:\/\/unitedpets.com\/en\/wp-json\/wp\/v2\/product_tag?post=6002"},{"taxonomy":"discount-clusters","embeddable":true,"href":"https:\/\/unitedpets.com\/en\/wp-json\/wp\/v2\/discount-clusters?post=6002"},{"taxonomy":"collezioni","embeddable":true,"href":"https:\/\/unitedpets.com\/en\/wp-json\/wp\/v2\/collezioni?post=6002"},{"taxonomy":"eco-friendly","embeddable":true,"href":"https:\/\/unitedpets.com\/en\/wp-json\/wp\/v2\/eco-friendly?post=6002"},{"taxonomy":"animal-type","embeddable":true,"href":"https:\/\/unitedpets.com\/en\/wp-json\/wp\/v2\/animal-type?post=6002"},{"taxonomy":"designer","embeddable":true,"href":"https:\/\/unitedpets.com\/en\/wp-json\/wp\/v2\/designer?post=6002"},{"taxonomy":"stagionalita","embeddable":true,"href":"https:\/\/unitedpets.com\/en\/wp-json\/wp\/v2\/stagionalita?post=6002"}],"curies":[{"name":"wp","href":"https:\/\/api.w.org\/{rel}","templated":true}]}}