{"id":6379,"date":"2025-05-14T10:31:32","date_gmt":"2025-05-14T08:31:32","guid":{"rendered":"https:\/\/eba.hmy.temporary.site\/prodotto\/lazy-dog-bag\/"},"modified":"2026-05-09T21:03:36","modified_gmt":"2026-05-09T19:03:36","slug":"lazy-dog-bag","status":"publish","type":"product","link":"https:\/\/unitedpets.com\/en\/prodotto\/lazy-dog-bag\/","title":{"rendered":"Borsa Trasportino per Cani Piccoli &#8211; &#8220;Lazy Dog Bag&#8221;"},"content":{"rendered":"<h3>Borsa Trasportino per Cani Piccoli &#8211; &#8220;Lazy Dog Bag&#8221;<\/h3>\n<p>Small dog carrier bag comes in handy when your four-legged friend no longer feels like walking. Complete with safety carabiner for attaching the collar. Lazy dog bag is a collapsible bag made of soft polyester. It has a maximum load capacity of 5 kg. It is easy to open and close, lightweight and compact, and fits into any bag.<\/p>","protected":false},"excerpt":{"rendered":"<p><a href=\"https:\/\/unitedpets.com\/en\/product\/lazy-dog-bag\/\">La borsa trasportino per cani piccoli<\/a> &#8220;Lazy Dog Bag&#8221; per cani piccoli \u00e8 utile quando l&#8217;amico a quattro zampe non ha pi\u00f9 voglia di camminare. Completa di moschettone di sicurezza per agganciare il collare. Lazy dog bag \u00e8 una borsa pieghevole realizzata in morbido poliestere. Ha un carico massimo di 5 kg. \u00c8 facile da aprire e chiudere, \u00e8 leggera e compatta, adatta ad ogni borsa.<\/p>","protected":false},"featured_media":8634,"comment_status":"closed","ping_status":"closed","template":"","meta":[],"product_brand":[],"product_cat":[55,68,67],"product_tag":[],"discount-clusters":[],"collezioni":[333],"eco-friendly":[328],"animal-type":[272],"designer":[282],"stagionalita":[],"class_list":{"0":"post-6379","1":"product","2":"type-product","3":"status-publish","4":"has-post-thumbnail","6":"product_cat-cane","7":"product_cat-borse-e-trasportini","8":"product_cat-viaggio-e-trasporto","9":"collezioni-ld","10":"eco-friendly-yes","11":"animal-type-cane","12":"designer-azzolini-tinuper","14":"first","15":"outofstock","16":"shipping-taxable","17":"purchasable","18":"product-type-variable","19":"has-default-attributes"},"_links":{"self":[{"href":"https:\/\/unitedpets.com\/en\/wp-json\/wp\/v2\/product\/6379","targetHints":{"allow":["GET"]}}],"collection":[{"href":"https:\/\/unitedpets.com\/en\/wp-json\/wp\/v2\/product"}],"about":[{"href":"https:\/\/unitedpets.com\/en\/wp-json\/wp\/v2\/types\/product"}],"replies":[{"embeddable":true,"href":"https:\/\/unitedpets.com\/en\/wp-json\/wp\/v2\/comments?post=6379"}],"wp:featuredmedia":[{"embeddable":true,"href":"https:\/\/unitedpets.com\/en\/wp-json\/wp\/v2\/media\/8634"}],"wp:attachment":[{"href":"https:\/\/unitedpets.com\/en\/wp-json\/wp\/v2\/media?parent=6379"}],"wp:term":[{"taxonomy":"product_brand","embeddable":true,"href":"https:\/\/unitedpets.com\/en\/wp-json\/wp\/v2\/product_brand?post=6379"},{"taxonomy":"product_cat","embeddable":true,"href":"https:\/\/unitedpets.com\/en\/wp-json\/wp\/v2\/product_cat?post=6379"},{"taxonomy":"product_tag","embeddable":true,"href":"https:\/\/unitedpets.com\/en\/wp-json\/wp\/v2\/product_tag?post=6379"},{"taxonomy":"discount-clusters","embeddable":true,"href":"https:\/\/unitedpets.com\/en\/wp-json\/wp\/v2\/discount-clusters?post=6379"},{"taxonomy":"collezioni","embeddable":true,"href":"https:\/\/unitedpets.com\/en\/wp-json\/wp\/v2\/collezioni?post=6379"},{"taxonomy":"eco-friendly","embeddable":true,"href":"https:\/\/unitedpets.com\/en\/wp-json\/wp\/v2\/eco-friendly?post=6379"},{"taxonomy":"animal-type","embeddable":true,"href":"https:\/\/unitedpets.com\/en\/wp-json\/wp\/v2\/animal-type?post=6379"},{"taxonomy":"designer","embeddable":true,"href":"https:\/\/unitedpets.com\/en\/wp-json\/wp\/v2\/designer?post=6379"},{"taxonomy":"stagionalita","embeddable":true,"href":"https:\/\/unitedpets.com\/en\/wp-json\/wp\/v2\/stagionalita?post=6379"}],"curies":[{"name":"wp","href":"https:\/\/api.w.org\/{rel}","templated":true}]}}