{"id":9735,"date":"2025-06-29T23:24:39","date_gmt":"2025-06-29T21:24:39","guid":{"rendered":"https:\/\/unitedpets.com\/?post_type=product&#038;p=9735"},"modified":"2026-04-30T23:03:47","modified_gmt":"2026-04-30T21:03:47","slug":"pets-dream-round-bag-holder-dispenser","status":"publish","type":"product","link":"https:\/\/unitedpets.com\/en\/prodotto\/dispenser-portasacchetti-rotondo-pets-dream\/","title":{"rendered":"Dispenser porta sacchetti per cane &#8211; Pets Dream"},"content":{"rendered":"<h3>Dispenser porta sacchetti per cane &#8211; Pets Dream<\/h3>\n<p>Toilet bag dispenser from the Pets Dream collection by United Pets x Cuddles Babies features a handy snap hook. It is decorated with all over print Suitable for Nano and Regular size sanitary bags. Discover the Pets Dream collection and play with matches.<\/p>","protected":false},"excerpt":{"rendered":"<p><a href=\"https:\/\/unitedpets.com\/en\/product\/pets-dream-round-bag-holder-dispenser\/\">Dog poop bag dispenser<\/a> <a href=\"https:\/\/www.instagram.com\/unitedpets\/\">Pets Dream<\/a> \u00e8 un accessorio pratico e indispensabile per le passeggiate quotidiane con il tuo cane, pensato per unire funzionalit\u00e0, stile e comodit\u00e0 in un formato compatto e leggero. Parte della collezione Pets Dream nata dalla collaborazione tra United Pets e Coccole Bimbi, questo dispenser si distingue per il suo design coordinato e moderno, caratterizzato dalla stampa all over che richiama l\u2019intera linea, permettendo di creare abbinamenti armoniosi con altri accessori della stessa collezione<\/p>","protected":false},"featured_media":9739,"comment_status":"closed","ping_status":"closed","template":"","meta":[],"product_brand":[],"product_cat":[55,61,19],"product_tag":[],"discount-clusters":[],"collezioni":[],"eco-friendly":[],"animal-type":[272],"designer":[362],"stagionalita":[],"class_list":{"0":"post-9735","1":"product","2":"type-product","3":"status-publish","4":"has-post-thumbnail","6":"product_cat-cane","7":"product_cat-collari-e-guinzagli","8":"product_cat-passeggio","9":"animal-type-cane","10":"designer-united-pets-x-coccolebimbi","12":"first","13":"instock","14":"shipping-taxable","15":"purchasable","16":"product-type-simple"},"_links":{"self":[{"href":"https:\/\/unitedpets.com\/en\/wp-json\/wp\/v2\/product\/9735","targetHints":{"allow":["GET"]}}],"collection":[{"href":"https:\/\/unitedpets.com\/en\/wp-json\/wp\/v2\/product"}],"about":[{"href":"https:\/\/unitedpets.com\/en\/wp-json\/wp\/v2\/types\/product"}],"replies":[{"embeddable":true,"href":"https:\/\/unitedpets.com\/en\/wp-json\/wp\/v2\/comments?post=9735"}],"wp:featuredmedia":[{"embeddable":true,"href":"https:\/\/unitedpets.com\/en\/wp-json\/wp\/v2\/media\/9739"}],"wp:attachment":[{"href":"https:\/\/unitedpets.com\/en\/wp-json\/wp\/v2\/media?parent=9735"}],"wp:term":[{"taxonomy":"product_brand","embeddable":true,"href":"https:\/\/unitedpets.com\/en\/wp-json\/wp\/v2\/product_brand?post=9735"},{"taxonomy":"product_cat","embeddable":true,"href":"https:\/\/unitedpets.com\/en\/wp-json\/wp\/v2\/product_cat?post=9735"},{"taxonomy":"product_tag","embeddable":true,"href":"https:\/\/unitedpets.com\/en\/wp-json\/wp\/v2\/product_tag?post=9735"},{"taxonomy":"discount-clusters","embeddable":true,"href":"https:\/\/unitedpets.com\/en\/wp-json\/wp\/v2\/discount-clusters?post=9735"},{"taxonomy":"collezioni","embeddable":true,"href":"https:\/\/unitedpets.com\/en\/wp-json\/wp\/v2\/collezioni?post=9735"},{"taxonomy":"eco-friendly","embeddable":true,"href":"https:\/\/unitedpets.com\/en\/wp-json\/wp\/v2\/eco-friendly?post=9735"},{"taxonomy":"animal-type","embeddable":true,"href":"https:\/\/unitedpets.com\/en\/wp-json\/wp\/v2\/animal-type?post=9735"},{"taxonomy":"designer","embeddable":true,"href":"https:\/\/unitedpets.com\/en\/wp-json\/wp\/v2\/designer?post=9735"},{"taxonomy":"stagionalita","embeddable":true,"href":"https:\/\/unitedpets.com\/en\/wp-json\/wp\/v2\/stagionalita?post=9735"}],"curies":[{"name":"wp","href":"https:\/\/api.w.org\/{rel}","templated":true}]}}