{"id":360,"date":"2024-10-03T23:58:40","date_gmt":"2024-10-03T21:58:40","guid":{"rendered":"https:\/\/eba.hmy.temporary.site\/?page_id=360"},"modified":"2025-04-18T16:30:04","modified_gmt":"2025-04-18T14:30:04","slug":"spedizione-e-reso","status":"publish","type":"page","link":"https:\/\/unitedpets.com\/es\/spedizione-e-reso\/","title":{"rendered":"Spedizione e reso"},"content":{"rendered":"<h2 class=\"wp-block-heading\">Spedizione<\/h2>\n\n\n\n<p>United Pets si affida a DHL per le consegne deli ordini e-commerce, riservandosi 4-5 giorni lavorativi per completare la spedizione. A seguito del ritiro dell&#8217;ordine dal nostro magazzino, DHL invier\u00e0 al cliente una comunicazione contenente tutte le informazioni e un tracking number per poter tracciare l&#8217;ordine.<\/p>\n\n\n\n<p>In caso di domande, problemi nella consegna o ulteriori necessit\u00e0, \u00e8 possibile contattare il servizio clienti tramite <a href=\"https:\/\/unitedpets.com\/it\/contattaci\"><ins>form online<\/ins><\/a>, mandando una mail a ecommerce@unitedpets.it o chiamando il +39 02 3927041.<br>&nbsp;<\/p>\n\n\n\n<h2 class=\"wp-block-heading\">Politica di reso<\/h2>\n\n\n\n<p>La procedura di reso prevede che<strong> la merce venga spedita presso il nostro magazzino entro 30 giorni dalla data di consegna dell&#8217;ordine<\/strong>, inserendo all&#8217;interno del collo il documento di trasporto ricevuto ed evidenziando il prodotto in restituzione.<\/p>\n\n\n\n<p>Invitiamo i clienti ad informarci una volta effettuata la spedizione, scrivendo una mail a ecommerce@unitedpets.it con il tracking number della spedizione e il corriere scelto.&nbsp;<\/p>\n\n\n\n<p>L&#8217;indirizzo a cui inviare eventuali resi \u00e8 il seguente:<\/p>\n\n\n\n<p>United Pets Srl c\/o<\/p>\n\n\n\n<p>Stante &amp; Ecotrans srl<\/p>\n\n\n\n<p>Via Gioachino Rossini, 9<\/p>\n\n\n\n<p>CADORAGO<\/p>\n\n\n\n<p>22071<\/p>\n\n\n\n<p>Tel. 031 885 9297<\/p>\n\n\n\n<p><br>Non appena la merce arriver\u00e0 in magazzino e ne sar\u00e0 stata verificata l&#8217;integrit\u00e0, procederemo con il rimborso su carta o conto corrente utilizzati al momento dell&#8217;ordine.<\/p>\n\n\n\n<p>Nel caso in cui il cliente desideri rendere un prodotto ordinato erroneamente, un capo di una taglia sbagliata o per qualsiasi motivazione dovuta al cliente stesso e non inerente all&#8217;integrit\u00e0 dell&#8217;oggetto ricevuto, gli oneri di spedizione al nostro magazzino saranno a carico del cliente.<\/p>\n\n\n\n<p>Per approfondire la nostra politica di reso, vi rimandiamo alle nostre <a href=\"https:\/\/unitedpets.com\/it\/condizioni-di-vendita\"><ins>condizioni di vendita<\/ins><\/a>.<\/p>","protected":false},"excerpt":{"rendered":"<p>Spedizione United Pets si affida a DHL per le consegne deli ordini e-commerce, riservandosi 4-5 giorni lavorativi per completare la spedizione. A seguito del ritiro dell&#8217;ordine dal nostro magazzino, DHL invier\u00e0 al cliente una comunicazione contenente tutte le informazioni e un tracking number per poter tracciare l&#8217;ordine. In caso di domande, problemi nella consegna o [&hellip;]<\/p>\n","protected":false},"author":14,"featured_media":0,"parent":0,"menu_order":0,"comment_status":"closed","ping_status":"closed","template":"","meta":{"footnotes":""},"page-type":[153],"class_list":["post-360","page","type-page","status-publish","hentry","page-type-simple-page"],"_links":{"self":[{"href":"https:\/\/unitedpets.com\/es\/wp-json\/wp\/v2\/pages\/360","targetHints":{"allow":["GET"]}}],"collection":[{"href":"https:\/\/unitedpets.com\/es\/wp-json\/wp\/v2\/pages"}],"about":[{"href":"https:\/\/unitedpets.com\/es\/wp-json\/wp\/v2\/types\/page"}],"author":[{"embeddable":true,"href":"https:\/\/unitedpets.com\/es\/wp-json\/wp\/v2\/users\/14"}],"replies":[{"embeddable":true,"href":"https:\/\/unitedpets.com\/es\/wp-json\/wp\/v2\/comments?post=360"}],"version-history":[{"count":0,"href":"https:\/\/unitedpets.com\/es\/wp-json\/wp\/v2\/pages\/360\/revisions"}],"wp:attachment":[{"href":"https:\/\/unitedpets.com\/es\/wp-json\/wp\/v2\/media?parent=360"}],"wp:term":[{"taxonomy":"page-type","embeddable":true,"href":"https:\/\/unitedpets.com\/es\/wp-json\/wp\/v2\/page-type?post=360"}],"curies":[{"name":"wp","href":"https:\/\/api.w.org\/{rel}","templated":true}]}}