{"id":11731,"date":"2025-09-19T16:51:19","date_gmt":"2025-09-19T14:51:19","guid":{"rendered":"https:\/\/unitedpets.com\/?post_type=product&#038;p=11731"},"modified":"2026-04-16T16:01:38","modified_gmt":"2026-04-16T14:01:38","slug":"set-cup","status":"publish","type":"product","link":"https:\/\/unitedpets.com\/es\/prodotto\/set-cup\/","title":{"rendered":"Ciotola e tappetino &#8220;Set Cup&#8221;"},"content":{"rendered":"<h3>Ciotola e tappetino &#8220;Set Cup&#8221;<\/h3>\n<p>Ciotola utilizzabile sia per cibo che per acqua dal design inconfondibile, realizzata al 100% in plastica riciclata e abbinata a un tappetino sottociotola. CUP \u00e8 una ciotola per cani , progettata sulla base dello studio del ricercatore Alfred Crompton dell\u2019Harvard University in cui si \u00e8 osservato come i cani, per bere e per mangiare, immergano completamente la lingua. Questo impatto spesso provoca la fuoriuscita di acqua e cibo. La CUP, grazie al suo bordo alto e anti-schizzo, impedisce di sporcare la zona intorno.\u00a0 \u00c9 antiscivolo grazie ai suoi piedini in gomma ed \u00e8 lavabile in lavastoviglie. Set Cup \u00e8 adatto ai cani di taglia grande.<\/p>","protected":false},"excerpt":{"rendered":"<p>La<a href=\"https:\/\/www.instagram.com\/unitedpets\/\"> ciotola<\/a> per cani <a href=\"https:\/\/unitedpets.com\/es\/product-2\/set-cup\/\">CUP<\/a> rappresenta una soluzione innovativa e funzionale per tutti i proprietari che desiderano unire praticit\u00e0, design e attenzione all\u2019ambiente. Progettata per essere utilizzata sia per il cibo che per l\u2019acqua, questa ciotola si distingue per il suo design inconfondibile e per le sue caratteristiche tecniche pensate per migliorare concretamente la quotidianit\u00e0 del tuo cane e la pulizia della tua casa.<\/p>","protected":false},"featured_media":11704,"comment_status":"closed","ping_status":"closed","template":"","meta":[],"product_brand":[],"product_cat":[55,63,65,80,83],"product_tag":[],"discount-clusters":[],"collezioni":[],"eco-friendly":[],"animal-type":[272,273],"designer":[306],"stagionalita":[],"class_list":{"0":"post-11731","1":"product","2":"type-product","3":"status-publish","4":"has-post-thumbnail","6":"product_cat-cane","7":"product_cat-casa","8":"product_cat-ciotole-e-accessori","9":"product_cat-kit","10":"product_cat-kit-pappa","11":"animal-type-cane","12":"animal-type-gatto","13":"designer-united-pets","15":"first","16":"outofstock","17":"shipping-taxable","18":"purchasable","19":"product-type-yith_bundle"},"_links":{"self":[{"href":"https:\/\/unitedpets.com\/es\/wp-json\/wp\/v2\/product\/11731","targetHints":{"allow":["GET"]}}],"collection":[{"href":"https:\/\/unitedpets.com\/es\/wp-json\/wp\/v2\/product"}],"about":[{"href":"https:\/\/unitedpets.com\/es\/wp-json\/wp\/v2\/types\/product"}],"replies":[{"embeddable":true,"href":"https:\/\/unitedpets.com\/es\/wp-json\/wp\/v2\/comments?post=11731"}],"wp:featuredmedia":[{"embeddable":true,"href":"https:\/\/unitedpets.com\/es\/wp-json\/wp\/v2\/media\/11704"}],"wp:attachment":[{"href":"https:\/\/unitedpets.com\/es\/wp-json\/wp\/v2\/media?parent=11731"}],"wp:term":[{"taxonomy":"product_brand","embeddable":true,"href":"https:\/\/unitedpets.com\/es\/wp-json\/wp\/v2\/product_brand?post=11731"},{"taxonomy":"product_cat","embeddable":true,"href":"https:\/\/unitedpets.com\/es\/wp-json\/wp\/v2\/product_cat?post=11731"},{"taxonomy":"product_tag","embeddable":true,"href":"https:\/\/unitedpets.com\/es\/wp-json\/wp\/v2\/product_tag?post=11731"},{"taxonomy":"discount-clusters","embeddable":true,"href":"https:\/\/unitedpets.com\/es\/wp-json\/wp\/v2\/discount-clusters?post=11731"},{"taxonomy":"collezioni","embeddable":true,"href":"https:\/\/unitedpets.com\/es\/wp-json\/wp\/v2\/collezioni?post=11731"},{"taxonomy":"eco-friendly","embeddable":true,"href":"https:\/\/unitedpets.com\/es\/wp-json\/wp\/v2\/eco-friendly?post=11731"},{"taxonomy":"animal-type","embeddable":true,"href":"https:\/\/unitedpets.com\/es\/wp-json\/wp\/v2\/animal-type?post=11731"},{"taxonomy":"designer","embeddable":true,"href":"https:\/\/unitedpets.com\/es\/wp-json\/wp\/v2\/designer?post=11731"},{"taxonomy":"stagionalita","embeddable":true,"href":"https:\/\/unitedpets.com\/es\/wp-json\/wp\/v2\/stagionalita?post=11731"}],"curies":[{"name":"wp","href":"https:\/\/api.w.org\/{rel}","templated":true}]}}