{"id":12569,"date":"2025-10-13T11:52:48","date_gmt":"2025-10-13T09:52:48","guid":{"rendered":"https:\/\/unitedpets.com\/?post_type=product&#038;p=12569"},"modified":"2026-04-17T11:02:56","modified_gmt":"2026-04-17T09:02:56","slug":"paletta-igienica-linda-per-gatti","status":"publish","type":"product","link":"https:\/\/unitedpets.com\/es\/prodotto\/paletta-igienica-linda-per-gatti\/","title":{"rendered":"Paletta Igienica per Gatti Linda"},"content":{"rendered":"<h3>Paletta Igienica per Gatti Linda<\/h3>\n<p>Linda \u00e8 una pratica paletta igienica per pulire la lettiera del gatto. \u00c8 igienica grazie al suo porta paletta che le permette di stare in piedi in modo da evitare di sporcare per terra.<\/p>","protected":false},"excerpt":{"rendered":"<p>Scopri la <a href=\"https:\/\/www.instagram.com\/unitedpets\/\">paletta igienica<\/a> per <a href=\"https:\/\/unitedpets.com\/es\/product-2\/paletta-igienica-linda-per-gatti\/\">gatti Linda<\/a> uno strumento pratico e funzionale pensato per rendere la pulizia della lettiera pi\u00f9 semplice e ordinata. Linda \u00e8 studiata per combinare igiene, praticit\u00e0 e design compatto, diventando un accessorio indispensabile per ogni proprietario di gatti.<\/p>","protected":false},"featured_media":12573,"comment_status":"closed","ping_status":"closed","template":"","meta":[],"product_brand":[],"product_cat":[56],"product_tag":[],"discount-clusters":[387],"collezioni":[333],"eco-friendly":[],"animal-type":[273],"designer":[281],"stagionalita":[],"class_list":{"0":"post-12569","1":"product","2":"type-product","3":"status-publish","4":"has-post-thumbnail","6":"product_cat-gatto","7":"discount-clusters-387","8":"collezioni-ld","9":"animal-type-gatto","10":"designer-ilaria-gibertini-e-giulio-iacchetti","12":"first","13":"outofstock","14":"sale","15":"shipping-taxable","16":"purchasable","17":"product-type-simple"},"_links":{"self":[{"href":"https:\/\/unitedpets.com\/es\/wp-json\/wp\/v2\/product\/12569","targetHints":{"allow":["GET"]}}],"collection":[{"href":"https:\/\/unitedpets.com\/es\/wp-json\/wp\/v2\/product"}],"about":[{"href":"https:\/\/unitedpets.com\/es\/wp-json\/wp\/v2\/types\/product"}],"replies":[{"embeddable":true,"href":"https:\/\/unitedpets.com\/es\/wp-json\/wp\/v2\/comments?post=12569"}],"wp:featuredmedia":[{"embeddable":true,"href":"https:\/\/unitedpets.com\/es\/wp-json\/wp\/v2\/media\/12573"}],"wp:attachment":[{"href":"https:\/\/unitedpets.com\/es\/wp-json\/wp\/v2\/media?parent=12569"}],"wp:term":[{"taxonomy":"product_brand","embeddable":true,"href":"https:\/\/unitedpets.com\/es\/wp-json\/wp\/v2\/product_brand?post=12569"},{"taxonomy":"product_cat","embeddable":true,"href":"https:\/\/unitedpets.com\/es\/wp-json\/wp\/v2\/product_cat?post=12569"},{"taxonomy":"product_tag","embeddable":true,"href":"https:\/\/unitedpets.com\/es\/wp-json\/wp\/v2\/product_tag?post=12569"},{"taxonomy":"discount-clusters","embeddable":true,"href":"https:\/\/unitedpets.com\/es\/wp-json\/wp\/v2\/discount-clusters?post=12569"},{"taxonomy":"collezioni","embeddable":true,"href":"https:\/\/unitedpets.com\/es\/wp-json\/wp\/v2\/collezioni?post=12569"},{"taxonomy":"eco-friendly","embeddable":true,"href":"https:\/\/unitedpets.com\/es\/wp-json\/wp\/v2\/eco-friendly?post=12569"},{"taxonomy":"animal-type","embeddable":true,"href":"https:\/\/unitedpets.com\/es\/wp-json\/wp\/v2\/animal-type?post=12569"},{"taxonomy":"designer","embeddable":true,"href":"https:\/\/unitedpets.com\/es\/wp-json\/wp\/v2\/designer?post=12569"},{"taxonomy":"stagionalita","embeddable":true,"href":"https:\/\/unitedpets.com\/es\/wp-json\/wp\/v2\/stagionalita?post=12569"}],"curies":[{"name":"wp","href":"https:\/\/api.w.org\/{rel}","templated":true}]}}