{"id":6689,"date":"2025-05-17T18:13:21","date_gmt":"2025-05-17T16:13:21","guid":{"rendered":"https:\/\/eba.hmy.temporary.site\/prodotto\/chickn-fun-jane\/"},"modified":"2026-04-19T14:02:27","modified_gmt":"2026-04-19T12:02:27","slug":"chickn-fun-jane","status":"publish","type":"product","link":"https:\/\/unitedpets.com\/es\/prodotto\/chickn-fun-jane\/","title":{"rendered":"Gioco in lattice per cani &#8220;Jane&#8221;"},"content":{"rendered":"<h3>Gioco in lattice per cani &#8220;Jane&#8221;<\/h3>\n<p>Linea Chick&#8217;n fun: gioco in lattice per cane con una simpatica forma di pollo; giochi da interazione, adatti a cani di piccola\/media taglia. Dotato di fischietto salva cane. Consigliamo di controllare sempre il cane mentre utilizza questo prodotto. Lavabile con acqua e sapone.<\/p>","protected":false},"excerpt":{"rendered":"<p><a href=\"https:\/\/unitedpets.com\/es\/product-2\/chickn-fun-jane\/\">Gioco in lattice<\/a> per cani <a href=\"https:\/\/www.instagram.com\/unitedpets\/\">Jane della linea Chick\u2019n Fun<\/a> progettato per offrire divertimento e interazione quotidiana al tuo amico a quattro zampe, caratterizzato da una simpatica forma di pollo verde che cattura l\u2019attenzione del cane e stimola la sua curiosit\u00e0, questo gioco \u00e8 ideale per rendere pi\u00f9 attive e coinvolgenti le giornate sia in casa che all\u2019aperto favorendo il movimento e il gioco condiviso<\/p>","protected":false},"featured_media":7346,"comment_status":"closed","ping_status":"closed","template":"","meta":[],"product_brand":[],"product_cat":[55,63,20],"product_tag":[],"discount-clusters":[],"collezioni":[],"eco-friendly":[],"animal-type":[272],"designer":[303],"stagionalita":[],"class_list":{"0":"post-6689","1":"product","2":"type-product","3":"status-publish","4":"has-post-thumbnail","6":"product_cat-cane","7":"product_cat-casa","8":"product_cat-giochi-cane","9":"animal-type-cane","10":"designer-alberto-caramello","12":"first","13":"instock","14":"shipping-taxable","15":"purchasable","16":"product-type-simple"},"_links":{"self":[{"href":"https:\/\/unitedpets.com\/es\/wp-json\/wp\/v2\/product\/6689","targetHints":{"allow":["GET"]}}],"collection":[{"href":"https:\/\/unitedpets.com\/es\/wp-json\/wp\/v2\/product"}],"about":[{"href":"https:\/\/unitedpets.com\/es\/wp-json\/wp\/v2\/types\/product"}],"replies":[{"embeddable":true,"href":"https:\/\/unitedpets.com\/es\/wp-json\/wp\/v2\/comments?post=6689"}],"wp:featuredmedia":[{"embeddable":true,"href":"https:\/\/unitedpets.com\/es\/wp-json\/wp\/v2\/media\/7346"}],"wp:attachment":[{"href":"https:\/\/unitedpets.com\/es\/wp-json\/wp\/v2\/media?parent=6689"}],"wp:term":[{"taxonomy":"product_brand","embeddable":true,"href":"https:\/\/unitedpets.com\/es\/wp-json\/wp\/v2\/product_brand?post=6689"},{"taxonomy":"product_cat","embeddable":true,"href":"https:\/\/unitedpets.com\/es\/wp-json\/wp\/v2\/product_cat?post=6689"},{"taxonomy":"product_tag","embeddable":true,"href":"https:\/\/unitedpets.com\/es\/wp-json\/wp\/v2\/product_tag?post=6689"},{"taxonomy":"discount-clusters","embeddable":true,"href":"https:\/\/unitedpets.com\/es\/wp-json\/wp\/v2\/discount-clusters?post=6689"},{"taxonomy":"collezioni","embeddable":true,"href":"https:\/\/unitedpets.com\/es\/wp-json\/wp\/v2\/collezioni?post=6689"},{"taxonomy":"eco-friendly","embeddable":true,"href":"https:\/\/unitedpets.com\/es\/wp-json\/wp\/v2\/eco-friendly?post=6689"},{"taxonomy":"animal-type","embeddable":true,"href":"https:\/\/unitedpets.com\/es\/wp-json\/wp\/v2\/animal-type?post=6689"},{"taxonomy":"designer","embeddable":true,"href":"https:\/\/unitedpets.com\/es\/wp-json\/wp\/v2\/designer?post=6689"},{"taxonomy":"stagionalita","embeddable":true,"href":"https:\/\/unitedpets.com\/es\/wp-json\/wp\/v2\/stagionalita?post=6689"}],"curies":[{"name":"wp","href":"https:\/\/api.w.org\/{rel}","templated":true}]}}