{"id":6871,"date":"2025-05-17T18:17:58","date_gmt":"2025-05-17T16:17:58","guid":{"rendered":"https:\/\/eba.hmy.temporary.site\/prodotto\/fish-bowl\/"},"modified":"2026-04-15T05:02:43","modified_gmt":"2026-04-15T03:02:43","slug":"fish-bowl","status":"publish","type":"product","link":"https:\/\/unitedpets.com\/es\/prodotto\/fish-bowl\/","title":{"rendered":"Ciotola da viaggio in silicone per cani grandi &#8220;Fish bowl&#8221;"},"content":{"rendered":"<h3>Ciotola da viaggio in silicone per cani grandi &#8220;Fish bowl&#8221;<\/h3>\n<p>Pratica Ciotola da viaggio pieghevole in morbido silicone atossico e ghiera in polipropilene. Grazie alla sua natura flessibile, si piega con facilit\u00e0 e si compatta riducendo l\u2019ingombro al minimo quando non in uso. Dotata di un pratico moschettone, puoi appenderla ovunque per averla sempre a portata di mano. \u00c8 facilmente lavabile. Perfetta sia per l\u2019acqua che per il cibo, si adatta perfettamente alle tue esigenze quotidiane. Collassabile e pratica da portare in giro.<\/p>","protected":false},"excerpt":{"rendered":"<p data-start=\"0\" data-end=\"364\"><a href=\"https:\/\/unitedpets.com\/es\/product-2\/fish-bowl\/\">La Fish Bowl <\/a>\u00e8 una ciotola da viaggio in silicone progettata appositamente per cani di taglia grande, ideale per accompagnarti in ogni uscita con il tuo amico a quattro zampe. Perfetta per passeggiate lunghe, escursioni, viaggi o giornate all\u2019aria aperta, offre una soluzione pratica e funzionale per garantire al tuo cane acqua o cibo ovunque vi troviate.<\/p>\n<p data-start=\"366\" data-end=\"716\">Realizzata in morbido silicone atossico, la ciotola \u00e8 sicura per il tuo animale, resistente e pensata per un utilizzo quotidiano. La ghiera in polipropilene conferisce stabilit\u00e0 e struttura quando la ciotola \u00e8 aperta, permettendo di contenere facilmente una quantit\u00e0 maggiore di acqua o crocchette, ideale per le esigenze dei cani pi\u00f9 grandi.<\/p>\n<p data-start=\"718\" data-end=\"996\">Grazie alla sua natura flessibile, la Fish Bowl si piega con estrema facilit\u00e0 e si compatta riducendo al minimo l\u2019ingombro quando non viene utilizzata. Questo la rende perfetta da portare sempre con s\u00e9 nello zaino, nella borsa o tra gli accessori da viaggio del tuo pet.<\/p>\n<p data-start=\"998\" data-end=\"1228\">La ciotola \u00e8 inoltre dotata di un pratico moschettone, che permette di agganciarla facilmente al guinzaglio, allo zaino o alla borsa, cos\u00ec da averla sempre a portata di mano durante le passeggiate o le attivit\u00e0 all\u2019aperto.<\/p>\n<p data-start=\"1230\" data-end=\"1406\">Facilmente lavabile e igienica, \u00e8 adatta sia per acqua che per cibo, adattandosi perfettamente alle esigenze quotidiane del tuo cane anche quando siete lontani da casa.<\/p>\n<p data-start=\"1408\" data-end=\"1604\" data-is-last-node=\"\" data-is-only-node=\"\">Funzionale, resistente e facile da trasportare, la ciotola da viaggio Fish Bowl \u00e8 l\u2019accessorio ideale per chi ama condividere ogni avventura con il proprio cane, assicurandogli sempre comfort e praticit\u00e0.<\/p>","protected":false},"featured_media":8576,"comment_status":"closed","ping_status":"closed","template":"","meta":[],"product_brand":[],"product_cat":[55,63,65,19,67],"product_tag":[],"discount-clusters":[],"collezioni":[],"eco-friendly":[],"animal-type":[272],"designer":[306],"stagionalita":[],"class_list":{"0":"post-6871","1":"product","2":"type-product","3":"status-publish","4":"has-post-thumbnail","6":"product_cat-cane","7":"product_cat-casa","8":"product_cat-ciotole-e-accessori","9":"product_cat-passeggio","10":"product_cat-viaggio-e-trasporto","11":"animal-type-cane","12":"designer-united-pets","14":"first","15":"instock","16":"shipping-taxable","17":"purchasable","18":"product-type-simple"},"_links":{"self":[{"href":"https:\/\/unitedpets.com\/es\/wp-json\/wp\/v2\/product\/6871","targetHints":{"allow":["GET"]}}],"collection":[{"href":"https:\/\/unitedpets.com\/es\/wp-json\/wp\/v2\/product"}],"about":[{"href":"https:\/\/unitedpets.com\/es\/wp-json\/wp\/v2\/types\/product"}],"replies":[{"embeddable":true,"href":"https:\/\/unitedpets.com\/es\/wp-json\/wp\/v2\/comments?post=6871"}],"wp:featuredmedia":[{"embeddable":true,"href":"https:\/\/unitedpets.com\/es\/wp-json\/wp\/v2\/media\/8576"}],"wp:attachment":[{"href":"https:\/\/unitedpets.com\/es\/wp-json\/wp\/v2\/media?parent=6871"}],"wp:term":[{"taxonomy":"product_brand","embeddable":true,"href":"https:\/\/unitedpets.com\/es\/wp-json\/wp\/v2\/product_brand?post=6871"},{"taxonomy":"product_cat","embeddable":true,"href":"https:\/\/unitedpets.com\/es\/wp-json\/wp\/v2\/product_cat?post=6871"},{"taxonomy":"product_tag","embeddable":true,"href":"https:\/\/unitedpets.com\/es\/wp-json\/wp\/v2\/product_tag?post=6871"},{"taxonomy":"discount-clusters","embeddable":true,"href":"https:\/\/unitedpets.com\/es\/wp-json\/wp\/v2\/discount-clusters?post=6871"},{"taxonomy":"collezioni","embeddable":true,"href":"https:\/\/unitedpets.com\/es\/wp-json\/wp\/v2\/collezioni?post=6871"},{"taxonomy":"eco-friendly","embeddable":true,"href":"https:\/\/unitedpets.com\/es\/wp-json\/wp\/v2\/eco-friendly?post=6871"},{"taxonomy":"animal-type","embeddable":true,"href":"https:\/\/unitedpets.com\/es\/wp-json\/wp\/v2\/animal-type?post=6871"},{"taxonomy":"designer","embeddable":true,"href":"https:\/\/unitedpets.com\/es\/wp-json\/wp\/v2\/designer?post=6871"},{"taxonomy":"stagionalita","embeddable":true,"href":"https:\/\/unitedpets.com\/es\/wp-json\/wp\/v2\/stagionalita?post=6871"}],"curies":[{"name":"wp","href":"https:\/\/api.w.org\/{rel}","templated":true}]}}