{"id":6973,"date":"2025-05-17T18:19:47","date_gmt":"2025-05-17T16:19:47","guid":{"rendered":"https:\/\/eba.hmy.temporary.site\/prodotto\/seletti-ciotola-new-york\/"},"modified":"2026-05-05T13:03:17","modified_gmt":"2026-05-05T11:03:17","slug":"seletti-ciotola-new-york","status":"publish","type":"product","link":"https:\/\/unitedpets.com\/es\/prodotto\/seletti-ciotola-new-york\/","title":{"rendered":"Cuenco \u201cNew York\u201d \u2013 Seletti"},"content":{"rendered":"<h3>Cuenco \u201cNew York\u201d \u2013 Seletti<\/h3>\n<p>Ciotola in ceramica lucida. La ceramica \u00e8 un materiale igienico, facile da pulire e che non assorbe gli ordori del cibo. Il peso della ciotola la rende estremamente stabile. Lavabile in lavastoviglie.<\/p>","protected":false},"excerpt":{"rendered":"<p>Ciotola <a href=\"https:\/\/unitedpets.com\/es\/product-2\/seletti-ciotola-new-york\/\">New York Seletti<\/a> \u00e8 un accessorio per animali domestici che unisce design contemporaneo, funzionalit\u00e0 e qualit\u00e0 dei materiali, pensato per rendere il momento del pasto del tuo cane o gatto pi\u00f9 pratico e allo stesso tempo esteticamente curato. Realizzata dalla collaborazione tra Seletti e United Pets, questa ciotola si inserisce all\u2019interno di una collezione che porta il linguaggio del design d\u2019autore anche nel mondo pet<\/p>","protected":false},"featured_media":9057,"comment_status":"closed","ping_status":"closed","template":"","meta":[],"product_brand":[],"product_cat":[55,63,65],"product_tag":[96],"discount-clusters":[],"collezioni":[333],"eco-friendly":[],"animal-type":[272],"designer":[275,306],"stagionalita":[115],"class_list":{"0":"post-6973","1":"product","2":"type-product","3":"status-publish","4":"has-post-thumbnail","6":"product_cat-cane","7":"product_cat-casa","8":"product_cat-ciotole-e-accessori","9":"product_tag-collab","10":"collezioni-ld","11":"animal-type-cane","12":"designer-seletti","13":"designer-united-pets","14":"stagionalita-pets-revolution","16":"first","17":"instock","18":"shipping-taxable","19":"purchasable","20":"product-type-simple"},"_links":{"self":[{"href":"https:\/\/unitedpets.com\/es\/wp-json\/wp\/v2\/product\/6973","targetHints":{"allow":["GET"]}}],"collection":[{"href":"https:\/\/unitedpets.com\/es\/wp-json\/wp\/v2\/product"}],"about":[{"href":"https:\/\/unitedpets.com\/es\/wp-json\/wp\/v2\/types\/product"}],"replies":[{"embeddable":true,"href":"https:\/\/unitedpets.com\/es\/wp-json\/wp\/v2\/comments?post=6973"}],"wp:featuredmedia":[{"embeddable":true,"href":"https:\/\/unitedpets.com\/es\/wp-json\/wp\/v2\/media\/9057"}],"wp:attachment":[{"href":"https:\/\/unitedpets.com\/es\/wp-json\/wp\/v2\/media?parent=6973"}],"wp:term":[{"taxonomy":"product_brand","embeddable":true,"href":"https:\/\/unitedpets.com\/es\/wp-json\/wp\/v2\/product_brand?post=6973"},{"taxonomy":"product_cat","embeddable":true,"href":"https:\/\/unitedpets.com\/es\/wp-json\/wp\/v2\/product_cat?post=6973"},{"taxonomy":"product_tag","embeddable":true,"href":"https:\/\/unitedpets.com\/es\/wp-json\/wp\/v2\/product_tag?post=6973"},{"taxonomy":"discount-clusters","embeddable":true,"href":"https:\/\/unitedpets.com\/es\/wp-json\/wp\/v2\/discount-clusters?post=6973"},{"taxonomy":"collezioni","embeddable":true,"href":"https:\/\/unitedpets.com\/es\/wp-json\/wp\/v2\/collezioni?post=6973"},{"taxonomy":"eco-friendly","embeddable":true,"href":"https:\/\/unitedpets.com\/es\/wp-json\/wp\/v2\/eco-friendly?post=6973"},{"taxonomy":"animal-type","embeddable":true,"href":"https:\/\/unitedpets.com\/es\/wp-json\/wp\/v2\/animal-type?post=6973"},{"taxonomy":"designer","embeddable":true,"href":"https:\/\/unitedpets.com\/es\/wp-json\/wp\/v2\/designer?post=6973"},{"taxonomy":"stagionalita","embeddable":true,"href":"https:\/\/unitedpets.com\/es\/wp-json\/wp\/v2\/stagionalita?post=6973"}],"curies":[{"name":"wp","href":"https:\/\/api.w.org\/{rel}","templated":true}]}}