{"id":9357,"date":"2025-06-20T23:41:50","date_gmt":"2025-06-20T21:41:50","guid":{"rendered":"https:\/\/eba.hmy.temporary.site\/?post_type=product&#038;p=9357"},"modified":"2026-04-20T16:05:25","modified_gmt":"2026-04-20T14:05:25","slug":"pettorina-soft-kit","status":"publish","type":"product","link":"https:\/\/unitedpets.com\/es\/prodotto\/pettorina-soft-kit\/","title":{"rendered":"Set guinzaglieria Citylife con pettorina soft per cani"},"content":{"rendered":"<h3><strong>Set guinzaglieria Citylife con pettorina soft per cani<\/strong><\/h3>\n<p>Crea il tuo set perfetto con la collezione CityLife, pensata per te e per il tuo pet. Ogni prodotto \u00e8 realizzato in poliestere riciclato (RPET), una soluzione sostenibile, morbida e resistente che garantisce il massimo comfort per il tuo cane e un tocco di eleganza per te. Il set CityLife \u00e8 duale, ideale per umani e cani, ed \u00e8 facile da mantenere grazie al tessuto lavabile. Disponibile in quattro colori eleganti, questo set unisce sostenibilit\u00e0 e praticit\u00e0 per ogni avventura in citt\u00e0.<\/p>","protected":false},"excerpt":{"rendered":"<p>Crea il <a href=\"https:\/\/www.instagram.com\/unitedpets\/\">tuo set perfetto<\/a> con il<a href=\"https:\/\/unitedpets.com\/es\/product-2\/pettorina-soft-kit\/\"> Set guinzaglieria Citylife <\/a>con pettorina soft per cani, pensata per te e per il tuo pet. Ogni prodotto \u00e8 realizzato in poliestere riciclato (RPET), una soluzione sostenibile, morbida e resistente che garantisce il massimo comfort per il tuo cane e un tocco di eleganza per te. Il set CityLife \u00e8 duale, ideale per umani e cani, ed \u00e8 facile da mantenere grazie al tessuto lavabile. Disponibile in quattro colori eleganti, questo set unisce sostenibilit\u00e0 e praticit\u00e0 per ogni avventura in citt\u00e0.<\/p>","protected":false},"featured_media":9398,"comment_status":"closed","ping_status":"closed","template":"","meta":[],"product_brand":[],"product_cat":[55,80,81],"product_tag":[],"discount-clusters":[],"collezioni":[],"eco-friendly":[],"animal-type":[272],"designer":[306],"stagionalita":[],"class_list":{"0":"post-9357","1":"product","2":"type-product","3":"status-publish","4":"has-post-thumbnail","6":"product_cat-cane","7":"product_cat-kit","8":"product_cat-kit-passeggio","9":"animal-type-cane","10":"designer-united-pets","12":"first","13":"instock","14":"shipping-taxable","15":"purchasable","16":"product-type-yith_bundle"},"_links":{"self":[{"href":"https:\/\/unitedpets.com\/es\/wp-json\/wp\/v2\/product\/9357","targetHints":{"allow":["GET"]}}],"collection":[{"href":"https:\/\/unitedpets.com\/es\/wp-json\/wp\/v2\/product"}],"about":[{"href":"https:\/\/unitedpets.com\/es\/wp-json\/wp\/v2\/types\/product"}],"replies":[{"embeddable":true,"href":"https:\/\/unitedpets.com\/es\/wp-json\/wp\/v2\/comments?post=9357"}],"wp:featuredmedia":[{"embeddable":true,"href":"https:\/\/unitedpets.com\/es\/wp-json\/wp\/v2\/media\/9398"}],"wp:attachment":[{"href":"https:\/\/unitedpets.com\/es\/wp-json\/wp\/v2\/media?parent=9357"}],"wp:term":[{"taxonomy":"product_brand","embeddable":true,"href":"https:\/\/unitedpets.com\/es\/wp-json\/wp\/v2\/product_brand?post=9357"},{"taxonomy":"product_cat","embeddable":true,"href":"https:\/\/unitedpets.com\/es\/wp-json\/wp\/v2\/product_cat?post=9357"},{"taxonomy":"product_tag","embeddable":true,"href":"https:\/\/unitedpets.com\/es\/wp-json\/wp\/v2\/product_tag?post=9357"},{"taxonomy":"discount-clusters","embeddable":true,"href":"https:\/\/unitedpets.com\/es\/wp-json\/wp\/v2\/discount-clusters?post=9357"},{"taxonomy":"collezioni","embeddable":true,"href":"https:\/\/unitedpets.com\/es\/wp-json\/wp\/v2\/collezioni?post=9357"},{"taxonomy":"eco-friendly","embeddable":true,"href":"https:\/\/unitedpets.com\/es\/wp-json\/wp\/v2\/eco-friendly?post=9357"},{"taxonomy":"animal-type","embeddable":true,"href":"https:\/\/unitedpets.com\/es\/wp-json\/wp\/v2\/animal-type?post=9357"},{"taxonomy":"designer","embeddable":true,"href":"https:\/\/unitedpets.com\/es\/wp-json\/wp\/v2\/designer?post=9357"},{"taxonomy":"stagionalita","embeddable":true,"href":"https:\/\/unitedpets.com\/es\/wp-json\/wp\/v2\/stagionalita?post=9357"}],"curies":[{"name":"wp","href":"https:\/\/api.w.org\/{rel}","templated":true}]}}