{"id":11490,"date":"2025-09-12T19:40:02","date_gmt":"2025-09-12T17:40:02","guid":{"rendered":"https:\/\/unitedpets.com\/?page_id=11490"},"modified":"2025-09-12T20:23:35","modified_gmt":"2025-09-12T18:23:35","slug":"vendredi-noir","status":"publish","type":"page","link":"https:\/\/unitedpets.com\/fr\/black-friday\/","title":{"rendered":"Vendredi noir"},"content":{"rendered":"<p>Restez \u00e0 l'\u00e9coute pour conna\u00eetre nos offres du vendredi noir.<\/p>","protected":false},"excerpt":{"rendered":"<p>Restez \u00e0 l'\u00e9coute pour conna\u00eetre nos offres du vendredi noir.<\/p>","protected":false},"author":14,"featured_media":0,"parent":0,"menu_order":0,"comment_status":"closed","ping_status":"closed","template":"","meta":{"footnotes":""},"page-type":[153],"class_list":["post-11490","page","type-page","status-publish","hentry","page-type-simple-page"],"_links":{"self":[{"href":"https:\/\/unitedpets.com\/fr\/wp-json\/wp\/v2\/pages\/11490","targetHints":{"allow":["GET"]}}],"collection":[{"href":"https:\/\/unitedpets.com\/fr\/wp-json\/wp\/v2\/pages"}],"about":[{"href":"https:\/\/unitedpets.com\/fr\/wp-json\/wp\/v2\/types\/page"}],"author":[{"embeddable":true,"href":"https:\/\/unitedpets.com\/fr\/wp-json\/wp\/v2\/users\/14"}],"replies":[{"embeddable":true,"href":"https:\/\/unitedpets.com\/fr\/wp-json\/wp\/v2\/comments?post=11490"}],"version-history":[{"count":2,"href":"https:\/\/unitedpets.com\/fr\/wp-json\/wp\/v2\/pages\/11490\/revisions"}],"predecessor-version":[{"id":11492,"href":"https:\/\/unitedpets.com\/fr\/wp-json\/wp\/v2\/pages\/11490\/revisions\/11492"}],"wp:attachment":[{"href":"https:\/\/unitedpets.com\/fr\/wp-json\/wp\/v2\/media?parent=11490"}],"wp:term":[{"taxonomy":"page-type","embeddable":true,"href":"https:\/\/unitedpets.com\/fr\/wp-json\/wp\/v2\/page-type?post=11490"}],"curies":[{"name":"wp","href":"https:\/\/api.w.org\/{rel}","templated":true}]}}