{"id":348,"date":"2024-10-03T23:56:30","date_gmt":"2024-10-03T21:56:30","guid":{"rendered":"https:\/\/eba.hmy.temporary.site\/?page_id=348"},"modified":"2025-07-08T13:41:03","modified_gmt":"2025-07-08T11:41:03","slug":"entreprise","status":"publish","type":"page","link":"https:\/\/unitedpets.com\/fr\/company\/","title":{"rendered":"Entreprise"},"content":{"rendered":"<div data-elementor-type=\"wp-page\" data-elementor-id=\"348\" class=\"elementor elementor-348\" data-elementor-post-type=\"page\">\n\t\t\t\t<div class=\"elementor-element elementor-element-ca5c755 e-con-full e-flex e-con e-parent\" data-id=\"ca5c755\" data-element_type=\"container\" data-e-type=\"container\" data-settings=\"{&quot;background_background&quot;:&quot;classic&quot;}\">\n\t\t\t\t<\/div>\n\t\t<div class=\"elementor-element elementor-element-7d362d6 e-con-full e-flex e-con e-parent\" data-id=\"7d362d6\" data-element_type=\"container\" data-e-type=\"container\">\n\t\t\t\t<div class=\"elementor-element elementor-element-cbb88ae elementor-widget elementor-widget-text-editor\" data-id=\"cbb88ae\" data-element_type=\"widget\" data-e-type=\"widget\" data-widget_type=\"text-editor.default\">\n\t\t\t\t\t\t\t\t\t<p>\u201cInt\u00e9grer deux univers, l'animal et l'humain, dans un m\u00eame lieu.\u201d<\/p>\n\t\t\t\t\t\t\t\t<\/div>\n\t\t\t\t<\/div>\n\t\t<div class=\"elementor-element elementor-element-6bdbafe e-con-full e-flex e-con e-parent\" data-id=\"6bdbafe\" data-element_type=\"container\" data-e-type=\"container\">\n\t\t<div class=\"elementor-element elementor-element-b29aca5 e-con-full e-flex e-con e-child\" data-id=\"b29aca5\" data-element_type=\"container\" data-e-type=\"container\">\n\t\t\t\t<div class=\"elementor-element elementor-element-d685146 elementor-widget elementor-widget-image\" data-id=\"d685146\" data-element_type=\"widget\" data-e-type=\"widget\" data-widget_type=\"image.default\">\n\t\t\t\t\t\t\t\t\t\t\t\t\t\t\t<img fetchpriority=\"high\" decoding=\"async\" width=\"1080\" height=\"1080\" src=\"https:\/\/unitedpets.com\/wp-content\/uploads\/2025\/05\/UP-company-img-2.webp\" class=\"attachment-full size-full wp-image-4260\" alt=\"\" srcset=\"https:\/\/unitedpets.com\/wp-content\/uploads\/2025\/05\/UP-company-img-2.webp 1080w, https:\/\/unitedpets.com\/wp-content\/uploads\/2025\/05\/UP-company-img-2-800x800.webp 800w, https:\/\/unitedpets.com\/wp-content\/uploads\/2025\/05\/UP-company-img-2-300x300.webp 300w, https:\/\/unitedpets.com\/wp-content\/uploads\/2025\/05\/UP-company-img-2-1000x1000.webp 1000w, https:\/\/unitedpets.com\/wp-content\/uploads\/2025\/05\/UP-company-img-2-1024x1024.webp 1024w, https:\/\/unitedpets.com\/wp-content\/uploads\/2025\/05\/UP-company-img-2-150x150.webp 150w, https:\/\/unitedpets.com\/wp-content\/uploads\/2025\/05\/UP-company-img-2-768x768.webp 768w, https:\/\/unitedpets.com\/wp-content\/uploads\/2025\/05\/UP-company-img-2-12x12.webp 12w\" sizes=\"(max-width: 1080px) 100vw, 1080px\" \/>\t\t\t\t\t\t\t\t\t\t\t\t\t\t\t<\/div>\n\t\t\t\t<\/div>\n\t\t<div class=\"elementor-element elementor-element-4a611c3 e-con-full e-flex e-con e-child\" data-id=\"4a611c3\" data-element_type=\"container\" data-e-type=\"container\" data-settings=\"{&quot;background_background&quot;:&quot;classic&quot;}\">\n\t\t\t\t<div class=\"elementor-element elementor-element-590ea86 elementor-widget elementor-widget-heading\" data-id=\"590ea86\" data-element_type=\"widget\" data-e-type=\"widget\" data-widget_type=\"heading.default\">\n\t\t\t\t\t<h2 class=\"elementor-heading-title elementor-size-default\">NOTRE MISSION<\/h2>\t\t\t\t<\/div>\n\t\t\t\t<div class=\"elementor-element elementor-element-f612ee2 elementor-widget elementor-widget-text-editor\" data-id=\"f612ee2\" data-element_type=\"widget\" data-e-type=\"widget\" data-widget_type=\"text-editor.default\">\n\t\t\t\t\t\t\t\t\t<p>Une maison, un couple et un chien. Ce sont les \u00e9l\u00e9ments qui, en <strong>1999<\/strong> donner naissance \u00e0 United Pets, <strong>premi\u00e8re marque italienne \u00e0 faire d\u00e9couvrir le design au monde entier<\/strong> d'articles pour animaux de compagnie. Inspir\u00e9e par le contexte urbain de Milan, capitale italienne de la mode et du design, l'entreprise s'est impliqu\u00e9e d\u00e8s le d\u00e9but dans l'\u00e9laboration d'une strat\u00e9gie de d\u00e9veloppement durable. <strong>concepteurs d'excellence<\/strong>, pr\u00e9sents dans chaque projet pour donner une empreinte unique au produit.<\/p>\n<p>Aujourd'hui, United Pets est distribu\u00e9 dans le monde entier et s'enorgueillit de collaborations avec des marques renomm\u00e9es : d'Emporio Armani \u00e0 Qeeboo, de Save the Duck \u00e0 Radio Deejay.<br \/>\nEn 2021, United Pets est devenu membre de l'ADI, l'Association for Industrial Design.<\/p>\n\t\t\t\t\t\t\t\t<\/div>\n\t\t\t\t<\/div>\n\t\t\t\t<\/div>\n\t\t\t\t<\/div>","protected":false},"excerpt":{"rendered":"","protected":false},"author":14,"featured_media":0,"parent":0,"menu_order":0,"comment_status":"closed","ping_status":"closed","template":"","meta":{"footnotes":""},"page-type":[],"class_list":["post-348","page","type-page","status-publish","hentry"],"_links":{"self":[{"href":"https:\/\/unitedpets.com\/fr\/wp-json\/wp\/v2\/pages\/348","targetHints":{"allow":["GET"]}}],"collection":[{"href":"https:\/\/unitedpets.com\/fr\/wp-json\/wp\/v2\/pages"}],"about":[{"href":"https:\/\/unitedpets.com\/fr\/wp-json\/wp\/v2\/types\/page"}],"author":[{"embeddable":true,"href":"https:\/\/unitedpets.com\/fr\/wp-json\/wp\/v2\/users\/14"}],"replies":[{"embeddable":true,"href":"https:\/\/unitedpets.com\/fr\/wp-json\/wp\/v2\/comments?post=348"}],"version-history":[{"count":0,"href":"https:\/\/unitedpets.com\/fr\/wp-json\/wp\/v2\/pages\/348\/revisions"}],"wp:attachment":[{"href":"https:\/\/unitedpets.com\/fr\/wp-json\/wp\/v2\/media?parent=348"}],"wp:term":[{"taxonomy":"page-type","embeddable":true,"href":"https:\/\/unitedpets.com\/fr\/wp-json\/wp\/v2\/page-type?post=348"}],"curies":[{"name":"wp","href":"https:\/\/api.w.org\/{rel}","templated":true}]}}