{"id":11151,"date":"2025-09-02T17:06:00","date_gmt":"2025-09-02T15:06:00","guid":{"rendered":"https:\/\/unitedpets.com\/?post_type=product&#038;p=11151"},"modified":"2026-04-17T04:02:39","modified_gmt":"2026-04-17T02:02:39","slug":"porte-basculante","status":"publish","type":"product","link":"https:\/\/unitedpets.com\/fr\/prodotto\/porta-basculante\/","title":{"rendered":"Porte \u00e0 charni\u00e8re translucide pour le bac \u00e0 liti\u00e8re Min\u00f9"},"content":{"rendered":"<h3>Porte \u00e0 charni\u00e8re translucide pour le bac \u00e0 liti\u00e8re Min\u00f9<\/h3>\n<p>Porta basculante traslucida per lettiera Min\u00f9, ricambio pratico per la lettiera coperta Min\u00f9, facile da pulire e perfetto per mantenere la lettiera sempre igienica.<\/p>","protected":false},"excerpt":{"rendered":"<p>Scopri la porta basculante traslucida per<a href=\"https:\/\/unitedpets.com\/fr\/product-2\/porte-basculante\/\"> lettiera Min\u00f9<\/a> un ricambio pratico e funzionale pensato per mantenere la lettiera coperta <a href=\"https:\/\/www.instagram.com\/unitedpets\/\">Min\u00f9 sempre<\/a> igienica e facile da usare. Questo accessorio \u00e8 progettato per sostituire facilmente la porta originale e garantire comfort e praticit\u00e0 sia al tuo gatto sia a te<\/p>","protected":false},"featured_media":11152,"comment_status":"closed","ping_status":"closed","template":"","meta":[],"product_brand":[],"product_cat":[56,18,91],"product_tag":[],"discount-clusters":[],"collezioni":[],"eco-friendly":[],"animal-type":[],"designer":[],"stagionalita":[],"class_list":{"0":"post-11151","1":"product","2":"type-product","3":"status-publish","4":"has-post-thumbnail","6":"product_cat-gatto","7":"product_cat-igiene-gatto","8":"product_cat-vaschette-igieniche","10":"first","11":"outofstock","12":"shipping-taxable","13":"purchasable","14":"product-type-simple"},"_links":{"self":[{"href":"https:\/\/unitedpets.com\/fr\/wp-json\/wp\/v2\/product\/11151","targetHints":{"allow":["GET"]}}],"collection":[{"href":"https:\/\/unitedpets.com\/fr\/wp-json\/wp\/v2\/product"}],"about":[{"href":"https:\/\/unitedpets.com\/fr\/wp-json\/wp\/v2\/types\/product"}],"replies":[{"embeddable":true,"href":"https:\/\/unitedpets.com\/fr\/wp-json\/wp\/v2\/comments?post=11151"}],"wp:featuredmedia":[{"embeddable":true,"href":"https:\/\/unitedpets.com\/fr\/wp-json\/wp\/v2\/media\/11152"}],"wp:attachment":[{"href":"https:\/\/unitedpets.com\/fr\/wp-json\/wp\/v2\/media?parent=11151"}],"wp:term":[{"taxonomy":"product_brand","embeddable":true,"href":"https:\/\/unitedpets.com\/fr\/wp-json\/wp\/v2\/product_brand?post=11151"},{"taxonomy":"product_cat","embeddable":true,"href":"https:\/\/unitedpets.com\/fr\/wp-json\/wp\/v2\/product_cat?post=11151"},{"taxonomy":"product_tag","embeddable":true,"href":"https:\/\/unitedpets.com\/fr\/wp-json\/wp\/v2\/product_tag?post=11151"},{"taxonomy":"discount-clusters","embeddable":true,"href":"https:\/\/unitedpets.com\/fr\/wp-json\/wp\/v2\/discount-clusters?post=11151"},{"taxonomy":"collezioni","embeddable":true,"href":"https:\/\/unitedpets.com\/fr\/wp-json\/wp\/v2\/collezioni?post=11151"},{"taxonomy":"eco-friendly","embeddable":true,"href":"https:\/\/unitedpets.com\/fr\/wp-json\/wp\/v2\/eco-friendly?post=11151"},{"taxonomy":"animal-type","embeddable":true,"href":"https:\/\/unitedpets.com\/fr\/wp-json\/wp\/v2\/animal-type?post=11151"},{"taxonomy":"designer","embeddable":true,"href":"https:\/\/unitedpets.com\/fr\/wp-json\/wp\/v2\/designer?post=11151"},{"taxonomy":"stagionalita","embeddable":true,"href":"https:\/\/unitedpets.com\/fr\/wp-json\/wp\/v2\/stagionalita?post=11151"}],"curies":[{"name":"wp","href":"https:\/\/api.w.org\/{rel}","templated":true}]}}