{"id":11683,"date":"2025-09-23T14:36:56","date_gmt":"2025-09-23T12:36:56","guid":{"rendered":"https:\/\/unitedpets.com\/?post_type=product&#038;p=11683"},"modified":"2026-05-07T15:02:53","modified_gmt":"2026-05-07T13:02:53","slug":"bol-ecologique-anti-eclaboussures-pour-la-nourriture-et-leau","status":"publish","type":"product","link":"https:\/\/unitedpets.com\/fr\/prodotto\/ciotola-alta-cup-anti-schizzo-eco-friendly-per-cibo-e-acqua\/","title":{"rendered":"Gamelle haute anti-\u00e9claboussures \u00e9cologique pour nourriture et eau \u201cCup\u201d"},"content":{"rendered":"<h3>Gamelle haute anti-\u00e9claboussures \u00e9cologique pour nourriture et eau \u201cCup\u201d<\/h3>\n<p>Ciotola alta utilizzabile sia per cibo che per acqua dal design inconfondibile, realizzata al 100% in plastica riciclata. \u00c9 lavabile in lavastoviglie ed \u00e8 antiscivolo grazie ai suoi piedini in gomma. Si abbina al tappetino sottociotola &#8220;Plate&#8221;. La &#8220;CUP&#8221; \u00e8 una ciotola per cani, progettata sulla base dello studio del ricercatore Alfred Crompton dell\u2019Harvard University in cui si \u00e8 osservato come i cani, per bere e per mangiare, immergano completamente la lingua. Questo impatto spesso provoca la fuoriuscita di acqua e cibo. La CUP, grazie al suo bordo alto e anti-schizzo, impedisce di sporcare la zona intorno alla ciotola.<\/p>\n<p>Capacit\u00e0: 2500ml<\/p>","protected":false},"excerpt":{"rendered":"<p><a href=\"https:\/\/unitedpets.com\/fr\/product-2\/bol-ecologique-anti-eclaboussures-pour-la-nourriture-et-leau\/?attribute_pa_colore=tortora\">La ciotola alta<\/a> per cani <a href=\"https:\/\/www.instagram.com\/unitedpets\/\">CUP<\/a> \u00e8 la soluzione ideale per chi desidera unire funzionalit\u00e0, design e sostenibilit\u00e0 in un unico prodotto pensato per migliorare la quotidianit\u00e0 del proprio animale domestico. Progettata per essere utilizzata sia con il cibo che con l\u2019acqua, questa ciotola si distingue per il suo design inconfondibile e per le sue caratteristiche tecniche avanzate, che la rendono perfetta per un utilizzo pratico, igienico e duraturo.<\/p>","protected":false},"featured_media":11693,"comment_status":"closed","ping_status":"closed","template":"","meta":[],"product_brand":[],"product_cat":[55,63,65],"product_tag":[],"discount-clusters":[],"collezioni":[333],"eco-friendly":[328],"animal-type":[272],"designer":[294],"stagionalita":[],"class_list":{"0":"post-11683","1":"product","2":"type-product","3":"status-publish","4":"has-post-thumbnail","6":"product_cat-cane","7":"product_cat-casa","8":"product_cat-ciotole-e-accessori","9":"collezioni-ld","10":"eco-friendly-yes","11":"animal-type-cane","12":"designer-gabriele-vella","14":"first","15":"outofstock","16":"shipping-taxable","17":"purchasable","18":"product-type-variable","19":"has-default-attributes"},"_links":{"self":[{"href":"https:\/\/unitedpets.com\/fr\/wp-json\/wp\/v2\/product\/11683","targetHints":{"allow":["GET"]}}],"collection":[{"href":"https:\/\/unitedpets.com\/fr\/wp-json\/wp\/v2\/product"}],"about":[{"href":"https:\/\/unitedpets.com\/fr\/wp-json\/wp\/v2\/types\/product"}],"replies":[{"embeddable":true,"href":"https:\/\/unitedpets.com\/fr\/wp-json\/wp\/v2\/comments?post=11683"}],"wp:featuredmedia":[{"embeddable":true,"href":"https:\/\/unitedpets.com\/fr\/wp-json\/wp\/v2\/media\/11693"}],"wp:attachment":[{"href":"https:\/\/unitedpets.com\/fr\/wp-json\/wp\/v2\/media?parent=11683"}],"wp:term":[{"taxonomy":"product_brand","embeddable":true,"href":"https:\/\/unitedpets.com\/fr\/wp-json\/wp\/v2\/product_brand?post=11683"},{"taxonomy":"product_cat","embeddable":true,"href":"https:\/\/unitedpets.com\/fr\/wp-json\/wp\/v2\/product_cat?post=11683"},{"taxonomy":"product_tag","embeddable":true,"href":"https:\/\/unitedpets.com\/fr\/wp-json\/wp\/v2\/product_tag?post=11683"},{"taxonomy":"discount-clusters","embeddable":true,"href":"https:\/\/unitedpets.com\/fr\/wp-json\/wp\/v2\/discount-clusters?post=11683"},{"taxonomy":"collezioni","embeddable":true,"href":"https:\/\/unitedpets.com\/fr\/wp-json\/wp\/v2\/collezioni?post=11683"},{"taxonomy":"eco-friendly","embeddable":true,"href":"https:\/\/unitedpets.com\/fr\/wp-json\/wp\/v2\/eco-friendly?post=11683"},{"taxonomy":"animal-type","embeddable":true,"href":"https:\/\/unitedpets.com\/fr\/wp-json\/wp\/v2\/animal-type?post=11683"},{"taxonomy":"designer","embeddable":true,"href":"https:\/\/unitedpets.com\/fr\/wp-json\/wp\/v2\/designer?post=11683"},{"taxonomy":"stagionalita","embeddable":true,"href":"https:\/\/unitedpets.com\/fr\/wp-json\/wp\/v2\/stagionalita?post=11683"}],"curies":[{"name":"wp","href":"https:\/\/api.w.org\/{rel}","templated":true}]}}