{"id":11852,"date":"2025-09-30T09:26:28","date_gmt":"2025-09-30T07:26:28","guid":{"rendered":"https:\/\/unitedpets.com\/?post_type=product&#038;p=11852"},"modified":"2026-04-30T08:03:39","modified_gmt":"2026-04-30T06:03:39","slug":"bavoir-en-peluche-citylife","status":"publish","type":"product","link":"https:\/\/unitedpets.com\/fr\/prodotto\/citylife-pettorina-soft-in-plush\/","title":{"rendered":"CITYLIFE - Bavoir en peluche"},"content":{"rendered":"<h3>CITYLIFE - Bavoir en peluche<\/h3>\n<p>Le bavoir en forme de H, rembourr\u00e9 et doux, garantit un excellent ajustement gr\u00e2ce \u00e0 un syst\u00e8me de r\u00e9glage facile. \u00c9quip\u00e9e d'une sangle de poitrine antifriction, elle offre confort et protection pendant l'activit\u00e9. Elle comprend une poche pour le suivi GPS pour plus de s\u00e9curit\u00e9 et deux boucles pour attacher une laisse multifonctionnelle, ce qui permet une utilisation polyvalente.<\/p>","protected":false},"excerpt":{"rendered":"<p><a href=\"https:\/\/unitedpets.com\/fr\/product-2\/bavoir-en-peluche-citylife\/\">CITYLIFE Pettorina Soft in plush<\/a> rappresenta una soluzione ideale per chi desidera unire comfort, sicurezza e design durante le passeggiate quotidiane con il proprio cane. Si tratta di una pettorina ad<a href=\"https:\/\/www.instagram.com\/unitedpets\/\"> H imbottita<\/a> studiata per garantire una vestibilit\u00e0 ergonomica e stabile, riducendo al minimo i fastidi e migliorando l\u2019esperienza di movimento dell\u2019animale in ogni situazione. Grazie alla sua struttura morbida e avvolgente, questa pettorina \u00e8 particolarmente indicata per cani di tutte le taglie che necessitano di un supporto confortevole e ben distribuito sul corpo<\/p>","protected":false},"featured_media":11873,"comment_status":"closed","ping_status":"closed","template":"","meta":[],"product_brand":[],"product_cat":[390],"product_tag":[],"discount-clusters":[397],"collezioni":[335],"eco-friendly":[328],"animal-type":[272],"designer":[306],"stagionalita":[],"class_list":{"0":"post-11852","1":"product","2":"type-product","3":"status-publish","4":"has-post-thumbnail","6":"product_cat-outlet","7":"discount-clusters-397","8":"collezioni-cl","9":"eco-friendly-yes","10":"animal-type-cane","11":"designer-united-pets","13":"first","14":"outofstock","15":"sale","16":"featured","17":"shipping-taxable","18":"purchasable","19":"product-type-variable","20":"has-default-attributes"},"_links":{"self":[{"href":"https:\/\/unitedpets.com\/fr\/wp-json\/wp\/v2\/product\/11852","targetHints":{"allow":["GET"]}}],"collection":[{"href":"https:\/\/unitedpets.com\/fr\/wp-json\/wp\/v2\/product"}],"about":[{"href":"https:\/\/unitedpets.com\/fr\/wp-json\/wp\/v2\/types\/product"}],"replies":[{"embeddable":true,"href":"https:\/\/unitedpets.com\/fr\/wp-json\/wp\/v2\/comments?post=11852"}],"wp:featuredmedia":[{"embeddable":true,"href":"https:\/\/unitedpets.com\/fr\/wp-json\/wp\/v2\/media\/11873"}],"wp:attachment":[{"href":"https:\/\/unitedpets.com\/fr\/wp-json\/wp\/v2\/media?parent=11852"}],"wp:term":[{"taxonomy":"product_brand","embeddable":true,"href":"https:\/\/unitedpets.com\/fr\/wp-json\/wp\/v2\/product_brand?post=11852"},{"taxonomy":"product_cat","embeddable":true,"href":"https:\/\/unitedpets.com\/fr\/wp-json\/wp\/v2\/product_cat?post=11852"},{"taxonomy":"product_tag","embeddable":true,"href":"https:\/\/unitedpets.com\/fr\/wp-json\/wp\/v2\/product_tag?post=11852"},{"taxonomy":"discount-clusters","embeddable":true,"href":"https:\/\/unitedpets.com\/fr\/wp-json\/wp\/v2\/discount-clusters?post=11852"},{"taxonomy":"collezioni","embeddable":true,"href":"https:\/\/unitedpets.com\/fr\/wp-json\/wp\/v2\/collezioni?post=11852"},{"taxonomy":"eco-friendly","embeddable":true,"href":"https:\/\/unitedpets.com\/fr\/wp-json\/wp\/v2\/eco-friendly?post=11852"},{"taxonomy":"animal-type","embeddable":true,"href":"https:\/\/unitedpets.com\/fr\/wp-json\/wp\/v2\/animal-type?post=11852"},{"taxonomy":"designer","embeddable":true,"href":"https:\/\/unitedpets.com\/fr\/wp-json\/wp\/v2\/designer?post=11852"},{"taxonomy":"stagionalita","embeddable":true,"href":"https:\/\/unitedpets.com\/fr\/wp-json\/wp\/v2\/stagionalita?post=11852"}],"curies":[{"name":"wp","href":"https:\/\/api.w.org\/{rel}","templated":true}]}}