{"id":12403,"date":"2025-10-08T14:17:55","date_gmt":"2025-10-08T12:17:55","guid":{"rendered":"https:\/\/unitedpets.com\/?post_type=product&#038;p=12403"},"modified":"2026-05-05T00:03:24","modified_gmt":"2026-05-04T22:03:24","slug":"petit-bol-patronal-pour-chiens","status":"publish","type":"product","link":"https:\/\/unitedpets.com\/fr\/prodotto\/ciotola-boss-piccola-per-cani\/","title":{"rendered":"Ciotola per cani &#8220;Boss Piccola&#8221;"},"content":{"rendered":"<h3>Ciotola per cani &#8220;Boss Piccola&#8221;<\/h3>\n<p>Gamelle de nourriture et d'eau pour chiens. Gr\u00e2ce \u00e0 sa forme inclin\u00e9e, elle est id\u00e9ale pour les chiens brachyc\u00e9phales. Elle passe au lave-vaisselle et est antid\u00e9rapante.<\/p>","protected":false},"excerpt":{"rendered":"<p data-start=\"0\" data-end=\"353\">La <a href=\"https:\/\/unitedpets.com\/fr\/product-2\/petit-bol-patronal-pour-chiens\/\">ciotola per cani Boss Piccola<\/a> \u00e8 la scelta ideale per chi desidera un <a href=\"https:\/\/www.instagram.com\/unitedpets\/\">accessorio pratico<\/a>, resistente e progettato per migliorare il comfort del proprio animale durante i pasti, pensata per un utilizzo quotidiano questa unisce funzionalit\u00e0 ed ergonomia offrendo una soluzione efficace per la gestione di cibo e acqua in modo semplice e ordinato \u00a0per cani Boss Piccola \u00e8 la scelta ideale per chi desidera un accessorio pratico, resistente e progettato per migliorare il comfort del proprio animale durante i pasti, pensata per un utilizzo quotidiano questa unisce funzionalit\u00e0 ed ergonomia offrendo una soluzione efficace per la gestione di cibo e acqua in modo semplice e ordinato per cani Boss Piccola \u00e8 la scelta ideale per chi desidera un accessorio pratico, resistente e progettato per migliorare il comfort del proprio animale durante i pasti, pensata per un utilizzo quotidiano questa unisce funzionalit\u00e0 ed ergonomia offrendo una soluzione efficace per la gestione di cibo e acqua in modo semplice e ordinato<\/p>","protected":false},"featured_media":12408,"comment_status":"closed","ping_status":"closed","template":"","meta":[],"product_brand":[],"product_cat":[390],"product_tag":[],"discount-clusters":[387],"collezioni":[],"eco-friendly":[328],"animal-type":[272],"designer":[311],"stagionalita":[],"class_list":{"0":"post-12403","1":"product","2":"type-product","3":"status-publish","4":"has-post-thumbnail","6":"product_cat-outlet","7":"discount-clusters-387","8":"eco-friendly-yes","9":"animal-type-cane","10":"designer-andrea-vecera","12":"first","13":"outofstock","14":"sale","15":"shipping-taxable","16":"purchasable","17":"product-type-variable","18":"has-default-attributes"},"_links":{"self":[{"href":"https:\/\/unitedpets.com\/fr\/wp-json\/wp\/v2\/product\/12403","targetHints":{"allow":["GET"]}}],"collection":[{"href":"https:\/\/unitedpets.com\/fr\/wp-json\/wp\/v2\/product"}],"about":[{"href":"https:\/\/unitedpets.com\/fr\/wp-json\/wp\/v2\/types\/product"}],"replies":[{"embeddable":true,"href":"https:\/\/unitedpets.com\/fr\/wp-json\/wp\/v2\/comments?post=12403"}],"wp:featuredmedia":[{"embeddable":true,"href":"https:\/\/unitedpets.com\/fr\/wp-json\/wp\/v2\/media\/12408"}],"wp:attachment":[{"href":"https:\/\/unitedpets.com\/fr\/wp-json\/wp\/v2\/media?parent=12403"}],"wp:term":[{"taxonomy":"product_brand","embeddable":true,"href":"https:\/\/unitedpets.com\/fr\/wp-json\/wp\/v2\/product_brand?post=12403"},{"taxonomy":"product_cat","embeddable":true,"href":"https:\/\/unitedpets.com\/fr\/wp-json\/wp\/v2\/product_cat?post=12403"},{"taxonomy":"product_tag","embeddable":true,"href":"https:\/\/unitedpets.com\/fr\/wp-json\/wp\/v2\/product_tag?post=12403"},{"taxonomy":"discount-clusters","embeddable":true,"href":"https:\/\/unitedpets.com\/fr\/wp-json\/wp\/v2\/discount-clusters?post=12403"},{"taxonomy":"collezioni","embeddable":true,"href":"https:\/\/unitedpets.com\/fr\/wp-json\/wp\/v2\/collezioni?post=12403"},{"taxonomy":"eco-friendly","embeddable":true,"href":"https:\/\/unitedpets.com\/fr\/wp-json\/wp\/v2\/eco-friendly?post=12403"},{"taxonomy":"animal-type","embeddable":true,"href":"https:\/\/unitedpets.com\/fr\/wp-json\/wp\/v2\/animal-type?post=12403"},{"taxonomy":"designer","embeddable":true,"href":"https:\/\/unitedpets.com\/fr\/wp-json\/wp\/v2\/designer?post=12403"},{"taxonomy":"stagionalita","embeddable":true,"href":"https:\/\/unitedpets.com\/fr\/wp-json\/wp\/v2\/stagionalita?post=12403"}],"curies":[{"name":"wp","href":"https:\/\/api.w.org\/{rel}","templated":true}]}}