{"id":12455,"date":"2025-10-10T10:55:47","date_gmt":"2025-10-10T08:55:47","guid":{"rendered":"https:\/\/unitedpets.com\/?post_type=product&#038;p=12455"},"modified":"2026-04-19T14:02:52","modified_gmt":"2026-04-19T12:02:52","slug":"bol-a-queue-pour-chiens","status":"publish","type":"product","link":"https:\/\/unitedpets.com\/fr\/prodotto\/ciotola-tail-per-cani\/","title":{"rendered":"Ciotola per cani &#8220;Tail&#8221;"},"content":{"rendered":"<h3>Ciotola per cani &#8220;Tail&#8221;<\/h3>\n<p>Bol \u00e0 eau et \u00e0 nourriture pour chiens, fabriqu\u00e9 en polypropyl\u00e8ne indestructible. Elle passe au lave-vaisselle et est antid\u00e9rapante gr\u00e2ce \u00e0 ses pieds en caoutchouc. La queue, tr\u00e8s pratique, facilite la prise en main.<\/p>","protected":false},"excerpt":{"rendered":"<p>La <a href=\"https:\/\/unitedpets.com\/fr\/product-2\/bol-a-queue-pour-chiens\/\">ciotola per cani Tail<\/a> \u00e8 l<a href=\"https:\/\/www.instagram.com\/unitedpets\/\">a scelta<\/a> perfetta per chi cerca un accessorio pratico, resistente e dal design intelligente per la gestione quotidiana di cibo e acqua, progettata per offrire il massimo comfort al cane e semplificare la vita del proprietario, questa ciotola unisce materiali di alta qualit\u00e0 e dettagli funzionali che la rendono un elemento indispensabile in ogni casa con animali domestici<\/p>","protected":false},"featured_media":12460,"comment_status":"closed","ping_status":"closed","template":"","meta":[],"product_brand":[],"product_cat":[390],"product_tag":[],"discount-clusters":[387],"collezioni":[],"eco-friendly":[328],"animal-type":[272],"designer":[313],"stagionalita":[],"class_list":{"0":"post-12455","1":"product","2":"type-product","3":"status-publish","4":"has-post-thumbnail","6":"product_cat-outlet","7":"discount-clusters-387","8":"eco-friendly-yes","9":"animal-type-cane","10":"designer-enrico-azzimonti","12":"first","13":"outofstock","14":"sale","15":"shipping-taxable","16":"purchasable","17":"product-type-variable","18":"has-default-attributes"},"_links":{"self":[{"href":"https:\/\/unitedpets.com\/fr\/wp-json\/wp\/v2\/product\/12455","targetHints":{"allow":["GET"]}}],"collection":[{"href":"https:\/\/unitedpets.com\/fr\/wp-json\/wp\/v2\/product"}],"about":[{"href":"https:\/\/unitedpets.com\/fr\/wp-json\/wp\/v2\/types\/product"}],"replies":[{"embeddable":true,"href":"https:\/\/unitedpets.com\/fr\/wp-json\/wp\/v2\/comments?post=12455"}],"wp:featuredmedia":[{"embeddable":true,"href":"https:\/\/unitedpets.com\/fr\/wp-json\/wp\/v2\/media\/12460"}],"wp:attachment":[{"href":"https:\/\/unitedpets.com\/fr\/wp-json\/wp\/v2\/media?parent=12455"}],"wp:term":[{"taxonomy":"product_brand","embeddable":true,"href":"https:\/\/unitedpets.com\/fr\/wp-json\/wp\/v2\/product_brand?post=12455"},{"taxonomy":"product_cat","embeddable":true,"href":"https:\/\/unitedpets.com\/fr\/wp-json\/wp\/v2\/product_cat?post=12455"},{"taxonomy":"product_tag","embeddable":true,"href":"https:\/\/unitedpets.com\/fr\/wp-json\/wp\/v2\/product_tag?post=12455"},{"taxonomy":"discount-clusters","embeddable":true,"href":"https:\/\/unitedpets.com\/fr\/wp-json\/wp\/v2\/discount-clusters?post=12455"},{"taxonomy":"collezioni","embeddable":true,"href":"https:\/\/unitedpets.com\/fr\/wp-json\/wp\/v2\/collezioni?post=12455"},{"taxonomy":"eco-friendly","embeddable":true,"href":"https:\/\/unitedpets.com\/fr\/wp-json\/wp\/v2\/eco-friendly?post=12455"},{"taxonomy":"animal-type","embeddable":true,"href":"https:\/\/unitedpets.com\/fr\/wp-json\/wp\/v2\/animal-type?post=12455"},{"taxonomy":"designer","embeddable":true,"href":"https:\/\/unitedpets.com\/fr\/wp-json\/wp\/v2\/designer?post=12455"},{"taxonomy":"stagionalita","embeddable":true,"href":"https:\/\/unitedpets.com\/fr\/wp-json\/wp\/v2\/stagionalita?post=12455"}],"curies":[{"name":"wp","href":"https:\/\/api.w.org\/{rel}","templated":true}]}}