{"id":12463,"date":"2025-10-10T12:20:19","date_gmt":"2025-10-10T10:20:19","guid":{"rendered":"https:\/\/unitedpets.com\/?post_type=product&#038;p=12463"},"modified":"2026-04-13T19:03:40","modified_gmt":"2026-04-13T17:03:40","slug":"ecuelle-de-nourriture-et-deau-pour-chiens-et-chats-pappy","status":"publish","type":"product","link":"https:\/\/unitedpets.com\/fr\/prodotto\/ciotola-pappy-per-cibo-e-acqua-per-cani-e-gatti\/","title":{"rendered":"Bol \u00e0 eau et \u00e0 nourriture \u201cPappy\u201d pour chiens et chats"},"content":{"rendered":"<p>Gamelle pour chat et chien Pappy, adapt\u00e9e au contact avec la nourriture et l'eau, fabriqu\u00e9e en polypropyl\u00e8ne indestructible. Elle passe au lave-vaisselle et est antid\u00e9rapante gr\u00e2ce \u00e0 ses pieds en caoutchouc. La poign\u00e9e pratique facilite la prise en main.<\/p>","protected":false},"excerpt":{"rendered":"<p>Gamelle Pappy pour chiens et chats adapt\u00e9e au contact avec la nourriture et l'eau, fabriqu\u00e9e en polypropyl\u00e8ne indestructible.<\/p>","protected":false},"featured_media":8928,"comment_status":"closed","ping_status":"closed","template":"","meta":[],"product_brand":[],"product_cat":[390],"product_tag":[],"discount-clusters":[387],"collezioni":[333],"eco-friendly":[328],"animal-type":[272],"designer":[281],"stagionalita":[],"class_list":{"0":"post-12463","1":"product","2":"type-product","3":"status-publish","4":"has-post-thumbnail","6":"product_cat-outlet","7":"discount-clusters-387","8":"collezioni-ld","9":"eco-friendly-yes","10":"animal-type-cane","11":"designer-ilaria-gibertini-e-giulio-iacchetti","13":"first","14":"outofstock","15":"sale","16":"shipping-taxable","17":"purchasable","18":"product-type-variable","19":"has-default-attributes"},"_links":{"self":[{"href":"https:\/\/unitedpets.com\/fr\/wp-json\/wp\/v2\/product\/12463","targetHints":{"allow":["GET"]}}],"collection":[{"href":"https:\/\/unitedpets.com\/fr\/wp-json\/wp\/v2\/product"}],"about":[{"href":"https:\/\/unitedpets.com\/fr\/wp-json\/wp\/v2\/types\/product"}],"replies":[{"embeddable":true,"href":"https:\/\/unitedpets.com\/fr\/wp-json\/wp\/v2\/comments?post=12463"}],"wp:featuredmedia":[{"embeddable":true,"href":"https:\/\/unitedpets.com\/fr\/wp-json\/wp\/v2\/media\/8928"}],"wp:attachment":[{"href":"https:\/\/unitedpets.com\/fr\/wp-json\/wp\/v2\/media?parent=12463"}],"wp:term":[{"taxonomy":"product_brand","embeddable":true,"href":"https:\/\/unitedpets.com\/fr\/wp-json\/wp\/v2\/product_brand?post=12463"},{"taxonomy":"product_cat","embeddable":true,"href":"https:\/\/unitedpets.com\/fr\/wp-json\/wp\/v2\/product_cat?post=12463"},{"taxonomy":"product_tag","embeddable":true,"href":"https:\/\/unitedpets.com\/fr\/wp-json\/wp\/v2\/product_tag?post=12463"},{"taxonomy":"discount-clusters","embeddable":true,"href":"https:\/\/unitedpets.com\/fr\/wp-json\/wp\/v2\/discount-clusters?post=12463"},{"taxonomy":"collezioni","embeddable":true,"href":"https:\/\/unitedpets.com\/fr\/wp-json\/wp\/v2\/collezioni?post=12463"},{"taxonomy":"eco-friendly","embeddable":true,"href":"https:\/\/unitedpets.com\/fr\/wp-json\/wp\/v2\/eco-friendly?post=12463"},{"taxonomy":"animal-type","embeddable":true,"href":"https:\/\/unitedpets.com\/fr\/wp-json\/wp\/v2\/animal-type?post=12463"},{"taxonomy":"designer","embeddable":true,"href":"https:\/\/unitedpets.com\/fr\/wp-json\/wp\/v2\/designer?post=12463"},{"taxonomy":"stagionalita","embeddable":true,"href":"https:\/\/unitedpets.com\/fr\/wp-json\/wp\/v2\/stagionalita?post=12463"}],"curies":[{"name":"wp","href":"https:\/\/api.w.org\/{rel}","templated":true}]}}