{"id":12581,"date":"2025-10-13T12:15:40","date_gmt":"2025-10-13T10:15:40","guid":{"rendered":"https:\/\/unitedpets.com\/?post_type=product&#038;p=12581"},"modified":"2026-04-17T11:02:56","modified_gmt":"2026-04-17T09:02:56","slug":"distributeur-de-sacs-pour-chiens-dwarf-bon-ton","status":"publish","type":"product","link":"https:\/\/unitedpets.com\/fr\/prodotto\/dispenser-porta-sacchettini-bon-ton-nano-per-cani\/","title":{"rendered":"Distributeur de sachets \u201cBon Ton Nano\u201d pour chiens"},"content":{"rendered":"<h3>Distributeur de sachets \u201cBon Ton Nano\u201d pour chiens<\/h3>\n<p>Distributeur de sacs hygi\u00e9niques pratique, en forme d'os ou r\u00e9vis\u00e9 pour les collections sp\u00e9ciales. Id\u00e9al pour les petits chiens, comprend un rouleau de 10 sacs biod\u00e9gradables.<\/p>","protected":false},"excerpt":{"rendered":"<p>Il <a href=\"https:\/\/unitedpets.com\/fr\/product-2\/bon-ton-nano-pearl\/?attribute_pa_colore=arancione&amp;attribute_pa_taglia=regular\">dispenser porta sacchettini Bon Ton Nano<\/a> per cani rappresenta la soluzione ideale per chi desidera un <a href=\"https:\/\/www.instagram.com\/unitedpets\/\">accessorio pratico<\/a>, compatto ed elegante da utilizzare durante le passeggiate quotidiane con il proprio animale domestico, progettato con una forma accattivante che richiama l\u2019osso oppure reinterpretata in versioni dedicate a collezioni particolari, questo dispenser unisce funzionalit\u00e0 e design rendendolo un elemento indispensabile per ogni proprietario attento alla pulizia e al comfort<\/p>","protected":false},"featured_media":12588,"comment_status":"closed","ping_status":"closed","template":"","meta":[],"product_brand":[],"product_cat":[390],"product_tag":[],"discount-clusters":[387],"collezioni":[],"eco-friendly":[],"animal-type":[272],"designer":[307],"stagionalita":[],"class_list":{"0":"post-12581","1":"product","2":"type-product","3":"status-publish","4":"has-post-thumbnail","6":"product_cat-outlet","7":"discount-clusters-387","8":"animal-type-cane","9":"designer-ilaria-gibertini-e-miriam-mirri","11":"first","12":"instock","13":"sale","14":"shipping-taxable","15":"purchasable","16":"product-type-simple"},"_links":{"self":[{"href":"https:\/\/unitedpets.com\/fr\/wp-json\/wp\/v2\/product\/12581","targetHints":{"allow":["GET"]}}],"collection":[{"href":"https:\/\/unitedpets.com\/fr\/wp-json\/wp\/v2\/product"}],"about":[{"href":"https:\/\/unitedpets.com\/fr\/wp-json\/wp\/v2\/types\/product"}],"replies":[{"embeddable":true,"href":"https:\/\/unitedpets.com\/fr\/wp-json\/wp\/v2\/comments?post=12581"}],"wp:featuredmedia":[{"embeddable":true,"href":"https:\/\/unitedpets.com\/fr\/wp-json\/wp\/v2\/media\/12588"}],"wp:attachment":[{"href":"https:\/\/unitedpets.com\/fr\/wp-json\/wp\/v2\/media?parent=12581"}],"wp:term":[{"taxonomy":"product_brand","embeddable":true,"href":"https:\/\/unitedpets.com\/fr\/wp-json\/wp\/v2\/product_brand?post=12581"},{"taxonomy":"product_cat","embeddable":true,"href":"https:\/\/unitedpets.com\/fr\/wp-json\/wp\/v2\/product_cat?post=12581"},{"taxonomy":"product_tag","embeddable":true,"href":"https:\/\/unitedpets.com\/fr\/wp-json\/wp\/v2\/product_tag?post=12581"},{"taxonomy":"discount-clusters","embeddable":true,"href":"https:\/\/unitedpets.com\/fr\/wp-json\/wp\/v2\/discount-clusters?post=12581"},{"taxonomy":"collezioni","embeddable":true,"href":"https:\/\/unitedpets.com\/fr\/wp-json\/wp\/v2\/collezioni?post=12581"},{"taxonomy":"eco-friendly","embeddable":true,"href":"https:\/\/unitedpets.com\/fr\/wp-json\/wp\/v2\/eco-friendly?post=12581"},{"taxonomy":"animal-type","embeddable":true,"href":"https:\/\/unitedpets.com\/fr\/wp-json\/wp\/v2\/animal-type?post=12581"},{"taxonomy":"designer","embeddable":true,"href":"https:\/\/unitedpets.com\/fr\/wp-json\/wp\/v2\/designer?post=12581"},{"taxonomy":"stagionalita","embeddable":true,"href":"https:\/\/unitedpets.com\/fr\/wp-json\/wp\/v2\/stagionalita?post=12581"}],"curies":[{"name":"wp","href":"https:\/\/api.w.org\/{rel}","templated":true}]}}