{"id":12693,"date":"2025-10-15T11:21:00","date_gmt":"2025-10-15T09:21:00","guid":{"rendered":"https:\/\/unitedpets.com\/?post_type=product&#038;p=12693"},"modified":"2026-04-19T12:03:22","modified_gmt":"2026-04-19T10:03:22","slug":"complete-me-bib-3","status":"publish","type":"product","link":"https:\/\/unitedpets.com\/fr\/prodotto\/complete-me-pettorina-3\/","title":{"rendered":"Harnais Fast Fit pour chien \u2013 Complete Me"},"content":{"rendered":"<h3>Harnais Fast Fit pour chien \u2013 Complete Me<\/h3>\n<p>Bavette r\u00e9glable en nylon doux, avec de petites pi\u00e8ces en acier inoxydable, avec un grand souci du d\u00e9tail. \u00c9quip\u00e9 de Velcro pour attacher de jolis patchs et facile \u00e0 enfiler gr\u00e2ce \u00e0 l'attache \u00e0 clip. Cr\u00e9ez votre propre ensemble d'accessoires ! La ligne Complete Me se compose d'un collier, d'une laisse, d'un harnais, d'un distributeur, d'un twilly et d'\u00e9cussons d\u00e9coratifs. Choisissez votre motif pr\u00e9f\u00e9r\u00e9 ou combinez les diff\u00e9rents motifs pour exprimer votre style et celui de votre animal.<\/p>","protected":false},"excerpt":{"rendered":"<p><a href=\"https:\/\/unitedpets.com\/fr\/product-2\/complete-me-bib-3\/\">La pettorina Fast Fit<\/a> \u2013 <a href=\"https:\/\/www.instagram.com\/unitedpets\/\">Complete Me<\/a> \u00e8 la scelta ideale per chi cerca una pettorina per cani pratica, resistente e dal design personalizzabile. Pensata per garantire il massimo comfort al tuo amico a quattro zampe e allo stesso tempo soddisfare le esigenze di stile dei proprietari pi\u00f9 attenti, questa pettorina regolabile unisce funzionalit\u00e0, qualit\u00e0 dei materiali e versatilit\u00e0 in un unico prodotto.<\/p>","protected":false},"featured_media":8397,"comment_status":"closed","ping_status":"closed","template":"","meta":[],"product_brand":[],"product_cat":[390],"product_tag":[],"discount-clusters":[387],"collezioni":[332,333],"eco-friendly":[],"animal-type":[272],"designer":[277],"stagionalita":[],"class_list":{"0":"post-12693","1":"product","2":"type-product","3":"status-publish","4":"has-post-thumbnail","6":"product_cat-outlet","7":"discount-clusters-387","8":"collezioni-gcm","9":"collezioni-ld","10":"animal-type-cane","11":"designer-gianfranco-primiceri","13":"first","14":"outofstock","15":"sale","16":"shipping-taxable","17":"purchasable","18":"product-type-variable","19":"has-default-attributes"},"_links":{"self":[{"href":"https:\/\/unitedpets.com\/fr\/wp-json\/wp\/v2\/product\/12693","targetHints":{"allow":["GET"]}}],"collection":[{"href":"https:\/\/unitedpets.com\/fr\/wp-json\/wp\/v2\/product"}],"about":[{"href":"https:\/\/unitedpets.com\/fr\/wp-json\/wp\/v2\/types\/product"}],"replies":[{"embeddable":true,"href":"https:\/\/unitedpets.com\/fr\/wp-json\/wp\/v2\/comments?post=12693"}],"wp:featuredmedia":[{"embeddable":true,"href":"https:\/\/unitedpets.com\/fr\/wp-json\/wp\/v2\/media\/8397"}],"wp:attachment":[{"href":"https:\/\/unitedpets.com\/fr\/wp-json\/wp\/v2\/media?parent=12693"}],"wp:term":[{"taxonomy":"product_brand","embeddable":true,"href":"https:\/\/unitedpets.com\/fr\/wp-json\/wp\/v2\/product_brand?post=12693"},{"taxonomy":"product_cat","embeddable":true,"href":"https:\/\/unitedpets.com\/fr\/wp-json\/wp\/v2\/product_cat?post=12693"},{"taxonomy":"product_tag","embeddable":true,"href":"https:\/\/unitedpets.com\/fr\/wp-json\/wp\/v2\/product_tag?post=12693"},{"taxonomy":"discount-clusters","embeddable":true,"href":"https:\/\/unitedpets.com\/fr\/wp-json\/wp\/v2\/discount-clusters?post=12693"},{"taxonomy":"collezioni","embeddable":true,"href":"https:\/\/unitedpets.com\/fr\/wp-json\/wp\/v2\/collezioni?post=12693"},{"taxonomy":"eco-friendly","embeddable":true,"href":"https:\/\/unitedpets.com\/fr\/wp-json\/wp\/v2\/eco-friendly?post=12693"},{"taxonomy":"animal-type","embeddable":true,"href":"https:\/\/unitedpets.com\/fr\/wp-json\/wp\/v2\/animal-type?post=12693"},{"taxonomy":"designer","embeddable":true,"href":"https:\/\/unitedpets.com\/fr\/wp-json\/wp\/v2\/designer?post=12693"},{"taxonomy":"stagionalita","embeddable":true,"href":"https:\/\/unitedpets.com\/fr\/wp-json\/wp\/v2\/stagionalita?post=12693"}],"curies":[{"name":"wp","href":"https:\/\/api.w.org\/{rel}","templated":true}]}}