{"id":12775,"date":"2025-10-22T10:05:33","date_gmt":"2025-10-22T08:05:33","guid":{"rendered":"https:\/\/unitedpets.com\/?post_type=product&#038;p=12775"},"modified":"2026-04-30T08:03:39","modified_gmt":"2026-04-30T06:03:39","slug":"manteau-rembourre-pour-chien-save-the-duck","status":"publish","type":"product","link":"https:\/\/unitedpets.com\/fr\/prodotto\/save-the-duck-cappotto-imbottito-per-cane\/","title":{"rendered":"Imperm\u00e9able rembourr\u00e9 pour chiens \u2013 SAVE THE DUCK x UNITED PETS"},"content":{"rendered":"<h3>Imperm\u00e9able rembourr\u00e9 pour chiens \u2013 SAVE THE DUCK x UNITED PETS<\/h3>\n<p>United Pets s'associe \u00e0 Save the Duck pour cr\u00e9er cette ligne de manteaux pour animaux de compagnie. Un manteau rembourr\u00e9 et respirant avec un rembourrage en nylon \u00e0 tr\u00e8s haute densit\u00e9 qui absorbe l'humidit\u00e9 et s\u00e8che rapidement.<\/p>","protected":false},"excerpt":{"rendered":"<p>L<a href=\"https:\/\/unitedpets.com\/fr\/product-2\/manteau-rembourre-pour-chien-save-the-duck\/\">\u2019impermeabile imbottito<\/a> per cani SAVE THE DUCK x <a href=\"https:\/\/www.instagram.com\/unitedpets\/\">UNITED PETS<\/a> rappresenta una delle migliori soluzioni sul mercato per chi desidera proteggere il proprio cane dal freddo, dalla pioggia e dall\u2019umidit\u00e0 senza rinunciare allo stile.\u00a0SAVE THE DUCK x UNITED PETS rappresenta una delle migliori soluzioni sul mercato per chi desidera proteggere il proprio cane dal freddo, dalla pioggia e dall\u2019umidit\u00e0 senza rinunciare allo stile.<\/p>","protected":false},"featured_media":12827,"comment_status":"closed","ping_status":"closed","template":"","meta":[],"product_brand":[],"product_cat":[390,71],"product_tag":[],"discount-clusters":[397],"collezioni":[],"eco-friendly":[328],"animal-type":[272],"designer":[278],"stagionalita":[114],"class_list":{"0":"post-12775","1":"product","2":"type-product","3":"status-publish","4":"has-post-thumbnail","6":"product_cat-outlet","7":"product_cat-abbigliamento","8":"discount-clusters-397","9":"eco-friendly-yes","10":"animal-type-cane","11":"designer-save-the-duck","12":"stagionalita-save-the-duck-x-united-pets","14":"first","15":"outofstock","16":"sale","17":"shipping-taxable","18":"purchasable","19":"product-type-variable","20":"has-default-attributes"},"_links":{"self":[{"href":"https:\/\/unitedpets.com\/fr\/wp-json\/wp\/v2\/product\/12775","targetHints":{"allow":["GET"]}}],"collection":[{"href":"https:\/\/unitedpets.com\/fr\/wp-json\/wp\/v2\/product"}],"about":[{"href":"https:\/\/unitedpets.com\/fr\/wp-json\/wp\/v2\/types\/product"}],"replies":[{"embeddable":true,"href":"https:\/\/unitedpets.com\/fr\/wp-json\/wp\/v2\/comments?post=12775"}],"wp:featuredmedia":[{"embeddable":true,"href":"https:\/\/unitedpets.com\/fr\/wp-json\/wp\/v2\/media\/12827"}],"wp:attachment":[{"href":"https:\/\/unitedpets.com\/fr\/wp-json\/wp\/v2\/media?parent=12775"}],"wp:term":[{"taxonomy":"product_brand","embeddable":true,"href":"https:\/\/unitedpets.com\/fr\/wp-json\/wp\/v2\/product_brand?post=12775"},{"taxonomy":"product_cat","embeddable":true,"href":"https:\/\/unitedpets.com\/fr\/wp-json\/wp\/v2\/product_cat?post=12775"},{"taxonomy":"product_tag","embeddable":true,"href":"https:\/\/unitedpets.com\/fr\/wp-json\/wp\/v2\/product_tag?post=12775"},{"taxonomy":"discount-clusters","embeddable":true,"href":"https:\/\/unitedpets.com\/fr\/wp-json\/wp\/v2\/discount-clusters?post=12775"},{"taxonomy":"collezioni","embeddable":true,"href":"https:\/\/unitedpets.com\/fr\/wp-json\/wp\/v2\/collezioni?post=12775"},{"taxonomy":"eco-friendly","embeddable":true,"href":"https:\/\/unitedpets.com\/fr\/wp-json\/wp\/v2\/eco-friendly?post=12775"},{"taxonomy":"animal-type","embeddable":true,"href":"https:\/\/unitedpets.com\/fr\/wp-json\/wp\/v2\/animal-type?post=12775"},{"taxonomy":"designer","embeddable":true,"href":"https:\/\/unitedpets.com\/fr\/wp-json\/wp\/v2\/designer?post=12775"},{"taxonomy":"stagionalita","embeddable":true,"href":"https:\/\/unitedpets.com\/fr\/wp-json\/wp\/v2\/stagionalita?post=12775"}],"curies":[{"name":"wp","href":"https:\/\/api.w.org\/{rel}","templated":true}]}}