{"id":13433,"date":"2025-11-27T15:47:32","date_gmt":"2025-11-27T14:47:32","guid":{"rendered":"https:\/\/unitedpets.com\/?post_type=product&#038;p=13433"},"modified":"2026-04-17T04:02:47","modified_gmt":"2026-04-17T02:02:47","slug":"bol-en-acier-pour-elizabeth","status":"publish","type":"product","link":"https:\/\/unitedpets.com\/fr\/prodotto\/ciotola-in-acciaio-per-elizabeth\/","title":{"rendered":"Bol en acier pour Elizabeth"},"content":{"rendered":"<h3>Bol en acier pour Elizabeth<\/h3>\n<p>Le bol est en acier inoxydable, d'une capacit\u00e9 de 1100 ml, con\u00e7u pour r\u00e9sister aux rayures et \u00e0 la corrosion. Il se d\u00e9tache facilement du bol sur\u00e9lev\u00e9 Elizabeth pour un nettoyage rapide et ais\u00e9.<\/p>","protected":false},"excerpt":{"rendered":"<p>La <a href=\"https:\/\/www.instagram.com\/unitedpets\/\">ciotola in acciaio<\/a> per<a href=\"https:\/\/unitedpets.com\/fr\/product-2\/bol-en-acier-pour-elizabeth\/\"> Elizabeth<\/a> \u00e8 la soluzione ideale per chi desidera un accessorio resistente igienico e pratico per l\u2019alimentazione quotidiana del proprio cane o gatto, progettata per adattarsi perfettamente alla struttura rialzata Elizabeth questa ciotola garantisce stabilit\u00e0 e comfort durante l\u2019utilizzo migliorando l\u2019esperienza del pasto e contribuendo al benessere dell\u2019animale<\/p>","protected":false},"featured_media":13435,"comment_status":"closed","ping_status":"closed","template":"","meta":[],"product_brand":[],"product_cat":[55,63,65],"product_tag":[],"discount-clusters":[],"collezioni":[],"eco-friendly":[],"animal-type":[272],"designer":[],"stagionalita":[],"class_list":{"0":"post-13433","1":"product","2":"type-product","3":"status-publish","4":"has-post-thumbnail","6":"product_cat-cane","7":"product_cat-casa","8":"product_cat-ciotole-e-accessori","9":"animal-type-cane","11":"first","12":"instock","13":"shipping-taxable","14":"purchasable","15":"product-type-simple"},"_links":{"self":[{"href":"https:\/\/unitedpets.com\/fr\/wp-json\/wp\/v2\/product\/13433","targetHints":{"allow":["GET"]}}],"collection":[{"href":"https:\/\/unitedpets.com\/fr\/wp-json\/wp\/v2\/product"}],"about":[{"href":"https:\/\/unitedpets.com\/fr\/wp-json\/wp\/v2\/types\/product"}],"replies":[{"embeddable":true,"href":"https:\/\/unitedpets.com\/fr\/wp-json\/wp\/v2\/comments?post=13433"}],"wp:featuredmedia":[{"embeddable":true,"href":"https:\/\/unitedpets.com\/fr\/wp-json\/wp\/v2\/media\/13435"}],"wp:attachment":[{"href":"https:\/\/unitedpets.com\/fr\/wp-json\/wp\/v2\/media?parent=13433"}],"wp:term":[{"taxonomy":"product_brand","embeddable":true,"href":"https:\/\/unitedpets.com\/fr\/wp-json\/wp\/v2\/product_brand?post=13433"},{"taxonomy":"product_cat","embeddable":true,"href":"https:\/\/unitedpets.com\/fr\/wp-json\/wp\/v2\/product_cat?post=13433"},{"taxonomy":"product_tag","embeddable":true,"href":"https:\/\/unitedpets.com\/fr\/wp-json\/wp\/v2\/product_tag?post=13433"},{"taxonomy":"discount-clusters","embeddable":true,"href":"https:\/\/unitedpets.com\/fr\/wp-json\/wp\/v2\/discount-clusters?post=13433"},{"taxonomy":"collezioni","embeddable":true,"href":"https:\/\/unitedpets.com\/fr\/wp-json\/wp\/v2\/collezioni?post=13433"},{"taxonomy":"eco-friendly","embeddable":true,"href":"https:\/\/unitedpets.com\/fr\/wp-json\/wp\/v2\/eco-friendly?post=13433"},{"taxonomy":"animal-type","embeddable":true,"href":"https:\/\/unitedpets.com\/fr\/wp-json\/wp\/v2\/animal-type?post=13433"},{"taxonomy":"designer","embeddable":true,"href":"https:\/\/unitedpets.com\/fr\/wp-json\/wp\/v2\/designer?post=13433"},{"taxonomy":"stagionalita","embeddable":true,"href":"https:\/\/unitedpets.com\/fr\/wp-json\/wp\/v2\/stagionalita?post=13433"}],"curies":[{"name":"wp","href":"https:\/\/api.w.org\/{rel}","templated":true}]}}