{"id":5825,"date":"2025-05-14T10:22:44","date_gmt":"2025-05-14T08:22:44","guid":{"rendered":"https:\/\/eba.hmy.temporary.site\/prodotto\/bon-ton-neon\/"},"modified":"2026-04-12T21:03:27","modified_gmt":"2026-04-12T19:03:27","slug":"neon-bon-ton","status":"publish","type":"product","link":"https:\/\/unitedpets.com\/fr\/prodotto\/bon-ton-neon\/","title":{"rendered":"Dispenser porta sacchettini per cani &#8220;Bon Ton Neon&#8221;"},"content":{"rendered":"<h3>Dispenser porta sacchettini per cani &#8220;Bon Ton Neon&#8221;<\/h3>\n<p>Distributeur de sacs hygi\u00e9niques pratique, en forme d'os ou r\u00e9vis\u00e9 pour les collections sp\u00e9ciales. Id\u00e9al pour les petits chiens, comprend un rouleau de 10 sacs biod\u00e9gradables.<\/p>","protected":false},"excerpt":{"rendered":"<p data-start=\"0\" data-end=\"360\"><a href=\"https:\/\/unitedpets.com\/fr\/product-2\/neon-bon-ton\/\">Compra ora<\/a> il dispenser porta sacchettini per cani Bon Ton neon \u00e8 un accessorio pratico e compatto, pensato per rendere pi\u00f9 semplici e organizzate le passeggiate quotidiane con il tuo cane. Il suo design iconico a forma di osso, disponibile anche in versioni dedicate a collezioni speciali, unisce funzionalit\u00e0 e stile in un formato leggero e facile da trasportare.<\/p>\n<p data-start=\"362\" data-end=\"757\">Ideale per cani di piccola taglia, il dispenser include un rotolo da 10 sacchetti biodegradabili, permettendo di avere sempre a disposizione tutto il necessario per mantenere puliti gli spazi pubblici durante le uscite. Il formato Nano \u00e8 compatto e discreto, perfetto da agganciare al guinzaglio, alla borsa o alla cintura, garantendo praticit\u00e0 e accesso rapido ai sacchetti quando necessario.<\/p>\n<p data-start=\"759\" data-end=\"956\" data-is-last-node=\"\" data-is-only-node=\"\">Pratico, leggero e funzionale, il dispenser Bon Ton neon \u00e8 l\u2019accessorio ideale per chi cerca una soluzione comoda e dal design originale per accompagnare ogni passeggiata con il proprio cane.<\/p>","protected":false},"featured_media":7178,"comment_status":"closed","ping_status":"closed","template":"","meta":[],"product_brand":[],"product_cat":[55,19,62],"product_tag":[],"discount-clusters":[],"collezioni":[333],"eco-friendly":[328],"animal-type":[272],"designer":[307],"stagionalita":[],"class_list":{"0":"post-5825","1":"product","2":"type-product","3":"status-publish","4":"has-post-thumbnail","6":"product_cat-cane","7":"product_cat-passeggio","8":"product_cat-porta-sacchetti","9":"collezioni-ld","10":"eco-friendly-yes","11":"animal-type-cane","12":"designer-ilaria-gibertini-e-miriam-mirri","14":"first","15":"outofstock","16":"shipping-taxable","17":"purchasable","18":"product-type-variable","19":"has-default-attributes"},"_links":{"self":[{"href":"https:\/\/unitedpets.com\/fr\/wp-json\/wp\/v2\/product\/5825","targetHints":{"allow":["GET"]}}],"collection":[{"href":"https:\/\/unitedpets.com\/fr\/wp-json\/wp\/v2\/product"}],"about":[{"href":"https:\/\/unitedpets.com\/fr\/wp-json\/wp\/v2\/types\/product"}],"replies":[{"embeddable":true,"href":"https:\/\/unitedpets.com\/fr\/wp-json\/wp\/v2\/comments?post=5825"}],"wp:featuredmedia":[{"embeddable":true,"href":"https:\/\/unitedpets.com\/fr\/wp-json\/wp\/v2\/media\/7178"}],"wp:attachment":[{"href":"https:\/\/unitedpets.com\/fr\/wp-json\/wp\/v2\/media?parent=5825"}],"wp:term":[{"taxonomy":"product_brand","embeddable":true,"href":"https:\/\/unitedpets.com\/fr\/wp-json\/wp\/v2\/product_brand?post=5825"},{"taxonomy":"product_cat","embeddable":true,"href":"https:\/\/unitedpets.com\/fr\/wp-json\/wp\/v2\/product_cat?post=5825"},{"taxonomy":"product_tag","embeddable":true,"href":"https:\/\/unitedpets.com\/fr\/wp-json\/wp\/v2\/product_tag?post=5825"},{"taxonomy":"discount-clusters","embeddable":true,"href":"https:\/\/unitedpets.com\/fr\/wp-json\/wp\/v2\/discount-clusters?post=5825"},{"taxonomy":"collezioni","embeddable":true,"href":"https:\/\/unitedpets.com\/fr\/wp-json\/wp\/v2\/collezioni?post=5825"},{"taxonomy":"eco-friendly","embeddable":true,"href":"https:\/\/unitedpets.com\/fr\/wp-json\/wp\/v2\/eco-friendly?post=5825"},{"taxonomy":"animal-type","embeddable":true,"href":"https:\/\/unitedpets.com\/fr\/wp-json\/wp\/v2\/animal-type?post=5825"},{"taxonomy":"designer","embeddable":true,"href":"https:\/\/unitedpets.com\/fr\/wp-json\/wp\/v2\/designer?post=5825"},{"taxonomy":"stagionalita","embeddable":true,"href":"https:\/\/unitedpets.com\/fr\/wp-json\/wp\/v2\/stagionalita?post=5825"}],"curies":[{"name":"wp","href":"https:\/\/api.w.org\/{rel}","templated":true}]}}