{"id":5871,"date":"2025-05-14T10:23:43","date_gmt":"2025-05-14T08:23:43","guid":{"rendered":"https:\/\/eba.hmy.temporary.site\/prodotto\/capsule-collection-bull\/"},"modified":"2026-04-14T14:03:38","modified_gmt":"2026-04-14T12:03:38","slug":"collection-capsule-de-taureaux","status":"publish","type":"product","link":"https:\/\/unitedpets.com\/fr\/prodotto\/capsule-collection-bull\/","title":{"rendered":"Sweat pour chiens \u201cBull\u201d"},"content":{"rendered":"<h3>Capsule Collection &#8211; &#8220;Bull&#8221; felpa per cani<\/h3>\n<p>Capuches douces et bien ajust\u00e9es. Id\u00e9al pour prot\u00e9ger votre chien du froid pr\u00e9coce gr\u00e2ce \u00e0 l'int\u00e9rieur en polaire douce et chaude. En coton et \u00e9lasthanne.<\/p>","protected":false},"excerpt":{"rendered":"<p data-start=\"48\" data-end=\"371\"><a href=\"https:\/\/unitedpets.com\/fr\/product-2\/collection-capsule-de-taureaux\/?attribute_pa_colore=nero-blu&amp;attribute_pa_taglia=30\">Acquista ora!<\/a> La felpa per cani Bull della Capsule Collection \u00e8 una morbida felpa con cappuccio pensata per offrire al tuo cane comfort, calore e uno stile moderno. Grazie alla sua ottima vestibilit\u00e0, si adatta facilmente alla corporatura del cane, garantendo libert\u00e0 di movimento durante le passeggiate e i momenti di gioco.<\/p>\n<p data-start=\"373\" data-end=\"608\">Questa felpa \u00e8 ideale per proteggere il tuo amico a quattro zampe dai primi freddi. L\u2019interno morbido e felpato aiuta a mantenere il corpo caldo, offrendo una piacevole sensazione di comfort nelle giornate pi\u00f9 fresche.<\/p>\n<p data-start=\"610\" data-end=\"977\" data-is-last-node=\"\" data-is-only-node=\"\">Realizzata in cotone ed elastan, Bull assicura morbidezza, traspirabilit\u00e0 ed elasticit\u00e0, permettendo al capo di adattarsi perfettamente ai movimenti del cane. Il cappuccio aggiunge un tocco di stile sportivo, rendendo questa felpa per cani pratica, comoda e perfetta per completare il look del tuo cane con un capo caldo e confortevole.<\/p>","protected":false},"featured_media":7225,"comment_status":"closed","ping_status":"closed","template":"","meta":[],"product_brand":[],"product_cat":[390,71],"product_tag":[],"discount-clusters":[387],"collezioni":[333],"eco-friendly":[],"animal-type":[272],"designer":[277],"stagionalita":[],"class_list":{"0":"post-5871","1":"product","2":"type-product","3":"status-publish","4":"has-post-thumbnail","6":"product_cat-outlet","7":"product_cat-abbigliamento","8":"discount-clusters-387","9":"collezioni-ld","10":"animal-type-cane","11":"designer-gianfranco-primiceri","13":"first","14":"outofstock","15":"sale","16":"shipping-taxable","17":"purchasable","18":"product-type-variable","19":"has-default-attributes"},"_links":{"self":[{"href":"https:\/\/unitedpets.com\/fr\/wp-json\/wp\/v2\/product\/5871","targetHints":{"allow":["GET"]}}],"collection":[{"href":"https:\/\/unitedpets.com\/fr\/wp-json\/wp\/v2\/product"}],"about":[{"href":"https:\/\/unitedpets.com\/fr\/wp-json\/wp\/v2\/types\/product"}],"replies":[{"embeddable":true,"href":"https:\/\/unitedpets.com\/fr\/wp-json\/wp\/v2\/comments?post=5871"}],"wp:featuredmedia":[{"embeddable":true,"href":"https:\/\/unitedpets.com\/fr\/wp-json\/wp\/v2\/media\/7225"}],"wp:attachment":[{"href":"https:\/\/unitedpets.com\/fr\/wp-json\/wp\/v2\/media?parent=5871"}],"wp:term":[{"taxonomy":"product_brand","embeddable":true,"href":"https:\/\/unitedpets.com\/fr\/wp-json\/wp\/v2\/product_brand?post=5871"},{"taxonomy":"product_cat","embeddable":true,"href":"https:\/\/unitedpets.com\/fr\/wp-json\/wp\/v2\/product_cat?post=5871"},{"taxonomy":"product_tag","embeddable":true,"href":"https:\/\/unitedpets.com\/fr\/wp-json\/wp\/v2\/product_tag?post=5871"},{"taxonomy":"discount-clusters","embeddable":true,"href":"https:\/\/unitedpets.com\/fr\/wp-json\/wp\/v2\/discount-clusters?post=5871"},{"taxonomy":"collezioni","embeddable":true,"href":"https:\/\/unitedpets.com\/fr\/wp-json\/wp\/v2\/collezioni?post=5871"},{"taxonomy":"eco-friendly","embeddable":true,"href":"https:\/\/unitedpets.com\/fr\/wp-json\/wp\/v2\/eco-friendly?post=5871"},{"taxonomy":"animal-type","embeddable":true,"href":"https:\/\/unitedpets.com\/fr\/wp-json\/wp\/v2\/animal-type?post=5871"},{"taxonomy":"designer","embeddable":true,"href":"https:\/\/unitedpets.com\/fr\/wp-json\/wp\/v2\/designer?post=5871"},{"taxonomy":"stagionalita","embeddable":true,"href":"https:\/\/unitedpets.com\/fr\/wp-json\/wp\/v2\/stagionalita?post=5871"}],"curies":[{"name":"wp","href":"https:\/\/api.w.org\/{rel}","templated":true}]}}