{"id":5891,"date":"2025-05-14T10:23:50","date_gmt":"2025-05-14T08:23:50","guid":{"rendered":"https:\/\/eba.hmy.temporary.site\/prodotto\/car-box\/"},"modified":"2026-04-19T14:02:54","modified_gmt":"2026-04-19T12:02:54","slug":"boite-a-voitures","status":"publish","type":"product","link":"https:\/\/unitedpets.com\/fr\/prodotto\/car-box\/","title":{"rendered":"Si\u00e8ge auto pour chiens \u2013 Car Box"},"content":{"rendered":"<h3>Si\u00e8ge auto pour chiens \u2013 Car Box<\/h3>\n<p>Le Car Box est un si\u00e8ge auto pour chiens adapt\u00e9 \u00e0 toutes les voitures, avec un syst\u00e8me de fixation au si\u00e8ge et \u00e0 la ceinture de s\u00e9curit\u00e9 qui garantira \u00e0 votre animal de compagnie une stabilit\u00e9 maximale. Facilement pliable, il est dot\u00e9 de deux mousquetons de s\u00e9curit\u00e9 pour attacher le harnais du chien et d'une doublure int\u00e9rieure amovible et lavable \u00e0 la main. Il est conseill\u00e9 d'utiliser un harnais plut\u00f4t qu'un collier, afin d'\u00e9viter tout traumatisme en cas de freinage brusque. Le Car Box est fabriqu\u00e9 en tissu 100 % recycl\u00e9% \u00e0 partir de bouteilles en PET.<\/p>","protected":false},"excerpt":{"rendered":"<p><a href=\"https:\/\/unitedpets.com\/fr\/product-2\/boite-a-voitures\/\">Car Box<\/a> \u00e8 un seggiolino auto per cani adatto a qualunque auto, con un sistema di fissaggio al sedile e alla cintura di sicurezza che garantir\u00e0 al tuo pet la massima stabilit\u00e0. Facilmente richiudibile, presenta due moschettoni di sicurezza per agganciare la pettorina del cane e una fodera interna estraibile e lavabile a mano. \u00c9 consigliabile utilizzare una pettorina e non un collare, cos\u00ec da evitare eventuali traumi in caso di brusca frenata. Car box \u00e8 realizzato in tessuto riciclato al 100% da bottiglie in PET.<\/p>","protected":false},"featured_media":7244,"comment_status":"closed","ping_status":"closed","template":"","meta":[],"product_brand":[],"product_cat":[55,68,67],"product_tag":[96],"discount-clusters":[],"collezioni":[333],"eco-friendly":[328],"animal-type":[272],"designer":[302,306],"stagionalita":[116],"class_list":{"0":"post-5891","1":"product","2":"type-product","3":"status-publish","4":"has-post-thumbnail","6":"product_cat-cane","7":"product_cat-borse-e-trasportini","8":"product_cat-viaggio-e-trasporto","9":"product_tag-collab","10":"collezioni-ld","11":"eco-friendly-yes","12":"animal-type-cane","13":"designer-tucano-s-r-l","14":"designer-united-pets","15":"stagionalita-travel-collection","17":"first","18":"outofstock","19":"shipping-taxable","20":"purchasable","21":"product-type-variable","22":"has-default-attributes"},"_links":{"self":[{"href":"https:\/\/unitedpets.com\/fr\/wp-json\/wp\/v2\/product\/5891","targetHints":{"allow":["GET"]}}],"collection":[{"href":"https:\/\/unitedpets.com\/fr\/wp-json\/wp\/v2\/product"}],"about":[{"href":"https:\/\/unitedpets.com\/fr\/wp-json\/wp\/v2\/types\/product"}],"replies":[{"embeddable":true,"href":"https:\/\/unitedpets.com\/fr\/wp-json\/wp\/v2\/comments?post=5891"}],"wp:featuredmedia":[{"embeddable":true,"href":"https:\/\/unitedpets.com\/fr\/wp-json\/wp\/v2\/media\/7244"}],"wp:attachment":[{"href":"https:\/\/unitedpets.com\/fr\/wp-json\/wp\/v2\/media?parent=5891"}],"wp:term":[{"taxonomy":"product_brand","embeddable":true,"href":"https:\/\/unitedpets.com\/fr\/wp-json\/wp\/v2\/product_brand?post=5891"},{"taxonomy":"product_cat","embeddable":true,"href":"https:\/\/unitedpets.com\/fr\/wp-json\/wp\/v2\/product_cat?post=5891"},{"taxonomy":"product_tag","embeddable":true,"href":"https:\/\/unitedpets.com\/fr\/wp-json\/wp\/v2\/product_tag?post=5891"},{"taxonomy":"discount-clusters","embeddable":true,"href":"https:\/\/unitedpets.com\/fr\/wp-json\/wp\/v2\/discount-clusters?post=5891"},{"taxonomy":"collezioni","embeddable":true,"href":"https:\/\/unitedpets.com\/fr\/wp-json\/wp\/v2\/collezioni?post=5891"},{"taxonomy":"eco-friendly","embeddable":true,"href":"https:\/\/unitedpets.com\/fr\/wp-json\/wp\/v2\/eco-friendly?post=5891"},{"taxonomy":"animal-type","embeddable":true,"href":"https:\/\/unitedpets.com\/fr\/wp-json\/wp\/v2\/animal-type?post=5891"},{"taxonomy":"designer","embeddable":true,"href":"https:\/\/unitedpets.com\/fr\/wp-json\/wp\/v2\/designer?post=5891"},{"taxonomy":"stagionalita","embeddable":true,"href":"https:\/\/unitedpets.com\/fr\/wp-json\/wp\/v2\/stagionalita?post=5891"}],"curies":[{"name":"wp","href":"https:\/\/api.w.org\/{rel}","templated":true}]}}