{"id":5894,"date":"2025-05-14T10:23:53","date_gmt":"2025-05-14T08:23:53","guid":{"rendered":"https:\/\/eba.hmy.temporary.site\/prodotto\/car-mat\/"},"modified":"2026-04-17T05:03:09","modified_gmt":"2026-04-17T03:03:09","slug":"tapis-de-voiture","status":"publish","type":"product","link":"https:\/\/unitedpets.com\/fr\/prodotto\/car-mat\/","title":{"rendered":"Coprisedile auto per cani &#8220;Car Mat&#8221;"},"content":{"rendered":"<h3>Coprisedile auto per cani &#8220;Car Mat&#8221;<\/h3>\n<p>Fini les poils dans la voiture gr\u00e2ce au tapis de voiture pour chiens, une housse universelle pratique disponible en deux tailles : pour les si\u00e8ges simples et pour les si\u00e8ges doubles et les coffres. Elle comporte des attaches r\u00e9glables, du velcro dans les coins et un l\u00e9ger rembourrage pour un si\u00e8ge plus doux et plus stable pour votre animal de compagnie. Fabriqu\u00e9e en tissu 100% recycl\u00e9 \u00e0 partir de bouteilles PET.<\/p>","protected":false},"excerpt":{"rendered":"<p><a href=\"https:\/\/unitedpets.com\/fr\/product-2\/tapis-de-voiture\/\">Acquista ora la Car Mat<\/a> e non avrai pi\u00f9 peli in auto grazie al coprisedile auto per cani Car Mat per cani, una pratica copertura universale disponibile in due dimensioni: per sedili singoli e per sedili doppi e bauli. Presenta lacci regolabili, velcro sugli angoli e una leggera imbottitura per una seduta pi\u00f9 morbida e stabie per il tuo pet. Realizzato in tessuto riciclato al 100% da bottiglie in PET.<\/p>","protected":false},"featured_media":7254,"comment_status":"closed","ping_status":"closed","template":"","meta":[],"product_brand":[],"product_cat":[55,68,67],"product_tag":[96],"discount-clusters":[],"collezioni":[],"eco-friendly":[328],"animal-type":[272],"designer":[],"stagionalita":[116],"class_list":{"0":"post-5894","1":"product","2":"type-product","3":"status-publish","4":"has-post-thumbnail","6":"product_cat-cane","7":"product_cat-borse-e-trasportini","8":"product_cat-viaggio-e-trasporto","9":"product_tag-collab","10":"eco-friendly-yes","11":"animal-type-cane","12":"stagionalita-travel-collection","14":"first","15":"outofstock","16":"shipping-taxable","17":"purchasable","18":"product-type-variable","19":"has-default-attributes"},"_links":{"self":[{"href":"https:\/\/unitedpets.com\/fr\/wp-json\/wp\/v2\/product\/5894","targetHints":{"allow":["GET"]}}],"collection":[{"href":"https:\/\/unitedpets.com\/fr\/wp-json\/wp\/v2\/product"}],"about":[{"href":"https:\/\/unitedpets.com\/fr\/wp-json\/wp\/v2\/types\/product"}],"replies":[{"embeddable":true,"href":"https:\/\/unitedpets.com\/fr\/wp-json\/wp\/v2\/comments?post=5894"}],"wp:featuredmedia":[{"embeddable":true,"href":"https:\/\/unitedpets.com\/fr\/wp-json\/wp\/v2\/media\/7254"}],"wp:attachment":[{"href":"https:\/\/unitedpets.com\/fr\/wp-json\/wp\/v2\/media?parent=5894"}],"wp:term":[{"taxonomy":"product_brand","embeddable":true,"href":"https:\/\/unitedpets.com\/fr\/wp-json\/wp\/v2\/product_brand?post=5894"},{"taxonomy":"product_cat","embeddable":true,"href":"https:\/\/unitedpets.com\/fr\/wp-json\/wp\/v2\/product_cat?post=5894"},{"taxonomy":"product_tag","embeddable":true,"href":"https:\/\/unitedpets.com\/fr\/wp-json\/wp\/v2\/product_tag?post=5894"},{"taxonomy":"discount-clusters","embeddable":true,"href":"https:\/\/unitedpets.com\/fr\/wp-json\/wp\/v2\/discount-clusters?post=5894"},{"taxonomy":"collezioni","embeddable":true,"href":"https:\/\/unitedpets.com\/fr\/wp-json\/wp\/v2\/collezioni?post=5894"},{"taxonomy":"eco-friendly","embeddable":true,"href":"https:\/\/unitedpets.com\/fr\/wp-json\/wp\/v2\/eco-friendly?post=5894"},{"taxonomy":"animal-type","embeddable":true,"href":"https:\/\/unitedpets.com\/fr\/wp-json\/wp\/v2\/animal-type?post=5894"},{"taxonomy":"designer","embeddable":true,"href":"https:\/\/unitedpets.com\/fr\/wp-json\/wp\/v2\/designer?post=5894"},{"taxonomy":"stagionalita","embeddable":true,"href":"https:\/\/unitedpets.com\/fr\/wp-json\/wp\/v2\/stagionalita?post=5894"}],"curies":[{"name":"wp","href":"https:\/\/api.w.org\/{rel}","templated":true}]}}