{"id":6041,"date":"2025-05-14T10:28:24","date_gmt":"2025-05-14T08:28:24","guid":{"rendered":"https:\/\/eba.hmy.temporary.site\/prodotto\/complete-me-pettorina-camouflage\/"},"modified":"2026-04-15T01:03:34","modified_gmt":"2026-04-14T23:03:34","slug":"complete-me-camouflage-bib","status":"publish","type":"product","link":"https:\/\/unitedpets.com\/fr\/prodotto\/complete-me-pettorina-camouflage\/","title":{"rendered":"Complete Me &#8211; Pettorina Camouflage"},"content":{"rendered":"<h3>Complete Me &#8211; Pettorina Camouflage<\/h3>\n<p>Bavette r\u00e9glable en nylon doux, avec de petites pi\u00e8ces en acier inoxydable, avec un grand souci du d\u00e9tail. \u00c9quip\u00e9 de Velcro pour attacher de jolis patchs et facile \u00e0 enfiler gr\u00e2ce \u00e0 l'attache \u00e0 clip. Cr\u00e9ez votre propre ensemble d'accessoires ! La ligne Complete Me se compose d'un collier, d'une laisse, d'un harnais, d'un distributeur, d'un twilly et d'\u00e9cussons d\u00e9coratifs. Choisissez votre motif pr\u00e9f\u00e9r\u00e9 ou combinez les diff\u00e9rents motifs pour exprimer votre style et celui de votre animal.<\/p>","protected":false},"excerpt":{"rendered":"<p>Complete Me - Le bavoir \u201cCamouflage\u201d est r\u00e9glable et fabriqu\u00e9 en nylon souple, avec des accessoires en acier inoxydable finis avec une grande attention aux d\u00e9tails. Facile \u00e0 enfiler gr\u00e2ce \u00e0 la fermeture \u00e0 clip pratique, il est \u00e9quip\u00e9 de velcro pour attacher de jolis patchs d\u00e9coratifs. Cr\u00e9ez votre propre ensemble d'accessoires personnalis\u00e9s avec Complete Me - Harnais \u201cCamouflage\u201d : la ligne Complete Me comprend collier, laisse, harnais, distributeur, twilly et \u00e9cussons d\u00e9coratifs. Choisissez le motif qui vous repr\u00e9sente le mieux ou combinez diff\u00e9rents motifs pour exprimer au mieux votre style et celui de votre animal.<\/p>","protected":false},"featured_media":7881,"comment_status":"closed","ping_status":"closed","template":"","meta":[],"product_brand":[],"product_cat":[390],"product_tag":[],"discount-clusters":[387],"collezioni":[332,333],"eco-friendly":[],"animal-type":[272],"designer":[277],"stagionalita":[],"class_list":{"0":"post-6041","1":"product","2":"type-product","3":"status-publish","4":"has-post-thumbnail","6":"product_cat-outlet","7":"discount-clusters-387","8":"collezioni-gcm","9":"collezioni-ld","10":"animal-type-cane","11":"designer-gianfranco-primiceri","13":"first","14":"outofstock","15":"sale","16":"shipping-taxable","17":"purchasable","18":"product-type-variable","19":"has-default-attributes"},"_links":{"self":[{"href":"https:\/\/unitedpets.com\/fr\/wp-json\/wp\/v2\/product\/6041","targetHints":{"allow":["GET"]}}],"collection":[{"href":"https:\/\/unitedpets.com\/fr\/wp-json\/wp\/v2\/product"}],"about":[{"href":"https:\/\/unitedpets.com\/fr\/wp-json\/wp\/v2\/types\/product"}],"replies":[{"embeddable":true,"href":"https:\/\/unitedpets.com\/fr\/wp-json\/wp\/v2\/comments?post=6041"}],"wp:featuredmedia":[{"embeddable":true,"href":"https:\/\/unitedpets.com\/fr\/wp-json\/wp\/v2\/media\/7881"}],"wp:attachment":[{"href":"https:\/\/unitedpets.com\/fr\/wp-json\/wp\/v2\/media?parent=6041"}],"wp:term":[{"taxonomy":"product_brand","embeddable":true,"href":"https:\/\/unitedpets.com\/fr\/wp-json\/wp\/v2\/product_brand?post=6041"},{"taxonomy":"product_cat","embeddable":true,"href":"https:\/\/unitedpets.com\/fr\/wp-json\/wp\/v2\/product_cat?post=6041"},{"taxonomy":"product_tag","embeddable":true,"href":"https:\/\/unitedpets.com\/fr\/wp-json\/wp\/v2\/product_tag?post=6041"},{"taxonomy":"discount-clusters","embeddable":true,"href":"https:\/\/unitedpets.com\/fr\/wp-json\/wp\/v2\/discount-clusters?post=6041"},{"taxonomy":"collezioni","embeddable":true,"href":"https:\/\/unitedpets.com\/fr\/wp-json\/wp\/v2\/collezioni?post=6041"},{"taxonomy":"eco-friendly","embeddable":true,"href":"https:\/\/unitedpets.com\/fr\/wp-json\/wp\/v2\/eco-friendly?post=6041"},{"taxonomy":"animal-type","embeddable":true,"href":"https:\/\/unitedpets.com\/fr\/wp-json\/wp\/v2\/animal-type?post=6041"},{"taxonomy":"designer","embeddable":true,"href":"https:\/\/unitedpets.com\/fr\/wp-json\/wp\/v2\/designer?post=6041"},{"taxonomy":"stagionalita","embeddable":true,"href":"https:\/\/unitedpets.com\/fr\/wp-json\/wp\/v2\/stagionalita?post=6041"}],"curies":[{"name":"wp","href":"https:\/\/api.w.org\/{rel}","templated":true}]}}