{"id":6092,"date":"2025-05-14T10:28:37","date_gmt":"2025-05-14T08:28:37","guid":{"rendered":"https:\/\/eba.hmy.temporary.site\/prodotto\/complete-me-collare-forever\/"},"modified":"2026-04-15T17:03:40","modified_gmt":"2026-04-15T15:03:40","slug":"complete-mon-collier-pour-toujours","status":"publish","type":"product","link":"https:\/\/unitedpets.com\/fr\/prodotto\/complete-me-collare-forever\/","title":{"rendered":"Complete Me - Collier"},"content":{"rendered":"<h3>Complete Me - Collier<\/h3>\n<p>Collier r\u00e9glable en nylon souple, agr\u00e9ment\u00e9 de petites pi\u00e8ces en acier inoxydable avec un grand souci du d\u00e9tail. Un clip pratique permet de les porter facilement. Cr\u00e9ez votre propre ensemble d'accessoires ! La ligne Complete Me se compose d'un collier, d'une laisse, d'un harnais, d'un distributeur, d'un twilly et d'\u00e9cussons d\u00e9coratifs. Choisissez votre motif pr\u00e9f\u00e9r\u00e9 ou combinez les diff\u00e9rents motifs pour exprimer votre style et celui de votre animal.<\/p>","protected":false},"excerpt":{"rendered":"<p>Complete Me Collare regolabile in morbido nylon, impreziositi da minuterie inossidabili curate nel dettaglio. Una comoda chiusura a clip li rende facili da indossare. Crea il tuo set di accessori personalizzati con Complete Me &#8211; Collare! La linea Complete Me si compone di collare, guinzaglio, pettorina, dispenser, twilly e patch decorative. Scegli la tua fantasia preferita o combina i diversi pattern per esprimere il tuo stile e quello del tuo pet.<\/p>","protected":false},"featured_media":7921,"comment_status":"closed","ping_status":"closed","template":"","meta":[],"product_brand":[],"product_cat":[390],"product_tag":[],"discount-clusters":[387],"collezioni":[332,333],"eco-friendly":[],"animal-type":[272],"designer":[277],"stagionalita":[],"class_list":{"0":"post-6092","1":"product","2":"type-product","3":"status-publish","4":"has-post-thumbnail","6":"product_cat-outlet","7":"discount-clusters-387","8":"collezioni-gcm","9":"collezioni-ld","10":"animal-type-cane","11":"designer-gianfranco-primiceri","13":"first","14":"outofstock","15":"sale","16":"shipping-taxable","17":"purchasable","18":"product-type-variable","19":"has-default-attributes"},"_links":{"self":[{"href":"https:\/\/unitedpets.com\/fr\/wp-json\/wp\/v2\/product\/6092","targetHints":{"allow":["GET"]}}],"collection":[{"href":"https:\/\/unitedpets.com\/fr\/wp-json\/wp\/v2\/product"}],"about":[{"href":"https:\/\/unitedpets.com\/fr\/wp-json\/wp\/v2\/types\/product"}],"replies":[{"embeddable":true,"href":"https:\/\/unitedpets.com\/fr\/wp-json\/wp\/v2\/comments?post=6092"}],"wp:featuredmedia":[{"embeddable":true,"href":"https:\/\/unitedpets.com\/fr\/wp-json\/wp\/v2\/media\/7921"}],"wp:attachment":[{"href":"https:\/\/unitedpets.com\/fr\/wp-json\/wp\/v2\/media?parent=6092"}],"wp:term":[{"taxonomy":"product_brand","embeddable":true,"href":"https:\/\/unitedpets.com\/fr\/wp-json\/wp\/v2\/product_brand?post=6092"},{"taxonomy":"product_cat","embeddable":true,"href":"https:\/\/unitedpets.com\/fr\/wp-json\/wp\/v2\/product_cat?post=6092"},{"taxonomy":"product_tag","embeddable":true,"href":"https:\/\/unitedpets.com\/fr\/wp-json\/wp\/v2\/product_tag?post=6092"},{"taxonomy":"discount-clusters","embeddable":true,"href":"https:\/\/unitedpets.com\/fr\/wp-json\/wp\/v2\/discount-clusters?post=6092"},{"taxonomy":"collezioni","embeddable":true,"href":"https:\/\/unitedpets.com\/fr\/wp-json\/wp\/v2\/collezioni?post=6092"},{"taxonomy":"eco-friendly","embeddable":true,"href":"https:\/\/unitedpets.com\/fr\/wp-json\/wp\/v2\/eco-friendly?post=6092"},{"taxonomy":"animal-type","embeddable":true,"href":"https:\/\/unitedpets.com\/fr\/wp-json\/wp\/v2\/animal-type?post=6092"},{"taxonomy":"designer","embeddable":true,"href":"https:\/\/unitedpets.com\/fr\/wp-json\/wp\/v2\/designer?post=6092"},{"taxonomy":"stagionalita","embeddable":true,"href":"https:\/\/unitedpets.com\/fr\/wp-json\/wp\/v2\/stagionalita?post=6092"}],"curies":[{"name":"wp","href":"https:\/\/api.w.org\/{rel}","templated":true}]}}