{"id":6190,"date":"2025-05-14T10:29:20","date_gmt":"2025-05-14T08:29:20","guid":{"rendered":"https:\/\/eba.hmy.temporary.site\/prodotto\/complete-me-dispenser-catene-argento\/"},"modified":"2026-04-16T21:03:20","modified_gmt":"2026-04-16T19:03:20","slug":"distributeur-complete-me-chaines-argentees","status":"publish","type":"product","link":"https:\/\/unitedpets.com\/fr\/prodotto\/complete-me-dispenser-catene-argento\/","title":{"rendered":"Complete Me &#8211; Dispenser Catene argento"},"content":{"rendered":"<p>Distributeur de sacs hygi\u00e9niques avec mousqueton pratique et \u00e9quip\u00e9 de velcro pour attacher de jolis patchs. Contient 2 rouleaux de 10 sacs biod\u00e9gradables, faciles \u00e0 changer gr\u00e2ce \u00e0 la fermeture \u00e9clair. Les deux tailles de recharge Nano et Regular conviennent. Cr\u00e9ez votre propre ensemble d'accessoires ! La ligne Complete Me se compose d'un collier, d'une laisse, d'un harnais, d'un distributeur, d'un twilly et d'\u00e9cussons d\u00e9coratifs. Choisissez votre motif pr\u00e9f\u00e9r\u00e9 ou combinez les diff\u00e9rents motifs pour exprimer votre style et celui de votre animal.<\/p>","protected":false},"excerpt":{"rendered":"<p>Dispenser &#8220;Catene argento&#8221; \u00e8 un dispenser di sacchettini igienici con pratico moschettone e dotato di velcro per l\u2019applicazione di simpatiche patch. Contiene 2 rotolini da 10 sacchetti biodegradabili, facile da cambiare grazie alla chiusura a zip. Sono adatti entrambi i formati refill Nano e Regular. Crea il tuo set di accessori personalizzato! La linea Complete Me si compone di collare, guinzaglio, pettorina, dispenser, twilly e patch decorative. Scegli la tua fantasia preferita o combina i diversi pattern per esprimere il tuo stile e quello del tuo pet con il dispenser &#8220;Catene argento&#8221;.<\/p>","protected":false},"featured_media":8340,"comment_status":"closed","ping_status":"closed","template":"","meta":[],"product_brand":[],"product_cat":[390],"product_tag":[],"discount-clusters":[387],"collezioni":[332,333],"eco-friendly":[],"animal-type":[272],"designer":[277],"stagionalita":[],"class_list":{"0":"post-6190","1":"product","2":"type-product","3":"status-publish","4":"has-post-thumbnail","6":"product_cat-outlet","7":"discount-clusters-387","8":"collezioni-gcm","9":"collezioni-ld","10":"animal-type-cane","11":"designer-gianfranco-primiceri","13":"first","14":"outofstock","15":"sale","16":"shipping-taxable","17":"purchasable","18":"product-type-variable","19":"has-default-attributes"},"_links":{"self":[{"href":"https:\/\/unitedpets.com\/fr\/wp-json\/wp\/v2\/product\/6190","targetHints":{"allow":["GET"]}}],"collection":[{"href":"https:\/\/unitedpets.com\/fr\/wp-json\/wp\/v2\/product"}],"about":[{"href":"https:\/\/unitedpets.com\/fr\/wp-json\/wp\/v2\/types\/product"}],"replies":[{"embeddable":true,"href":"https:\/\/unitedpets.com\/fr\/wp-json\/wp\/v2\/comments?post=6190"}],"wp:featuredmedia":[{"embeddable":true,"href":"https:\/\/unitedpets.com\/fr\/wp-json\/wp\/v2\/media\/8340"}],"wp:attachment":[{"href":"https:\/\/unitedpets.com\/fr\/wp-json\/wp\/v2\/media?parent=6190"}],"wp:term":[{"taxonomy":"product_brand","embeddable":true,"href":"https:\/\/unitedpets.com\/fr\/wp-json\/wp\/v2\/product_brand?post=6190"},{"taxonomy":"product_cat","embeddable":true,"href":"https:\/\/unitedpets.com\/fr\/wp-json\/wp\/v2\/product_cat?post=6190"},{"taxonomy":"product_tag","embeddable":true,"href":"https:\/\/unitedpets.com\/fr\/wp-json\/wp\/v2\/product_tag?post=6190"},{"taxonomy":"discount-clusters","embeddable":true,"href":"https:\/\/unitedpets.com\/fr\/wp-json\/wp\/v2\/discount-clusters?post=6190"},{"taxonomy":"collezioni","embeddable":true,"href":"https:\/\/unitedpets.com\/fr\/wp-json\/wp\/v2\/collezioni?post=6190"},{"taxonomy":"eco-friendly","embeddable":true,"href":"https:\/\/unitedpets.com\/fr\/wp-json\/wp\/v2\/eco-friendly?post=6190"},{"taxonomy":"animal-type","embeddable":true,"href":"https:\/\/unitedpets.com\/fr\/wp-json\/wp\/v2\/animal-type?post=6190"},{"taxonomy":"designer","embeddable":true,"href":"https:\/\/unitedpets.com\/fr\/wp-json\/wp\/v2\/designer?post=6190"},{"taxonomy":"stagionalita","embeddable":true,"href":"https:\/\/unitedpets.com\/fr\/wp-json\/wp\/v2\/stagionalita?post=6190"}],"curies":[{"name":"wp","href":"https:\/\/api.w.org\/{rel}","templated":true}]}}