{"id":6242,"date":"2025-05-14T10:29:37","date_gmt":"2025-05-14T08:29:37","guid":{"rendered":"https:\/\/eba.hmy.temporary.site\/prodotto\/complete-me-twilly-catene-argento\/"},"modified":"2026-04-30T11:02:54","modified_gmt":"2026-04-30T09:02:54","slug":"complete-me-twilly-chains-silver","status":"publish","type":"product","link":"https:\/\/unitedpets.com\/fr\/prodotto\/complete-me-twilly-catene-argento\/","title":{"rendered":"Accessoire d\u00e9coratif multifonction \u201cTwilly Cha\u00eenes argent\u201d \u2013 Complete Me"},"content":{"rendered":"<h3>Accessoire d\u00e9coratif multifonction \u201cTwilly Cha\u00eenes argent\u201d \u2013 Complete Me<\/h3>\n<p>Accessoire d\u00e9coratif polyvalent en tissu, parfait pour ajouter une touche glamour au look et \u00e0 la parure de votre animal de compagnie. Cr\u00e9ez votre propre set d'accessoires personnalis\u00e9 ! La ligne Complete Me se compose d'un collier, d'une laisse, d'un harnais, d'un distributeur, d'un twilly et de patchs d\u00e9coratifs. Choisissez votre motif pr\u00e9f\u00e9r\u00e9 ou combinez-en plusieurs pour exprimer votre style et celui de votre animal.<\/p>","protected":false},"excerpt":{"rendered":"<p data-start=\"97\" data-end=\"495\"><a href=\"https:\/\/unitedpets.com\/fr\/product-2\/complete-me-twilly-chains-silver\/+%e2%80%8e\/\">Compra ora<\/a> il Twilly Catene Argento della linea Complete Me \u00e8 un accessorio decorativo multiuso pensato per aggiungere un tocco glamour e originale al tuo look e a quello del tuo cane. Realizzato in tessuto resistente e di qualit\u00e0, questo twilly versatile pu\u00f2 essere abbinato a guinzagli, collari, pettorine e altri accessori della linea Complete Me, permettendoti di creare set coordinati e personalizzati.<\/p>\n<p data-start=\"497\" data-end=\"914\">Grazie alla possibilit\u00e0 di scegliere la fantasia preferita o di combinare diversi pattern, il Twilly Catene Argento consente di esprimere il tuo stile e quello del tuo pet in modo unico e creativo. Perfetto per valorizzare la parure del cane o per arricchire il tuo outfit, pu\u00f2 essere utilizzato come dettaglio decorativo su guinzagli, pettorine o altri accessori, aggiungendo un elemento di eleganza e personalit\u00e0.<\/p>\n<p data-start=\"916\" data-end=\"1332\">Parte della linea Complete Me, che comprende collare, guinzaglio, pettorina, dispenser, twilly e patch decorative, il Twilly Catene Argento trasforma ogni passeggiata quotidiana in un momento di stile condiviso. Pratico, versatile e alla moda, \u00e8 l\u2019accessorio ideale per chi ama coordinare i dettagli e creare set personalizzati che riflettano la propria creativit\u00e0 e quella del proprio amico a quattro zampe.<\/p>","protected":false},"featured_media":8416,"comment_status":"closed","ping_status":"closed","template":"","meta":[],"product_brand":[],"product_cat":[55,61,19],"product_tag":[],"discount-clusters":[],"collezioni":[332,333],"eco-friendly":[],"animal-type":[272],"designer":[277],"stagionalita":[],"class_list":{"0":"post-6242","1":"product","2":"type-product","3":"status-publish","4":"has-post-thumbnail","6":"product_cat-cane","7":"product_cat-collari-e-guinzagli","8":"product_cat-passeggio","9":"collezioni-gcm","10":"collezioni-ld","11":"animal-type-cane","12":"designer-gianfranco-primiceri","14":"first","15":"outofstock","16":"shipping-taxable","17":"purchasable","18":"product-type-variable","19":"has-default-attributes"},"_links":{"self":[{"href":"https:\/\/unitedpets.com\/fr\/wp-json\/wp\/v2\/product\/6242","targetHints":{"allow":["GET"]}}],"collection":[{"href":"https:\/\/unitedpets.com\/fr\/wp-json\/wp\/v2\/product"}],"about":[{"href":"https:\/\/unitedpets.com\/fr\/wp-json\/wp\/v2\/types\/product"}],"replies":[{"embeddable":true,"href":"https:\/\/unitedpets.com\/fr\/wp-json\/wp\/v2\/comments?post=6242"}],"wp:featuredmedia":[{"embeddable":true,"href":"https:\/\/unitedpets.com\/fr\/wp-json\/wp\/v2\/media\/8416"}],"wp:attachment":[{"href":"https:\/\/unitedpets.com\/fr\/wp-json\/wp\/v2\/media?parent=6242"}],"wp:term":[{"taxonomy":"product_brand","embeddable":true,"href":"https:\/\/unitedpets.com\/fr\/wp-json\/wp\/v2\/product_brand?post=6242"},{"taxonomy":"product_cat","embeddable":true,"href":"https:\/\/unitedpets.com\/fr\/wp-json\/wp\/v2\/product_cat?post=6242"},{"taxonomy":"product_tag","embeddable":true,"href":"https:\/\/unitedpets.com\/fr\/wp-json\/wp\/v2\/product_tag?post=6242"},{"taxonomy":"discount-clusters","embeddable":true,"href":"https:\/\/unitedpets.com\/fr\/wp-json\/wp\/v2\/discount-clusters?post=6242"},{"taxonomy":"collezioni","embeddable":true,"href":"https:\/\/unitedpets.com\/fr\/wp-json\/wp\/v2\/collezioni?post=6242"},{"taxonomy":"eco-friendly","embeddable":true,"href":"https:\/\/unitedpets.com\/fr\/wp-json\/wp\/v2\/eco-friendly?post=6242"},{"taxonomy":"animal-type","embeddable":true,"href":"https:\/\/unitedpets.com\/fr\/wp-json\/wp\/v2\/animal-type?post=6242"},{"taxonomy":"designer","embeddable":true,"href":"https:\/\/unitedpets.com\/fr\/wp-json\/wp\/v2\/designer?post=6242"},{"taxonomy":"stagionalita","embeddable":true,"href":"https:\/\/unitedpets.com\/fr\/wp-json\/wp\/v2\/stagionalita?post=6242"}],"curies":[{"name":"wp","href":"https:\/\/api.w.org\/{rel}","templated":true}]}}