{"id":6390,"date":"2025-05-14T10:31:55","date_gmt":"2025-05-14T08:31:55","guid":{"rendered":"https:\/\/eba.hmy.temporary.site\/prodotto\/leaf\/"},"modified":"2026-04-19T12:03:22","modified_gmt":"2026-04-19T10:03:22","slug":"feuille","status":"publish","type":"product","link":"https:\/\/unitedpets.com\/fr\/prodotto\/leaf\/","title":{"rendered":"Borraccia per Cani in silicone &#8220;leaf&#8221;"},"content":{"rendered":"<h3>Borraccia per Cani in silicone &#8220;leaf&#8221;<\/h3>\n<p>La borraccia per cani &#8220;LEAF&#8221; \u00e8 un pratico dispenser per l&#8217;acqua, in morbido silicone atossico. Si adatta ad ogni formato di bottiglia. Il tappo e la valvola anti goccia garantiscono la massima tenuta. Con bottiglia inclusa.<\/p>","protected":false},"excerpt":{"rendered":"<p data-start=\"0\" data-end=\"336\"><a href=\"https:\/\/unitedpets.com\/fr\/product-2\/feuille\/\">La borraccia per cani<\/a> in silicone Leaf \u00e8 la soluzione ideale per garantire al tuo amico a quattro zampe acqua fresca e sempre disponibile durante passeggiate viaggi ed escursioni progettata per offrire praticit\u00e0 e sicurezza questa borraccia si distingue per il suo design intelligente e versatile perfetto per ogni esigenza quotidiana<\/p>\n<p data-start=\"338\" data-end=\"626\">Realizzata in morbido silicone atossico la borraccia Leaf assicura il massimo comfort per l\u2019animale durante l\u2019utilizzo e allo stesso tempo garantisce resistenza e durata nel tempo il materiale flessibile la rende facile da utilizzare e da riporre occupando poco spazio quando non in uso<\/p>\n<p data-start=\"628\" data-end=\"965\">Uno dei punti di forza di questa borraccia per cani \u00e8 la sua compatibilit\u00e0 universale infatti pu\u00f2 essere adattata a diversi formati di bottiglia offrendo grande versatilit\u00e0 e rendendola perfetta anche come accessorio da viaggio grazie alla bottiglia inclusa \u00e8 pronta all\u2019uso in qualsiasi momento senza necessit\u00e0 di accessori aggiuntivi<\/p>\n<p data-start=\"967\" data-end=\"1216\">Il tappo ermetico e la valvola antigoccia garantiscono una tenuta ottimale evitando perdite d\u2019acqua durante il trasporto questo la rende ideale da portare in borsa o nello zaino senza preoccupazioni assicurando sempre la massima igiene e praticit\u00e0<\/p>\n<p data-start=\"1218\" data-end=\"1527\" data-is-last-node=\"\" data-is-only-node=\"\">Perfetta per chi cerca una borraccia per cani in silicone funzionale leggera e facile da utilizzare la Leaf rappresenta un accessorio indispensabile per il benessere del proprio animale combinando comodit\u00e0 sicurezza e design in un unico prodotto pensato per accompagnare ogni avventura insieme al proprio cane<\/p>","protected":false},"featured_media":8672,"comment_status":"closed","ping_status":"closed","template":"","meta":[],"product_brand":[],"product_cat":[55,63,65,19],"product_tag":[],"discount-clusters":[],"collezioni":[],"eco-friendly":[],"animal-type":[272],"designer":[317],"stagionalita":[],"class_list":{"0":"post-6390","1":"product","2":"type-product","3":"status-publish","4":"has-post-thumbnail","6":"product_cat-cane","7":"product_cat-casa","8":"product_cat-ciotole-e-accessori","9":"product_cat-passeggio","10":"animal-type-cane","11":"designer-design-libero","13":"first","14":"outofstock","15":"shipping-taxable","16":"purchasable","17":"product-type-variable","18":"has-default-attributes"},"_links":{"self":[{"href":"https:\/\/unitedpets.com\/fr\/wp-json\/wp\/v2\/product\/6390","targetHints":{"allow":["GET"]}}],"collection":[{"href":"https:\/\/unitedpets.com\/fr\/wp-json\/wp\/v2\/product"}],"about":[{"href":"https:\/\/unitedpets.com\/fr\/wp-json\/wp\/v2\/types\/product"}],"replies":[{"embeddable":true,"href":"https:\/\/unitedpets.com\/fr\/wp-json\/wp\/v2\/comments?post=6390"}],"wp:featuredmedia":[{"embeddable":true,"href":"https:\/\/unitedpets.com\/fr\/wp-json\/wp\/v2\/media\/8672"}],"wp:attachment":[{"href":"https:\/\/unitedpets.com\/fr\/wp-json\/wp\/v2\/media?parent=6390"}],"wp:term":[{"taxonomy":"product_brand","embeddable":true,"href":"https:\/\/unitedpets.com\/fr\/wp-json\/wp\/v2\/product_brand?post=6390"},{"taxonomy":"product_cat","embeddable":true,"href":"https:\/\/unitedpets.com\/fr\/wp-json\/wp\/v2\/product_cat?post=6390"},{"taxonomy":"product_tag","embeddable":true,"href":"https:\/\/unitedpets.com\/fr\/wp-json\/wp\/v2\/product_tag?post=6390"},{"taxonomy":"discount-clusters","embeddable":true,"href":"https:\/\/unitedpets.com\/fr\/wp-json\/wp\/v2\/discount-clusters?post=6390"},{"taxonomy":"collezioni","embeddable":true,"href":"https:\/\/unitedpets.com\/fr\/wp-json\/wp\/v2\/collezioni?post=6390"},{"taxonomy":"eco-friendly","embeddable":true,"href":"https:\/\/unitedpets.com\/fr\/wp-json\/wp\/v2\/eco-friendly?post=6390"},{"taxonomy":"animal-type","embeddable":true,"href":"https:\/\/unitedpets.com\/fr\/wp-json\/wp\/v2\/animal-type?post=6390"},{"taxonomy":"designer","embeddable":true,"href":"https:\/\/unitedpets.com\/fr\/wp-json\/wp\/v2\/designer?post=6390"},{"taxonomy":"stagionalita","embeddable":true,"href":"https:\/\/unitedpets.com\/fr\/wp-json\/wp\/v2\/stagionalita?post=6390"}],"curies":[{"name":"wp","href":"https:\/\/api.w.org\/{rel}","templated":true}]}}