{"id":6458,"date":"2025-05-14T10:32:53","date_gmt":"2025-05-14T08:32:53","guid":{"rendered":"https:\/\/eba.hmy.temporary.site\/prodotto\/passport-case\/"},"modified":"2026-05-02T00:04:01","modified_gmt":"2026-05-01T22:04:01","slug":"etui-a-passeport","status":"publish","type":"product","link":"https:\/\/unitedpets.com\/fr\/prodotto\/passport-case\/","title":{"rendered":"Portadocumenti libretto sanitario per animali domestici &#8220;Passport Case&#8221;"},"content":{"rendered":"<h3>Portadocumenti libretto sanitario per animali domestici &#8220;Passport Case&#8221;<\/h3>\n<p>Porte-documents pour le carnet de sant\u00e9 de votre compagnon \u00e0 quatre pattes, \u00e9quip\u00e9 d'une pochette transparente et d'une pochette en filet pour ranger tous les documents n\u00e9cessaires \u00e0 vos d\u00e9placements. Lavable \u00e0 la main et fabriqu\u00e9 \u00e0 partir de 100% de tissus recycl\u00e9s \u00e0 partir de bouteilles PET.<\/p>","protected":false},"excerpt":{"rendered":"<p data-start=\"77\" data-end=\"387\"><a href=\"https:\/\/unitedpets.com\/fr\/product-2\/etui-a-passeport\/\">Il Passport Case<\/a> \u00e8 il portadocumenti libretto sanitario pratico e compatto pensato per conservare in modo ordinato e sicuro il libretto sanitario e tutti i documenti del tuo animale domestico. Un accessorio indispensabile per chi viaggia spesso con il proprio cane o gatto e desidera avere sempre tutto a portata di mano.<\/p>\n<p data-start=\"389\" data-end=\"807\">Grazie al suo design funzionale, il portadocumenti \u00e8 dotato di una tasca trasparente, ideale per inserire il libretto sanitario o i documenti pi\u00f9 importanti, e di una pratica tasca a rete che permette di organizzare altri elementi utili come certificati, ricevute veterinarie, documenti di viaggio o appunti. In questo modo potrai tenere tutto perfettamente ordinato e facilmente accessibile quando necessario.<\/p>\n<p data-start=\"809\" data-end=\"1011\">Compatto e leggero, il Passport Case si inserisce facilmente in borsa, nello zaino o nel trasportino del tuo pet, rendendolo perfetto per viaggi, visite dal veterinario o spostamenti quotidiani.<\/p>\n<p data-start=\"1013\" data-end=\"1309\">Oltre alla praticit\u00e0, questo accessorio \u00e8 progettato con attenzione all\u2019ambiente: \u00e8 infatti realizzato in tessuto 100% riciclato ottenuto da bottiglie in PET, una scelta sostenibile che contribuisce a ridurre l\u2019impatto ambientale senza rinunciare alla qualit\u00e0 e alla resistenza del materiale.<\/p>\n<p data-start=\"1311\" data-end=\"1417\">Facile da mantenere pulito, il portadocumenti \u00e8 lavabile a mano, garantendo igiene e durata nel tempo.<\/p>","protected":false},"featured_media":8955,"comment_status":"closed","ping_status":"closed","template":"","meta":[],"product_brand":[],"product_cat":[55,68,67],"product_tag":[96],"discount-clusters":[],"collezioni":[333],"eco-friendly":[328],"animal-type":[272],"designer":[302,306],"stagionalita":[116],"class_list":{"0":"post-6458","1":"product","2":"type-product","3":"status-publish","4":"has-post-thumbnail","6":"product_cat-cane","7":"product_cat-borse-e-trasportini","8":"product_cat-viaggio-e-trasporto","9":"product_tag-collab","10":"collezioni-ld","11":"eco-friendly-yes","12":"animal-type-cane","13":"designer-tucano-s-r-l","14":"designer-united-pets","15":"stagionalita-travel-collection","17":"first","18":"outofstock","19":"shipping-taxable","20":"purchasable","21":"product-type-variable","22":"has-default-attributes"},"_links":{"self":[{"href":"https:\/\/unitedpets.com\/fr\/wp-json\/wp\/v2\/product\/6458","targetHints":{"allow":["GET"]}}],"collection":[{"href":"https:\/\/unitedpets.com\/fr\/wp-json\/wp\/v2\/product"}],"about":[{"href":"https:\/\/unitedpets.com\/fr\/wp-json\/wp\/v2\/types\/product"}],"replies":[{"embeddable":true,"href":"https:\/\/unitedpets.com\/fr\/wp-json\/wp\/v2\/comments?post=6458"}],"wp:featuredmedia":[{"embeddable":true,"href":"https:\/\/unitedpets.com\/fr\/wp-json\/wp\/v2\/media\/8955"}],"wp:attachment":[{"href":"https:\/\/unitedpets.com\/fr\/wp-json\/wp\/v2\/media?parent=6458"}],"wp:term":[{"taxonomy":"product_brand","embeddable":true,"href":"https:\/\/unitedpets.com\/fr\/wp-json\/wp\/v2\/product_brand?post=6458"},{"taxonomy":"product_cat","embeddable":true,"href":"https:\/\/unitedpets.com\/fr\/wp-json\/wp\/v2\/product_cat?post=6458"},{"taxonomy":"product_tag","embeddable":true,"href":"https:\/\/unitedpets.com\/fr\/wp-json\/wp\/v2\/product_tag?post=6458"},{"taxonomy":"discount-clusters","embeddable":true,"href":"https:\/\/unitedpets.com\/fr\/wp-json\/wp\/v2\/discount-clusters?post=6458"},{"taxonomy":"collezioni","embeddable":true,"href":"https:\/\/unitedpets.com\/fr\/wp-json\/wp\/v2\/collezioni?post=6458"},{"taxonomy":"eco-friendly","embeddable":true,"href":"https:\/\/unitedpets.com\/fr\/wp-json\/wp\/v2\/eco-friendly?post=6458"},{"taxonomy":"animal-type","embeddable":true,"href":"https:\/\/unitedpets.com\/fr\/wp-json\/wp\/v2\/animal-type?post=6458"},{"taxonomy":"designer","embeddable":true,"href":"https:\/\/unitedpets.com\/fr\/wp-json\/wp\/v2\/designer?post=6458"},{"taxonomy":"stagionalita","embeddable":true,"href":"https:\/\/unitedpets.com\/fr\/wp-json\/wp\/v2\/stagionalita?post=6458"}],"curies":[{"name":"wp","href":"https:\/\/api.w.org\/{rel}","templated":true}]}}