{"id":6477,"date":"2025-05-14T10:33:31","date_gmt":"2025-05-14T08:33:31","guid":{"rendered":"https:\/\/eba.hmy.temporary.site\/prodotto\/polar-jacket-catene-argento\/"},"modified":"2026-04-15T13:03:05","modified_gmt":"2026-04-15T11:03:05","slug":"veste-polaire-chaines-argentees","status":"publish","type":"product","link":"https:\/\/unitedpets.com\/fr\/prodotto\/polar-jacket-catene-argento\/","title":{"rendered":"Piumini leggeri per cani &#8220;Polar Jacket&#8221; &#8211; Catene argento"},"content":{"rendered":"<h3>Piumini leggeri per cani &#8220;Polar Jacket&#8221; &#8211; Catene argento<\/h3>\n<p>Doudounes l\u00e9g\u00e8res et durables inspir\u00e9es du monde du sport. Gr\u00e2ce aux deux cordons de serrage situ\u00e9s au niveau de la ceinture, elles peuvent \u00eatre resserr\u00e9es pour s'adapter \u00e0 toutes les tailles. Le col et les manches en laine douce garantissent le confort et une libert\u00e9 de mouvement maximale. Rembourrage 100% sans animaux.<\/p>","protected":false},"excerpt":{"rendered":"<p><a title=\"Acquista ora!\" href=\"https:\/\/unitedpets.com\/fr\/product-2\/veste-polaire-chaines-argentees\/?attribute_pa_colore=bianco&amp;attribute_pa_taglia=30\">Acheter <strong data-start=\"121\" data-end=\"181\">Piumini leggeri per cani &#8220;Polar Jacket&#8221; \u2013 Catene argento<\/strong>:<\/a> proteggi il tuo cane dal freddo con stile grazie ai piumini per cani Polar Jacket. Resistenti e ispirati al mondo dello sport, si adattano perfettamente a ogni taglia grazie alle due coulisse regolabili sul sottopancia. Il collo e le maniche in morbida lana assicurano massimo comfort e libert\u00e0 di movimento, mentre l\u2019imbottitura 100% animal-free mantiene il tuo cane caldo senza compromessi etici. Perfetti per passeggiate autunnali e giornate fredde, i piumini leggeri per cani Polar Jacket uniscono funzionalit\u00e0, stile e comfort: il capo ideale per prendersi cura del tuo amico a quattro zampe.<\/p>","protected":false},"featured_media":12258,"comment_status":"closed","ping_status":"closed","template":"","meta":[],"product_brand":[],"product_cat":[390,71],"product_tag":[],"discount-clusters":[387],"collezioni":[333],"eco-friendly":[],"animal-type":[272],"designer":[277],"stagionalita":[],"class_list":{"0":"post-6477","1":"product","2":"type-product","3":"status-publish","4":"has-post-thumbnail","6":"product_cat-outlet","7":"product_cat-abbigliamento","8":"discount-clusters-387","9":"collezioni-ld","10":"animal-type-cane","11":"designer-gianfranco-primiceri","13":"first","14":"outofstock","15":"sale","16":"shipping-taxable","17":"purchasable","18":"product-type-variable","19":"has-default-attributes"},"_links":{"self":[{"href":"https:\/\/unitedpets.com\/fr\/wp-json\/wp\/v2\/product\/6477","targetHints":{"allow":["GET"]}}],"collection":[{"href":"https:\/\/unitedpets.com\/fr\/wp-json\/wp\/v2\/product"}],"about":[{"href":"https:\/\/unitedpets.com\/fr\/wp-json\/wp\/v2\/types\/product"}],"replies":[{"embeddable":true,"href":"https:\/\/unitedpets.com\/fr\/wp-json\/wp\/v2\/comments?post=6477"}],"wp:featuredmedia":[{"embeddable":true,"href":"https:\/\/unitedpets.com\/fr\/wp-json\/wp\/v2\/media\/12258"}],"wp:attachment":[{"href":"https:\/\/unitedpets.com\/fr\/wp-json\/wp\/v2\/media?parent=6477"}],"wp:term":[{"taxonomy":"product_brand","embeddable":true,"href":"https:\/\/unitedpets.com\/fr\/wp-json\/wp\/v2\/product_brand?post=6477"},{"taxonomy":"product_cat","embeddable":true,"href":"https:\/\/unitedpets.com\/fr\/wp-json\/wp\/v2\/product_cat?post=6477"},{"taxonomy":"product_tag","embeddable":true,"href":"https:\/\/unitedpets.com\/fr\/wp-json\/wp\/v2\/product_tag?post=6477"},{"taxonomy":"discount-clusters","embeddable":true,"href":"https:\/\/unitedpets.com\/fr\/wp-json\/wp\/v2\/discount-clusters?post=6477"},{"taxonomy":"collezioni","embeddable":true,"href":"https:\/\/unitedpets.com\/fr\/wp-json\/wp\/v2\/collezioni?post=6477"},{"taxonomy":"eco-friendly","embeddable":true,"href":"https:\/\/unitedpets.com\/fr\/wp-json\/wp\/v2\/eco-friendly?post=6477"},{"taxonomy":"animal-type","embeddable":true,"href":"https:\/\/unitedpets.com\/fr\/wp-json\/wp\/v2\/animal-type?post=6477"},{"taxonomy":"designer","embeddable":true,"href":"https:\/\/unitedpets.com\/fr\/wp-json\/wp\/v2\/designer?post=6477"},{"taxonomy":"stagionalita","embeddable":true,"href":"https:\/\/unitedpets.com\/fr\/wp-json\/wp\/v2\/stagionalita?post=6477"}],"curies":[{"name":"wp","href":"https:\/\/api.w.org\/{rel}","templated":true}]}}