{"id":6517,"date":"2025-05-14T10:34:30","date_gmt":"2025-05-14T08:34:30","guid":{"rendered":"https:\/\/eba.hmy.temporary.site\/prodotto\/save-the-duck-dispenser-pimpi\/"},"modified":"2026-04-14T20:03:27","modified_gmt":"2026-04-14T18:03:27","slug":"distributeur-sauvez-le-canard-pimpi","status":"publish","type":"product","link":"https:\/\/unitedpets.com\/fr\/prodotto\/save-the-duck-dispenser-pimpi\/","title":{"rendered":"SAVE THE DUCK - Distributeur de Pimpi"},"content":{"rendered":"<p>Le distributeur souple Pimpi est fabriqu\u00e9 \u00e0 partir de la housse Save the Duck de GIGA. Le mat\u00e9riau, avec une finition mate, est du polyester recycl\u00e9 100%. La praticit\u00e9 de ce produit permet de l'attacher \u00e0 une laisse, un pantalon ou des cl\u00e9s.<\/p>","protected":false},"excerpt":{"rendered":"<p>Le distributeur souple Pimpi est fabriqu\u00e9 \u00e0 partir de la housse Save the Duck de GIGA. Le mat\u00e9riau, avec une finition mate, est du polyester recycl\u00e9 100%. La praticit\u00e9 de ce produit permet de l'attacher \u00e0 une laisse, un pantalon ou des cl\u00e9s.<\/p>","protected":false},"featured_media":9289,"comment_status":"closed","ping_status":"closed","template":"","meta":[],"product_brand":[],"product_cat":[390],"product_tag":[96],"discount-clusters":[397],"collezioni":[],"eco-friendly":[],"animal-type":[272],"designer":[278,306],"stagionalita":[114],"class_list":{"0":"post-6517","1":"product","2":"type-product","3":"status-publish","4":"has-post-thumbnail","6":"product_cat-outlet","7":"product_tag-collab","8":"discount-clusters-397","9":"animal-type-cane","10":"designer-save-the-duck","11":"designer-united-pets","12":"stagionalita-save-the-duck-x-united-pets","14":"first","15":"outofstock","16":"sale","17":"shipping-taxable","18":"purchasable","19":"product-type-variable","20":"has-default-attributes"},"_links":{"self":[{"href":"https:\/\/unitedpets.com\/fr\/wp-json\/wp\/v2\/product\/6517","targetHints":{"allow":["GET"]}}],"collection":[{"href":"https:\/\/unitedpets.com\/fr\/wp-json\/wp\/v2\/product"}],"about":[{"href":"https:\/\/unitedpets.com\/fr\/wp-json\/wp\/v2\/types\/product"}],"replies":[{"embeddable":true,"href":"https:\/\/unitedpets.com\/fr\/wp-json\/wp\/v2\/comments?post=6517"}],"wp:featuredmedia":[{"embeddable":true,"href":"https:\/\/unitedpets.com\/fr\/wp-json\/wp\/v2\/media\/9289"}],"wp:attachment":[{"href":"https:\/\/unitedpets.com\/fr\/wp-json\/wp\/v2\/media?parent=6517"}],"wp:term":[{"taxonomy":"product_brand","embeddable":true,"href":"https:\/\/unitedpets.com\/fr\/wp-json\/wp\/v2\/product_brand?post=6517"},{"taxonomy":"product_cat","embeddable":true,"href":"https:\/\/unitedpets.com\/fr\/wp-json\/wp\/v2\/product_cat?post=6517"},{"taxonomy":"product_tag","embeddable":true,"href":"https:\/\/unitedpets.com\/fr\/wp-json\/wp\/v2\/product_tag?post=6517"},{"taxonomy":"discount-clusters","embeddable":true,"href":"https:\/\/unitedpets.com\/fr\/wp-json\/wp\/v2\/discount-clusters?post=6517"},{"taxonomy":"collezioni","embeddable":true,"href":"https:\/\/unitedpets.com\/fr\/wp-json\/wp\/v2\/collezioni?post=6517"},{"taxonomy":"eco-friendly","embeddable":true,"href":"https:\/\/unitedpets.com\/fr\/wp-json\/wp\/v2\/eco-friendly?post=6517"},{"taxonomy":"animal-type","embeddable":true,"href":"https:\/\/unitedpets.com\/fr\/wp-json\/wp\/v2\/animal-type?post=6517"},{"taxonomy":"designer","embeddable":true,"href":"https:\/\/unitedpets.com\/fr\/wp-json\/wp\/v2\/designer?post=6517"},{"taxonomy":"stagionalita","embeddable":true,"href":"https:\/\/unitedpets.com\/fr\/wp-json\/wp\/v2\/stagionalita?post=6517"}],"curies":[{"name":"wp","href":"https:\/\/api.w.org\/{rel}","templated":true}]}}