{"id":6541,"date":"2025-05-14T10:35:27","date_gmt":"2025-05-14T08:35:27","guid":{"rendered":"https:\/\/eba.hmy.temporary.site\/prodotto\/set-vicci\/"},"modified":"2026-05-05T05:03:35","modified_gmt":"2026-05-05T03:03:35","slug":"ensembles-de-vicci","status":"publish","type":"product","link":"https:\/\/unitedpets.com\/fr\/prodotto\/set-vicci\/","title":{"rendered":"Bac \u00e0 liti\u00e8re avec pelle coordonn\u00e9e incluse \u201cSet Vicc\u00ec\u201d"},"content":{"rendered":"<h3>Bac \u00e0 liti\u00e8re avec pelle coordonn\u00e9e incluse \u201cSet Vicc\u00ec\u201d<\/h3>\n<p>Le bac \u00e0 liti\u00e8re ouvert VICC\u00cc est id\u00e9al pour contenir la liti\u00e8re du chat. Sa forme sinueuse s'int\u00e8gre parfaitement \u00e0 l'environnement domestique, apportant une touche de design \u00e0 chaque maison. Il est \u00e9quip\u00e9 de l'\u00e9cope pratique LINDA pour le nettoyage de la liti\u00e8re, compl\u00e9t\u00e9e par un support d'\u00e9cope qui lui permet de se tenir debout pour \u00e9viter de salir le sol.<\/p>","protected":false},"excerpt":{"rendered":"<p>Vaschetta igienica con paletta coordinata inclusa <a href=\"https:\/\/unitedpets.com\/fr\/product-2\/ensembles-de-vicci\/\">Set Vicc\u00ec<\/a> progettata per garantire praticit\u00e0, igiene e stile nella gestione della lettiera del tuo gatto, questo accessorio unisce funzionalit\u00e0 e design rendendo il momento della pulizia semplice e veloce, perfetto per chi desidera un prodotto efficiente senza rinunciare all\u2019estetica dell\u2019ambiente domestico<\/p>\n<p>La vaschetta Vicc\u00ec, dalla forma sinuosa e armoniosa, si integra facilmente in qualsiasi spazio della casa, offrendo un tocco di eleganza discreta mentre contiene in modo sicuro la lettiera del tuo micio, contribuendo a mantenere ordine e pulizia nell\u2019area dedicata all\u2019igiene del gatto<\/p>\n<p>Inclusa nel set, la paletta igienica Linda permette di rimuovere rapidamente i residui dalla lettiera grazie al suo design funzionale, mentre il pratico porta paletta integrato consente di mantenerla in posizione verticale dopo l\u2019uso evitando di sporcare il pavimento e garantendo un ambiente pi\u00f9 pulito e ordinato<\/p>\n<p>Realizzata con materiali resistenti e facili da pulire, la vaschetta con paletta coordinata Set Vicc\u00ec offre una soluzione completa e duratura per la gestione quotidiana della lettiera, semplificando la manutenzione e riducendo il tempo dedicato alla pulizia<\/p>\n<p>Scegliere la vaschetta igienica con paletta inclusa Set Vicc\u00ec significa unire praticit\u00e0, igiene e design in un unico accessorio, assicurando al tuo gatto un ambiente confortevole e sempre curato e offrendo al proprietario un prodotto funzionale, facile da utilizzare e perfettamente integrato negli spazi domestici<\/p>","protected":false},"featured_media":9108,"comment_status":"closed","ping_status":"closed","template":"","meta":[],"product_brand":[],"product_cat":[56,18,91],"product_tag":[],"discount-clusters":[],"collezioni":[333],"eco-friendly":[328],"animal-type":[273],"designer":[281],"stagionalita":[],"class_list":{"0":"post-6541","1":"product","2":"type-product","3":"status-publish","4":"has-post-thumbnail","6":"product_cat-gatto","7":"product_cat-igiene-gatto","8":"product_cat-vaschette-igieniche","9":"collezioni-ld","10":"eco-friendly-yes","11":"animal-type-gatto","12":"designer-ilaria-gibertini-e-giulio-iacchetti","14":"first","15":"outofstock","16":"shipping-taxable","17":"purchasable","18":"product-type-variable","19":"has-default-attributes"},"_links":{"self":[{"href":"https:\/\/unitedpets.com\/fr\/wp-json\/wp\/v2\/product\/6541","targetHints":{"allow":["GET"]}}],"collection":[{"href":"https:\/\/unitedpets.com\/fr\/wp-json\/wp\/v2\/product"}],"about":[{"href":"https:\/\/unitedpets.com\/fr\/wp-json\/wp\/v2\/types\/product"}],"replies":[{"embeddable":true,"href":"https:\/\/unitedpets.com\/fr\/wp-json\/wp\/v2\/comments?post=6541"}],"wp:featuredmedia":[{"embeddable":true,"href":"https:\/\/unitedpets.com\/fr\/wp-json\/wp\/v2\/media\/9108"}],"wp:attachment":[{"href":"https:\/\/unitedpets.com\/fr\/wp-json\/wp\/v2\/media?parent=6541"}],"wp:term":[{"taxonomy":"product_brand","embeddable":true,"href":"https:\/\/unitedpets.com\/fr\/wp-json\/wp\/v2\/product_brand?post=6541"},{"taxonomy":"product_cat","embeddable":true,"href":"https:\/\/unitedpets.com\/fr\/wp-json\/wp\/v2\/product_cat?post=6541"},{"taxonomy":"product_tag","embeddable":true,"href":"https:\/\/unitedpets.com\/fr\/wp-json\/wp\/v2\/product_tag?post=6541"},{"taxonomy":"discount-clusters","embeddable":true,"href":"https:\/\/unitedpets.com\/fr\/wp-json\/wp\/v2\/discount-clusters?post=6541"},{"taxonomy":"collezioni","embeddable":true,"href":"https:\/\/unitedpets.com\/fr\/wp-json\/wp\/v2\/collezioni?post=6541"},{"taxonomy":"eco-friendly","embeddable":true,"href":"https:\/\/unitedpets.com\/fr\/wp-json\/wp\/v2\/eco-friendly?post=6541"},{"taxonomy":"animal-type","embeddable":true,"href":"https:\/\/unitedpets.com\/fr\/wp-json\/wp\/v2\/animal-type?post=6541"},{"taxonomy":"designer","embeddable":true,"href":"https:\/\/unitedpets.com\/fr\/wp-json\/wp\/v2\/designer?post=6541"},{"taxonomy":"stagionalita","embeddable":true,"href":"https:\/\/unitedpets.com\/fr\/wp-json\/wp\/v2\/stagionalita?post=6541"}],"curies":[{"name":"wp","href":"https:\/\/api.w.org\/{rel}","templated":true}]}}