{"id":6565,"date":"2025-05-14T10:36:17","date_gmt":"2025-05-14T08:36:17","guid":{"rendered":"https:\/\/eba.hmy.temporary.site\/prodotto\/tartolo\/"},"modified":"2026-04-13T20:03:40","modified_gmt":"2026-04-13T18:03:40","slug":"tartare","status":"publish","type":"product","link":"https:\/\/unitedpets.com\/fr\/prodotto\/tartolo\/","title":{"rendered":"Couvercle de conservation pour bocaux \u201cTartolo\u201d"},"content":{"rendered":"<h3>Couvercle de conservation pour bocaux \u201cTartolo\u201d<\/h3>\n<p>Tartolo \u00e8 un pratico copri barattolo in polipropilene e gomma, adatto ai formati standard. Preserva la freschezza del cibo. E&#8217; lavabile in lavastoviglie. Barattolo non incluso.<\/p>","protected":false},"excerpt":{"rendered":"<p data-start=\"0\" data-end=\"193\">Il <a href=\"https:\/\/unitedpets.com\/fr\/product-2\/tartare\/\">copri barattolo<\/a> <strong data-start=\"19\" data-end=\"30\">Tartolo<\/strong> \u00e8 un accessorio pratico e funzionale pensato per mantenere il cibo dei tuoi animali fresco pi\u00f9 a lungo, ideale per chi vuole conservare ogni pasto senza sprechi<\/p>\n<p data-start=\"195\" data-end=\"400\">Realizzato in polipropilene e gomma, si adatta perfettamente ai barattoli di formato standard creando una chiusura sicura che preserva la freschezza del contenuto proteggendolo da polvere, aria e umidit\u00e0<\/p>\n<p data-start=\"402\" data-end=\"546\">Leggero e facile da usare, permette di coprire e scoprire il barattolo in pochi istanti rendendo la preparazione dei pasti pi\u00f9 comoda e veloce<\/p>\n<p data-start=\"548\" data-end=\"766\">\u00c8 lavabile in lavastoviglie, caratteristica che semplifica la pulizia e garantisce sempre un livello ottimale di igiene, mentre il barattolo non \u00e8 incluso e pu\u00f2 essere utilizzato con le confezioni gi\u00e0 in tuo possesso<\/p>","protected":false},"featured_media":9171,"comment_status":"closed","ping_status":"closed","template":"","meta":[],"product_brand":[],"product_cat":[55,56,63,84,65,86],"product_tag":[],"discount-clusters":[],"collezioni":[],"eco-friendly":[328],"animal-type":[272,273],"designer":[309],"stagionalita":[],"class_list":{"0":"post-6565","1":"product","2":"type-product","3":"status-publish","4":"has-post-thumbnail","6":"product_cat-cane","7":"product_cat-gatto","8":"product_cat-casa","9":"product_cat-casa-gatto","10":"product_cat-ciotole-e-accessori","11":"product_cat-ciotole-e-accessori-casa-gatto","12":"eco-friendly-yes","13":"animal-type-cane","14":"animal-type-gatto","15":"designer-shaker-design","17":"first","18":"outofstock","19":"shipping-taxable","20":"purchasable","21":"product-type-variable","22":"has-default-attributes"},"_links":{"self":[{"href":"https:\/\/unitedpets.com\/fr\/wp-json\/wp\/v2\/product\/6565","targetHints":{"allow":["GET"]}}],"collection":[{"href":"https:\/\/unitedpets.com\/fr\/wp-json\/wp\/v2\/product"}],"about":[{"href":"https:\/\/unitedpets.com\/fr\/wp-json\/wp\/v2\/types\/product"}],"replies":[{"embeddable":true,"href":"https:\/\/unitedpets.com\/fr\/wp-json\/wp\/v2\/comments?post=6565"}],"wp:featuredmedia":[{"embeddable":true,"href":"https:\/\/unitedpets.com\/fr\/wp-json\/wp\/v2\/media\/9171"}],"wp:attachment":[{"href":"https:\/\/unitedpets.com\/fr\/wp-json\/wp\/v2\/media?parent=6565"}],"wp:term":[{"taxonomy":"product_brand","embeddable":true,"href":"https:\/\/unitedpets.com\/fr\/wp-json\/wp\/v2\/product_brand?post=6565"},{"taxonomy":"product_cat","embeddable":true,"href":"https:\/\/unitedpets.com\/fr\/wp-json\/wp\/v2\/product_cat?post=6565"},{"taxonomy":"product_tag","embeddable":true,"href":"https:\/\/unitedpets.com\/fr\/wp-json\/wp\/v2\/product_tag?post=6565"},{"taxonomy":"discount-clusters","embeddable":true,"href":"https:\/\/unitedpets.com\/fr\/wp-json\/wp\/v2\/discount-clusters?post=6565"},{"taxonomy":"collezioni","embeddable":true,"href":"https:\/\/unitedpets.com\/fr\/wp-json\/wp\/v2\/collezioni?post=6565"},{"taxonomy":"eco-friendly","embeddable":true,"href":"https:\/\/unitedpets.com\/fr\/wp-json\/wp\/v2\/eco-friendly?post=6565"},{"taxonomy":"animal-type","embeddable":true,"href":"https:\/\/unitedpets.com\/fr\/wp-json\/wp\/v2\/animal-type?post=6565"},{"taxonomy":"designer","embeddable":true,"href":"https:\/\/unitedpets.com\/fr\/wp-json\/wp\/v2\/designer?post=6565"},{"taxonomy":"stagionalita","embeddable":true,"href":"https:\/\/unitedpets.com\/fr\/wp-json\/wp\/v2\/stagionalita?post=6565"}],"curies":[{"name":"wp","href":"https:\/\/api.w.org\/{rel}","templated":true}]}}