{"id":6575,"date":"2025-05-14T10:36:33","date_gmt":"2025-05-14T08:36:33","guid":{"rendered":"https:\/\/eba.hmy.temporary.site\/prodotto\/profumatore-aromastories-pink-paradise\/"},"modified":"2026-04-12T21:03:27","modified_gmt":"2026-04-12T19:03:27","slug":"aromastories-pink-paradise-parfumeur","status":"publish","type":"product","link":"https:\/\/unitedpets.com\/fr\/prodotto\/profumatore-aromastories-pink-paradise\/","title":{"rendered":"Parfum pour voiture \u201cAromaStories\u201d \u2013  Pink Paradise"},"content":{"rendered":"<h3>Parfum pour voiture \u201cAromaStories\u201d \u2013  Pink Paradise<\/h3>\n<p>La ligne Aromastories s'enrichit de parfums de voiture. Quatre personnages en 3 fragrances. Pink Paradise : notes florales, musqu\u00e9es, ros\u00e9es. Mon Amour : notes ambr\u00e9es, bois\u00e9es, sucr\u00e9es, fra\u00eeches. Green Breeze : notes de figue, florales, fruit\u00e9es, vertes. Agr\u00e9able pour nous et pour nos amis \u00e0 quatre pattes.<\/p>","protected":false},"excerpt":{"rendered":"<p><a href=\"https:\/\/unitedpets.com\/fr\/product-2\/aromastories-pink-paradise-parfumeur\/?attribute_pa_colore=arancione&amp;attribute_pa_modello=g\">Compra ora<\/a> un profumatore per auto &#8220;Aromastories&#8221; &#8211; Pink Paradise un porta in auto una fragranza fresca e piacevole con il profumatore Aromastories. La profumazione Pink Paradise con\u00a0note fiorite, muschiate, rosate e irisate, crea un ambiente rilassante e gradevole sia per te che per il tuo cane. Parte della collezione con i simpatici personaggi Aromastories, \u00e8 perfetto per rendere ogni viaggio pi\u00f9 piacevole. Scegli il tuo profumatore Aromastories e trasforma ogni spostamento in un momento di benessere.<\/p>","protected":false},"featured_media":9416,"comment_status":"closed","ping_status":"closed","template":"","meta":[],"product_brand":[],"product_cat":[55,56,22,18],"product_tag":[],"discount-clusters":[],"collezioni":[334,333],"eco-friendly":[],"animal-type":[272,273],"designer":[283],"stagionalita":[],"class_list":{"0":"post-6575","1":"product","2":"type-product","3":"status-publish","4":"has-post-thumbnail","6":"product_cat-cane","7":"product_cat-gatto","8":"product_cat-igiene","9":"product_cat-igiene-gatto","10":"collezioni-am","11":"collezioni-ld","12":"animal-type-cane","13":"animal-type-gatto","14":"designer-rumiko-takeda","16":"first","17":"instock","18":"shipping-taxable","19":"purchasable","20":"product-type-variable","21":"has-default-attributes"},"_links":{"self":[{"href":"https:\/\/unitedpets.com\/fr\/wp-json\/wp\/v2\/product\/6575","targetHints":{"allow":["GET"]}}],"collection":[{"href":"https:\/\/unitedpets.com\/fr\/wp-json\/wp\/v2\/product"}],"about":[{"href":"https:\/\/unitedpets.com\/fr\/wp-json\/wp\/v2\/types\/product"}],"replies":[{"embeddable":true,"href":"https:\/\/unitedpets.com\/fr\/wp-json\/wp\/v2\/comments?post=6575"}],"wp:featuredmedia":[{"embeddable":true,"href":"https:\/\/unitedpets.com\/fr\/wp-json\/wp\/v2\/media\/9416"}],"wp:attachment":[{"href":"https:\/\/unitedpets.com\/fr\/wp-json\/wp\/v2\/media?parent=6575"}],"wp:term":[{"taxonomy":"product_brand","embeddable":true,"href":"https:\/\/unitedpets.com\/fr\/wp-json\/wp\/v2\/product_brand?post=6575"},{"taxonomy":"product_cat","embeddable":true,"href":"https:\/\/unitedpets.com\/fr\/wp-json\/wp\/v2\/product_cat?post=6575"},{"taxonomy":"product_tag","embeddable":true,"href":"https:\/\/unitedpets.com\/fr\/wp-json\/wp\/v2\/product_tag?post=6575"},{"taxonomy":"discount-clusters","embeddable":true,"href":"https:\/\/unitedpets.com\/fr\/wp-json\/wp\/v2\/discount-clusters?post=6575"},{"taxonomy":"collezioni","embeddable":true,"href":"https:\/\/unitedpets.com\/fr\/wp-json\/wp\/v2\/collezioni?post=6575"},{"taxonomy":"eco-friendly","embeddable":true,"href":"https:\/\/unitedpets.com\/fr\/wp-json\/wp\/v2\/eco-friendly?post=6575"},{"taxonomy":"animal-type","embeddable":true,"href":"https:\/\/unitedpets.com\/fr\/wp-json\/wp\/v2\/animal-type?post=6575"},{"taxonomy":"designer","embeddable":true,"href":"https:\/\/unitedpets.com\/fr\/wp-json\/wp\/v2\/designer?post=6575"},{"taxonomy":"stagionalita","embeddable":true,"href":"https:\/\/unitedpets.com\/fr\/wp-json\/wp\/v2\/stagionalita?post=6575"}],"curies":[{"name":"wp","href":"https:\/\/api.w.org\/{rel}","templated":true}]}}