{"id":6681,"date":"2025-05-17T18:12:30","date_gmt":"2025-05-17T16:12:30","guid":{"rendered":"https:\/\/eba.hmy.temporary.site\/prodotto\/aromastories-rosicchio\/"},"modified":"2026-04-14T17:03:24","modified_gmt":"2026-04-14T15:03:24","slug":"aromastories-rongees","status":"publish","type":"product","link":"https:\/\/unitedpets.com\/fr\/prodotto\/aromastories-rosicchio\/","title":{"rendered":"Jouet en peluche avec couineur et essence apaisante AromaStories \u201cRosicchio\u201d"},"content":{"rendered":"<h3>Jouet en peluche avec couineur et essence apaisante AromaStories \u201cRosicchio\u201d<\/h3>\n<p>ROSICCHIO est un jouet en peluche con\u00e7u pour le bien-\u00eatre des animaux de compagnie, \u00e9quip\u00e9 d'un couineur qui lib\u00e8re l'essence calmante Frost. Ce jouet irr\u00e9sistible est con\u00e7u pour aider les chiens \u00e0 r\u00e9duire leur stress tout en s'amusant. Les AromaStories sont des peluches sp\u00e9cialement con\u00e7ues pour favoriser la relaxation par le jeu. Gr\u00e2ce \u00e0 une technologie brevet\u00e9e, les couineurs internes \u00e9mettent des ar\u00f4mes d'huiles essentielles th\u00e9rapeutiques 100%. Nous vous recommandons de toujours surveiller votre chien pendant l'utilisation du produit afin de garantir une exp\u00e9rience s\u00fbre.<\/p>","protected":false},"excerpt":{"rendered":"<p>il gioco in peluche <a href=\"https:\/\/unitedpets.com\/fr\/product-2\/aromastories-rongees\/\">ROSICCHIO<\/a> \u00e8 un peluche progettato per il benessere degli animali domestici, dotato di uno squeaker che rilascia l\u2019essenza calmante Frost. Questo gioco irresistibile \u00e8 studiato per aiutare i cani a ridurre lo stress mentre si divertono. Gli AromaStories sono peluche specificamente sviluppati per promuovere il rilassamento attraverso il gioco. Grazie alla tecnologia brevettata, gli squeaker interni emettono aromi di oli essenziali 100% terapeutici. Si consiglia di monitorare sempre il cane durante l\u2019utilizzo del prodotto per garantire un&#8217;esperienza sicura.<\/p>","protected":false},"featured_media":7154,"comment_status":"closed","ping_status":"closed","template":"","meta":[],"product_brand":[],"product_cat":[55,63,20],"product_tag":[],"discount-clusters":[],"collezioni":[334,333],"eco-friendly":[],"animal-type":[272],"designer":[283],"stagionalita":[],"class_list":{"0":"post-6681","1":"product","2":"type-product","3":"status-publish","4":"has-post-thumbnail","6":"product_cat-cane","7":"product_cat-casa","8":"product_cat-giochi-cane","9":"collezioni-am","10":"collezioni-ld","11":"animal-type-cane","12":"designer-rumiko-takeda","14":"first","15":"instock","16":"shipping-taxable","17":"purchasable","18":"product-type-simple"},"_links":{"self":[{"href":"https:\/\/unitedpets.com\/fr\/wp-json\/wp\/v2\/product\/6681","targetHints":{"allow":["GET"]}}],"collection":[{"href":"https:\/\/unitedpets.com\/fr\/wp-json\/wp\/v2\/product"}],"about":[{"href":"https:\/\/unitedpets.com\/fr\/wp-json\/wp\/v2\/types\/product"}],"replies":[{"embeddable":true,"href":"https:\/\/unitedpets.com\/fr\/wp-json\/wp\/v2\/comments?post=6681"}],"wp:featuredmedia":[{"embeddable":true,"href":"https:\/\/unitedpets.com\/fr\/wp-json\/wp\/v2\/media\/7154"}],"wp:attachment":[{"href":"https:\/\/unitedpets.com\/fr\/wp-json\/wp\/v2\/media?parent=6681"}],"wp:term":[{"taxonomy":"product_brand","embeddable":true,"href":"https:\/\/unitedpets.com\/fr\/wp-json\/wp\/v2\/product_brand?post=6681"},{"taxonomy":"product_cat","embeddable":true,"href":"https:\/\/unitedpets.com\/fr\/wp-json\/wp\/v2\/product_cat?post=6681"},{"taxonomy":"product_tag","embeddable":true,"href":"https:\/\/unitedpets.com\/fr\/wp-json\/wp\/v2\/product_tag?post=6681"},{"taxonomy":"discount-clusters","embeddable":true,"href":"https:\/\/unitedpets.com\/fr\/wp-json\/wp\/v2\/discount-clusters?post=6681"},{"taxonomy":"collezioni","embeddable":true,"href":"https:\/\/unitedpets.com\/fr\/wp-json\/wp\/v2\/collezioni?post=6681"},{"taxonomy":"eco-friendly","embeddable":true,"href":"https:\/\/unitedpets.com\/fr\/wp-json\/wp\/v2\/eco-friendly?post=6681"},{"taxonomy":"animal-type","embeddable":true,"href":"https:\/\/unitedpets.com\/fr\/wp-json\/wp\/v2\/animal-type?post=6681"},{"taxonomy":"designer","embeddable":true,"href":"https:\/\/unitedpets.com\/fr\/wp-json\/wp\/v2\/designer?post=6681"},{"taxonomy":"stagionalita","embeddable":true,"href":"https:\/\/unitedpets.com\/fr\/wp-json\/wp\/v2\/stagionalita?post=6681"}],"curies":[{"name":"wp","href":"https:\/\/api.w.org\/{rel}","templated":true}]}}